{"id":1255,"date":"2023-11-22T11:48:22","date_gmt":"2023-11-22T10:48:22","guid":{"rendered":"https:\/\/fenacogof.wpengine.com\/mahlgetreide\/"},"modified":"2025-11-18T13:27:35","modified_gmt":"2025-11-18T12:27:35","slug":"milling-grain","status":"publish","type":"page","link":"https:\/\/www.fenaco-gof.ch\/en\/milling-grain\/","title":{"rendered":"Milling grain"},"content":{"rendered":"\n<div class=\"wp-block-columns\">\n<div class=\"wp-block-column\" style=\"flex-basis:66.66%\">\n<p>In partnership with approximately 100 grain collection centres of the <a href=\"https:\/\/www.fenaco-gof.ch\/en\/system-maxi\/\" data-type=\"page\" data-id=\"137\">System MAXI<\/a>, fenaco markets domestic milling grain, oilseeds, feedstuffs. This bundles the supply of milling wheat of all quality classes and speciality crops such as rye and spelt for processors. This ensures the best possible marketing revenues.<\/p>\n\n\n\n<p>The domestic milling grain marketed by fenaco GOF in the conventional sector is labelled with the &#8220;Suisse Garantie&#8221; guarantee mark. You can read more about this at <a href=\"https:\/\/www.suissegarantie.ch\/\" target=\"_blank\" rel=\"noopener\">www.suissegarantie.ch<\/a>.<\/p>\n\n\n\n<p>In addition to our domestic supply, we also trade milling grain of foreign origin, the quality of which is tailored to the needs of Swiss processors.<\/p>\n\n\n\n<p>Our most important international trade products are milling wheat, milling spelt and milling rye.<\/p>\n\n\n\n<hr class=\"wp-block-separator has-alpha-channel-opacity is-style-dots\"\/>\n<\/div>\n\n\n\n<div class=\"wp-block-column\" style=\"flex-basis:33.33%\">\n<div class=\"wp-block-cloudweb-accordion alignfull alignwide\"><div class=\"accordion\">\n<div class=\"wp-block-cloudweb-accordion-item\"><div class=\"accordion-item\"><div class=\"accordion-item-header\"><h3 class=\"accordion-title\">Documents pour des exploitations agricoles<\/h3><\/div><div class=\"accordion-content\">\n<p class=\"is-style-accordion-link\"><a href=\"https:\/\/www.fenaco-gof.ch\/wp-content\/uploads\/2025\/06\/250601_Medien_F_UFARevue_Anbauempfehlung-2026.pdf\" target=\"_blank\" rel=\"noreferrer noopener\">Recommandations pour la r\u00e9colte 2026<\/a><\/p>\n\n\n\n<p class=\"is-style-accordion-link\"><a href=\"https:\/\/www.fenaco-gof.ch\/wp-content\/uploads\/2025\/06\/2025-06-13_Ernterichtpreise_Brotgetreide.pdf\" data-type=\"attachment\" data-id=\"2074\" target=\"_blank\" rel=\"noreferrer noopener\">Les prix indicatifs pour c\u00e9r\u00e9ales panifiables 202<\/a>5<\/p>\n\n\n\n<p class=\"is-style-accordion-link\"><a href=\"https:\/\/www.fenaco-gof.ch\/wp-content\/uploads\/2024\/06\/2024-06-10_Richtpreise_Futtergetreide_Eiweisspflanzen.pdf\" data-type=\"attachment\" data-id=\"2077\" target=\"_blank\" rel=\"noreferrer noopener\">Les prix indicatifs pour c\u00e9r\u00e9ales fourrag\u00e8res et des prot\u00e9agineux 2025<\/a><\/p>\n\n\n\n<p class=\"is-style-accordion-link\"><a href=\"https:\/\/www.fenaco-gof.ch\/wp-content\/uploads\/2025\/06\/250401_Medien_F_UFARevue_Schlussabrechnung.pdf\" data-type=\"attachment\" data-id=\"1242\" target=\"_blank\" rel=\"noreferrer noopener\">Les prix finaux r\u00e9colte 2024<\/a><\/p>\n\n\n\n<p class=\"is-style-accordion-link\"><a href=\"https:\/\/www.fenaco-gof.ch\/wp-content\/uploads\/2024\/07\/Getreide-Anbauempfehlungen_2024_FR-1.pdf\" target=\"_blank\" rel=\"noreferrer noopener\">Recommandations Semences UFA c\u00e9r\u00e9ales d&#8217;automne 2024<\/a><\/p>\n<\/div><\/div><\/div>\n<\/div><\/div>\n<\/div>\n<\/div>\n\n\n\n<h3 class=\"wp-block-heading\">Your contacts for the national milling grain trade<\/h3>\n\n\n\n<div class=\"wp-block-columns\">\n<div class=\"wp-block-column\">\n<p>Domestic milling grain, oilseeds and milling by-products<\/p>\n<\/div>\n\n\n\n<div class=\"wp-block-column\">\n<p><\/p>\n<\/div>\n\n\n\n<div class=\"wp-block-column\"><\/div>\n<\/div>\n\n\n\n<div class=\"wp-block-columns\">\n<div class=\"wp-block-column\">\n<div class=\"wp-block-cloudweb-person-card is-style-without-languages wp-block-cloudweb-person-card-dynamic\">\n\t<div class=\"person-card-info\">\n\t\t<div class=\"person-card-image\">\n\t\t\t<img decoding=\"async\" src=\"https:\/\/www.fenaco-gof.ch\/wp-content\/uploads\/2024\/10\/Sutter_Jan_thb.jpg\" alt=\"\" width=\"1200\" height=\"1200\" loading=\"lazy\" \/>\t\t<\/div>\n\t\t<div class=\"person-card-details\">\n\t\t\t<h2 class=\"person-card-name\">Jan Sutter<\/h2>\n\t\t\t<p class=\"person-card-detail\">Teamlead trading commodity products<\/p><\/div>\n\t<\/div>\n\t<div class=\"person-card-contact\">\n\t\t\t\t\t<p class=\"person-card-phone\">\n\t\t\t\t<a href=\"tel:+41584337452\" itemprop=\"telephone\" title=\"Call us\">+41 58 433 74 52<\/a>\t\t\t<\/p>\n\t\t\t\t\t\t\t\t\t<p class=\"person-card-mail\">\n\t\t\t\t<a href=\"mailto:%6a%61n&#46;&#115;ut%74&#101;%72&#64;%66&#101;%6eac&#111;.%63om\" title=\"Email us\" itemprop=\"email\">&#106;&#97;n.sut&#116;er&#64;&#102;&#101;nac&#111;.&#99;om<\/a>\t\t\t<\/p>\n\t\t\n\t<\/div>\n\t<\/div>\n<\/div>\n\n\n\n<div class=\"wp-block-column\"><\/div>\n\n\n\n<div class=\"wp-block-column\"><\/div>\n<\/div>\n\n\n\n<h3 class=\"wp-block-heading\">Your contacts for the international milling grain trade<\/h3>\n\n\n\n<div class=\"wp-block-columns\">\n<div class=\"wp-block-column\">\n<p>Feed oats, oat by-products, feed peas and field beans<\/p>\n<\/div>\n\n\n\n<div class=\"wp-block-column\"><\/div>\n\n\n\n<div class=\"wp-block-column\"><\/div>\n<\/div>\n\n\n\n<div class=\"wp-block-columns\">\n<div class=\"wp-block-column\">\n<div class=\"wp-block-cloudweb-person-card is-style-without-languages wp-block-cloudweb-person-card-dynamic\">\n\t<div class=\"person-card-info\">\n\t\t<div class=\"person-card-image\">\n\t\t\t<img decoding=\"async\" src=\"https:\/\/www.fenaco-gof.ch\/wp-content\/uploads\/2025\/01\/Knuesel_Oliver_GOF2025_thb.jpg\" alt=\"\" width=\"1200\" height=\"1200\" loading=\"lazy\" \/>\t\t<\/div>\n\t\t<div class=\"person-card-details\">\n\t\t\t<h2 class=\"person-card-name\">Oliver Kn\u00fcsel<\/h2>\n\t\t\t<p class=\"person-card-detail\">Trading grain, feedstuffs<\/p><\/div>\n\t<\/div>\n\t<div class=\"person-card-contact\">\n\t\t\t\t\t<p class=\"person-card-phone\">\n\t\t\t\t<a href=\"tel:+41584337450\" itemprop=\"telephone\" title=\"Call us\">+41 58 433 74 50<\/a>\t\t\t<\/p>\n\t\t\t\t\t\t\t\t\t<p class=\"person-card-mail\">\n\t\t\t\t<a href=\"mailto:oli&#118;%65&#114;.&#107;%6eu&#101;%73&#101;&#108;&#64;&#102;%65%6ea&#99;%6f&#46;%63&#111;&#109;\" title=\"Email us\" itemprop=\"email\">&#111;&#108;iver&#46;&#107;&#110;u&#101;&#115;&#101;&#108;&#64;f&#101;n&#97;c&#111;.c&#111;&#109;<\/a>\t\t\t<\/p>\n\t\t\n\t<\/div>\n\t<\/div>\n<\/div>\n\n\n\n<div class=\"wp-block-column\"><\/div>\n\n\n\n<div class=\"wp-block-column\"><\/div>\n<\/div>\n\n\n\n<h3 class=\"wp-block-heading\">Regional manager System MAXI<\/h3>\n\n\n\n<div class=\"wp-block-columns\">\n<div class=\"wp-block-column\">\n<h4 class=\"wp-block-heading\">French-speaking Switzerland<\/h4>\n\n\n\n<div class=\"wp-block-cloudweb-person-card is-style-without-languages wp-block-cloudweb-person-card-dynamic\">\n\t<div class=\"person-card-info\">\n\t\t<div class=\"person-card-image\">\n\t\t\t<img decoding=\"async\" src=\"https:\/\/www.fenaco-gof.ch\/wp-content\/uploads\/2023\/12\/Christen_Raymond_GOF_2018.jpg\" alt=\"\" width=\"800\" height=\"800\" loading=\"lazy\" \/>\t\t<\/div>\n\t\t<div class=\"person-card-details\">\n\t\t\t<h2 class=\"person-card-name\">Raymond Christen<\/h2>\n\t\t\t<p class=\"person-card-detail\">Head of office Western Switzerland \/ Regional manager of the grain collection centres Western Switzerland<\/p><\/div>\n\t<\/div>\n\t<div class=\"person-card-contact\">\n\t\t\t\t\t<p class=\"person-card-phone\">\n\t\t\t\t<a href=\"tel:+41584336401\" itemprop=\"telephone\" title=\"Call us\">+41 58 433 64 01<\/a>\t\t\t<\/p>\n\t\t\t\t\t\t\t\t\t<p class=\"person-card-mail\">\n\t\t\t\t<a href=\"mailto:%72&#97;y%6d&#111;%6e&#100;%2ec%68&#114;i%73&#116;&#101;%6e&#64;&#102;&#101;n%61c%6f&#46;%63&#111;m\" title=\"Email us\" itemprop=\"email\">&#114;&#97;ymo&#110;&#100;.c&#104;&#114;is&#116;e&#110;&#64;fe&#110;&#97;c&#111;.&#99;om<\/a>\t\t\t<\/p>\n\t\t\n\t<\/div>\n\t<\/div>\n<\/div>\n\n\n\n<div class=\"wp-block-column\">\n<h4 class=\"wp-block-heading\"><strong>Central&nbsp;P<\/strong>late<strong>au<\/strong><\/h4>\n\n\n\n<div class=\"wp-block-cloudweb-person-card is-style-without-languages wp-block-cloudweb-person-card-dynamic\">\n\t<div class=\"person-card-info\">\n\t\t<div class=\"person-card-image\">\n\t\t\t<img decoding=\"async\" src=\"https:\/\/www.fenaco-gof.ch\/wp-content\/uploads\/2025\/09\/00091619_thb.jpg\" alt=\"\" width=\"1200\" height=\"1200\" loading=\"lazy\" \/>\t\t<\/div>\n\t\t<div class=\"person-card-details\">\n\t\t\t<h2 class=\"person-card-name\">Sarah Leuenberger<\/h2>\n\t\t\t<p class=\"person-card-detail\">Logistics \/ Operations <\/p><\/div>\n\t<\/div>\n\t<div class=\"person-card-contact\">\n\t\t\t\t\t<p class=\"person-card-phone\">\n\t\t\t\t<a href=\"tel:+41584336429\" itemprop=\"telephone\" title=\"Call us\">+41 58 433 64 29<\/a>\t\t\t<\/p>\n\t\t\t\t\t\t\t\t\t<p class=\"person-card-mail\">\n\t\t\t\t<a href=\"mailto:%73%61r&#97;h%2e&#108;%65&#117;e&#110;b&#101;%72ger%40&#102;&#101;%6e&#97;co.&#99;%6fm\" title=\"Email us\" itemprop=\"email\">&#115;ar&#97;h.&#108;eu&#101;n&#98;er&#103;e&#114;&#64;f&#101;n&#97;co&#46;c&#111;&#109;<\/a>\t\t\t<\/p>\n\t\t\n\t<\/div>\n\t<\/div>\n<\/div>\n\n\n\n<div class=\"wp-block-column\">\n<h4 class=\"wp-block-heading\">Eastern Switzerland<\/h4>\n\n\n\n<div class=\"wp-block-cloudweb-person-card is-style-without-languages wp-block-cloudweb-person-card-dynamic\">\n\t<div class=\"person-card-info\">\n\t\t<div class=\"person-card-image\">\n\t\t\t<img decoding=\"async\" src=\"https:\/\/www.fenaco-gof.ch\/wp-content\/uploads\/2025\/05\/Jessica-Haus._thb.jpg\" alt=\"\" width=\"1966\" height=\"1966\" loading=\"lazy\" \/>\t\t<\/div>\n\t\t<div class=\"person-card-details\">\n\t\t\t<h2 class=\"person-card-name\">Jessica Langhard<\/h2>\n\t\t\t<p class=\"person-card-detail\">Logistics \/ Operations<\/p><\/div>\n\t<\/div>\n\t<div class=\"person-card-contact\">\n\t\t\t\t\t<p class=\"person-card-phone\">\n\t\t\t\t<a href=\"tel:+41584336469\" itemprop=\"telephone\" title=\"Call us\">+41 58 433 64 69<\/a>\t\t\t<\/p>\n\t\t\t\t\t\t\t\t\t<p class=\"person-card-mail\">\n\t\t\t\t<a href=\"mailto:&#106;&#101;&#115;s&#105;%63%61.&#108;%61ng%68%61%72&#100;%40&#102;e%6e%61&#99;o%2e%63&#111;&#109;\" title=\"Email us\" itemprop=\"email\">&#106;&#101;&#115;&#115;&#105;&#99;&#97;&#46;&#108;&#97;&#110;g&#104;ar&#100;&#64;&#102;en&#97;co.c&#111;&#109;<\/a>\t\t\t<\/p>\n\t\t\n\t<\/div>\n\t<\/div>\n<\/div>\n<\/div>\n","protected":false},"excerpt":{"rendered":"<p>In partnership with approximately 100 grain collection centres of the System MAXI, fenaco markets domestic milling grain, oilseeds, feedstuffs. This bundles the supply of milling wheat of all quality classes and speciality crops such as rye and spelt for processors. This ensures the best possible marketing revenues. The domestic milling grain marketed by fenaco GOF [&hellip;]<\/p>\n","protected":false},"author":12,"featured_media":0,"parent":0,"menu_order":0,"comment_status":"closed","ping_status":"closed","template":"","meta":{"_acf_changed":false,"inline_featured_image":false,"_genesis_hide_title":false,"_genesis_hide_breadcrumbs":false,"_genesis_hide_singular_image":false,"_genesis_hide_footer_widgets":false,"_genesis_custom_body_class":"","_genesis_custom_post_class":"","_genesis_layout":"","footnotes":""},"class_list":{"0":"post-1255","1":"page","2":"type-page","3":"status-publish","5":"entry"},"acf":[],"_links":{"self":[{"href":"https:\/\/www.fenaco-gof.ch\/en\/wp-json\/wp\/v2\/pages\/1255","targetHints":{"allow":["GET"]}}],"collection":[{"href":"https:\/\/www.fenaco-gof.ch\/en\/wp-json\/wp\/v2\/pages"}],"about":[{"href":"https:\/\/www.fenaco-gof.ch\/en\/wp-json\/wp\/v2\/types\/page"}],"author":[{"embeddable":true,"href":"https:\/\/www.fenaco-gof.ch\/en\/wp-json\/wp\/v2\/users\/12"}],"replies":[{"embeddable":true,"href":"https:\/\/www.fenaco-gof.ch\/en\/wp-json\/wp\/v2\/comments?post=1255"}],"version-history":[{"count":0,"href":"https:\/\/www.fenaco-gof.ch\/en\/wp-json\/wp\/v2\/pages\/1255\/revisions"}],"wp:attachment":[{"href":"https:\/\/www.fenaco-gof.ch\/en\/wp-json\/wp\/v2\/media?parent=1255"}],"curies":[{"name":"wp","href":"https:\/\/api.w.org\/{rel}","templated":true}]}}