{"id":2051,"date":"2023-10-18T12:25:31","date_gmt":"2023-10-18T11:25:31","guid":{"rendered":"https:\/\/fenacogof.wpengine.com\/front-page\/"},"modified":"2025-12-05T15:28:03","modified_gmt":"2025-12-05T14:28:03","slug":"front-page","status":"publish","type":"page","link":"https:\/\/www.fenaco-gof.ch\/en\/","title":{"rendered":"Front Page"},"content":{"rendered":"\n<div class=\"wp-block-cloudweb-hero-slider alignfull\" style=\"--bg-color: null\" data-settings=\"{&quot;dots&quot;:false,&quot;arrows&quot;:false,&quot;infinite&quot;:false,&quot;speed&quot;:300,&quot;slidesToShow&quot;:1,&quot;slidesToScroll&quot;:1,&quot;autoplay&quot;:false,&quot;autoplaySpeed&quot;:3000}\">\n<div class=\"wp-block-cloudweb-hero-slide\"><img loading=\"lazy\" decoding=\"async\" class=\"wp-image-1100\" src=\"https:\/\/www.fenaco-gof.ch\/wp-content\/uploads\/2023\/12\/shutterstock_107643413-scaled.jpg\" alt=\"\" width=\"2560\" height=\"1707\" srcset=\"https:\/\/www.fenaco-gof.ch\/wp-content\/uploads\/2023\/12\/shutterstock_107643413-scaled.jpg 2560w, https:\/\/www.fenaco-gof.ch\/wp-content\/uploads\/2023\/12\/shutterstock_107643413-300x200.jpg 300w, https:\/\/www.fenaco-gof.ch\/wp-content\/uploads\/2023\/12\/shutterstock_107643413-1024x683.jpg 1024w, https:\/\/www.fenaco-gof.ch\/wp-content\/uploads\/2023\/12\/shutterstock_107643413-768x512.jpg 768w, https:\/\/www.fenaco-gof.ch\/wp-content\/uploads\/2023\/12\/shutterstock_107643413-1536x1024.jpg 1536w, https:\/\/www.fenaco-gof.ch\/wp-content\/uploads\/2023\/12\/shutterstock_107643413-2048x1365.jpg 2048w\" sizes=\"auto, (max-width: 2560px) 100vw, 2560px\" \/><\/div>\n<\/div>\n\n\n\n<div class=\"wp-block-cloudweb-partnership\">\n<div class=\"wp-block-cloudweb-partnership-intro\">\n<h2 class=\"wp-block-heading\">A strong partner<\/h2>\n\n\n\n<p><strong>The business unit Grain, Oilseeds, Feedstuffs<\/strong><\/p>\n\n\n\n<p>We believe in the value of trust, cultivate a culture of appreciation and focus on solution-orientated action.<\/p>\n\n\n\n<p>As an efficient and competent enterprise, we value transparent and sustainable partnerships. Our offices are located in Puidoux, Berne, Sursee and Winterthur. We are well aware of our responsibility to consumers, but also to animal owners and farmers, and cultivate an open, fair and uncomplicated business policy.<\/p>\n\n\n\n<div class=\"wp-block-button is-style-fill is-style-fill--1\"><a class=\"wp-block-button__link wp-element-button\" href=\"https:\/\/www.fenaco-gof.ch\/en\/contact\/\">Contact us<\/a><\/div>\n<\/div>\n\n\n\n<div class=\"wp-block-cloudweb-partnership-boxes\">\n<div class=\"wp-block-cloudweb-partnership-box\"><div class=\"partnership-box-icon\"><img loading=\"lazy\" decoding=\"async\" class=\"wp-image-165\" src=\"https:\/\/www.fenaco-gof.ch\/wp-content\/uploads\/2023\/11\/people.svg\" alt=\"\" width=\"52\" height=\"56\"\/><\/div><h3><a href=\"https:\/\/www.fenaco-gof.ch\/en\/mitarbeitende\/\" data-type=\"page\" data-id=\"1823\">Competent team<\/a><\/h3><p>Our team of experts is always there to help and support you.<\/p><\/div>\n\n\n\n<div class=\"wp-block-cloudweb-partnership-box\"><div class=\"partnership-box-icon\"><img loading=\"lazy\" decoding=\"async\" class=\"wp-image-178\" src=\"https:\/\/www.fenaco-gof.ch\/wp-content\/uploads\/2023\/11\/map.svg\" alt=\"\" width=\"52\" height=\"34\"\/><\/div><h3><a href=\"https:\/\/www.fenaco-gof.ch\/en\/locations\/\" data-type=\"page\" data-id=\"306\">6 locations<\/a><\/h3><p>Our geographical presence enables efficient and effective services.<\/p><\/div>\n\n\n\n<div class=\"wp-block-cloudweb-partnership-box\"><div class=\"partnership-box-icon\"><img loading=\"lazy\" decoding=\"async\" class=\"wp-image-172\" src=\"https:\/\/www.fenaco-gof.ch\/wp-content\/uploads\/2023\/11\/signature.svg\" alt=\"\" width=\"52\" height=\"49\"\/><\/div><h3><a href=\"https:\/\/www.fenaco-gof.ch\/en\/quality-management\/\" data-type=\"page\" data-id=\"1892\">Certification<\/a><\/h3><p>Our certificates emphasise our commitment to quality and safety.<\/p><\/div>\n\n\n\n<div class=\"wp-block-cloudweb-partnership-box\"><div class=\"partnership-box-icon\"><img loading=\"lazy\" decoding=\"async\" class=\"wp-image-175\" src=\"https:\/\/www.fenaco-gof.ch\/wp-content\/uploads\/2023\/11\/star.svg\" alt=\"\" width=\"52\" height=\"53\"\/><\/div><h3><a href=\"https:\/\/www.fenaco-gof.ch\/en\/about-us\/\" data-type=\"page\" data-id=\"1890\">Innovation<\/a><\/h3><p>We have been promoting innovation and building sustainable partnerships since 1993.<\/p><\/div>\n<\/div>\n<\/div>\n\n\n\n<div class=\"wp-block-cloudweb-offer-boxes alignwide\"><div class=\"offer-boxes-title\"><h2>What we offer<\/h2><\/div><div class=\"offer-boxes\">\n<div class=\"wp-block-cloudweb-offer-box\"><div class=\"offer-box\"><img loading=\"lazy\" decoding=\"async\" src=\"https:\/\/www.fenaco-gof.ch\/wp-content\/uploads\/2023\/12\/shutterstock_107643413-620x1242.jpg\" alt=\"\" width=\"2560\" height=\"1707\"\/><div class=\"offer-box-content\">\n<h2 class=\"wp-block-heading\">Foodstuffs<\/h2>\n\n\n\n<p><a href=\"https:\/\/www.fenaco-gof.ch\/en\/milling-grain\/\" data-type=\"page\" data-id=\"291\">Milling grain<\/a><\/p>\n\n\n\n<p><a href=\"\/en\/?page_id=1258\" data-type=\"page\" data-id=\"292\">Oilseeds<\/a><\/p>\n<\/div><\/div><\/div>\n\n\n\n<div class=\"wp-block-cloudweb-offer-box\"><div class=\"offer-box\"><img loading=\"lazy\" decoding=\"async\" src=\"https:\/\/www.fenaco-gof.ch\/wp-content\/uploads\/2023\/12\/shutterstock_1218690271-620x1242.jpg\" alt=\"\" width=\"2560\" height=\"1704\"\/><div class=\"offer-box-content\">\n<h2 class=\"wp-block-heading\">Feedstuffs<\/h2>\n\n\n\n<p><a href=\"https:\/\/www.fenaco-gof.ch\/en\/feed-proteins\/\" data-type=\"page\" data-id=\"295\">Feed proteins<\/a><\/p>\n\n\n\n<p><a href=\"https:\/\/www.fenaco-gof.ch\/en\/feed-grain\/\" data-type=\"page\" data-id=\"296\">Feed grains<\/a><\/p>\n\n\n\n<p><a href=\"https:\/\/www.fenaco-gof.ch\/en\/roughage-bedding-salts\/\" data-type=\"page\" data-id=\"298\">Roughage, bedding, salts<\/a><\/p>\n\n\n\n<p><a href=\"https:\/\/www.fenaco-gof.ch\/en\/mill-by-products\/\" data-type=\"page\" data-id=\"293\">Mill by-products<\/a><\/p>\n\n\n\n<p><a href=\"https:\/\/www.fenaco-gof.ch\/en\/specialities\/\" data-type=\"page\" data-id=\"297\">Specialities<\/a><\/p>\n<\/div><\/div><\/div>\n\n\n\n<div class=\"wp-block-cloudweb-offer-box\"><div class=\"offer-box\"><img loading=\"lazy\" decoding=\"async\" src=\"https:\/\/www.fenaco-gof.ch\/wp-content\/uploads\/2023\/11\/lebensmittel-620x1242.jpg\" alt=\"\" width=\"1080\" height=\"1863\"\/><div class=\"offer-box-content\">\n<h2 class=\"wp-block-heading\">Organic<\/h2>\n\n\n\n<p><a href=\"https:\/\/www.fenaco-gof.ch\/en\/products-and-team\/\" data-type=\"page\" data-id=\"299\">Products and team<\/a><\/p>\n\n\n\n<p><a href=\"https:\/\/www.fenaco-gof.ch\/en\/harvest-and-cultivation\/\" data-type=\"page\" data-id=\"300\">Harvest and cultivation<\/a><\/p>\n<\/div><\/div><\/div>\n\n\n\n<div class=\"wp-block-cloudweb-offer-box\"><div class=\"offer-box\"><img loading=\"lazy\" decoding=\"async\" src=\"https:\/\/www.fenaco-gof.ch\/wp-content\/uploads\/2023\/11\/lager-logistik-620x1242.jpg\" alt=\"\" width=\"1080\" height=\"1863\"\/><div class=\"offer-box-content\">\n<h2 class=\"wp-block-heading\">Storage &amp; Logistics<\/h2>\n\n\n\n<p><a href=\"https:\/\/www.fenaco-gof.ch\/en\/storage\/\" data-type=\"page\" data-id=\"1876\">Storage<\/a><\/p>\n\n\n\n<p><a href=\"https:\/\/www.fenaco-gof.ch\/en\/logistics\/\" data-type=\"page\" data-id=\"532\">Logistics<\/a><\/p>\n\n\n\n<p><a href=\"https:\/\/www.fenaco-gof.ch\/en\/auhafen\/\" data-type=\"page\" data-id=\"534\">Auhafen<\/a><\/p>\n\n\n\n<p><a href=\"https:\/\/www.fenaco-gof.ch\/en\/silo-olten\/\" data-type=\"page\" data-id=\"537\">Silo Olten<\/a><\/p>\n<\/div><\/div><\/div>\n<\/div><\/div>\n\n\n\n<div class=\"wp-block-media-text has-media-on-the-right is-stacked-on-mobile is-style-fenaco-media-text\"><div class=\"wp-block-media-text__content\">\n<h3 class=\"wp-block-heading\">Why work with us?<\/h3>\n\n\n\n<p>Trust &#8211; appreciation &#8211; solution-orientation<\/p>\n\n\n\n<p>We believe in the value of trust, cultivate a culture of appreciation and focus on solution-orientated action.<br>We act as a reliable partner in the agricultural sector.<\/p>\n\n\n\n<div class=\"wp-block-button is-style-default is-style-fill is-style-fill--2\"><a class=\"wp-block-button__link wp-element-button\" href=\"https:\/\/www.fenaco-gof.ch\/en\/about-us\/\">Learn more<\/a><\/div>\n<\/div><figure class=\"wp-block-media-text__media\"><img loading=\"lazy\" decoding=\"async\" width=\"1024\" height=\"768\" src=\"https:\/\/www.fenaco-gof.ch\/wp-content\/uploads\/2025\/12\/fenaco_Puidoux-1024x768.jpg\" alt=\"\" class=\"wp-image-4347 size-full\" srcset=\"https:\/\/www.fenaco-gof.ch\/wp-content\/uploads\/2025\/12\/fenaco_Puidoux-1024x768.jpg 1024w, https:\/\/www.fenaco-gof.ch\/wp-content\/uploads\/2025\/12\/fenaco_Puidoux-300x225.jpg 300w, https:\/\/www.fenaco-gof.ch\/wp-content\/uploads\/2025\/12\/fenaco_Puidoux-768x576.jpg 768w, https:\/\/www.fenaco-gof.ch\/wp-content\/uploads\/2025\/12\/fenaco_Puidoux-1536x1152.jpg 1536w, https:\/\/www.fenaco-gof.ch\/wp-content\/uploads\/2025\/12\/fenaco_Puidoux-2048x1536.jpg 2048w\" sizes=\"auto, (max-width: 1024px) 100vw, 1024px\" \/><\/figure><\/div>\n\n\n\n<div class=\"wp-block-media-text is-stacked-on-mobile is-style-fenaco-media-text\"><figure class=\"wp-block-media-text__media\"><img loading=\"lazy\" decoding=\"async\" width=\"1024\" height=\"681\" src=\"https:\/\/www.fenaco-gof.ch\/wp-content\/uploads\/2025\/12\/fenaco_Bern-1024x681.jpg\" alt=\"\" class=\"wp-image-4350 size-full\" srcset=\"https:\/\/www.fenaco-gof.ch\/wp-content\/uploads\/2025\/12\/fenaco_Bern-1024x681.jpg 1024w, https:\/\/www.fenaco-gof.ch\/wp-content\/uploads\/2025\/12\/fenaco_Bern-300x200.jpg 300w, https:\/\/www.fenaco-gof.ch\/wp-content\/uploads\/2025\/12\/fenaco_Bern-768x511.jpg 768w, https:\/\/www.fenaco-gof.ch\/wp-content\/uploads\/2025\/12\/fenaco_Bern-1536x1022.jpg 1536w, https:\/\/www.fenaco-gof.ch\/wp-content\/uploads\/2025\/12\/fenaco_Bern-2048x1363.jpg 2048w\" sizes=\"auto, (max-width: 1024px) 100vw, 1024px\" \/><\/figure><div class=\"wp-block-media-text__content\">\n<h3 class=\"wp-block-heading\">What makes us special<\/h3>\n\n\n\n<p>Dedicated experts at your side<\/p>\n\n\n\n<p>Our experienced team and our extensive network enable us to offer efficient and effective services in the agricultural sector.<\/p>\n\n\n\n<div class=\"wp-block-button is-style-default is-style-fill is-style-fill--3\"><a class=\"wp-block-button__link wp-element-button\" href=\"https:\/\/www.fenaco-gof.ch\/en\/mitarbeitende\/\">Our team<\/a><\/div>\n<\/div><\/div>\n\n\n<div class=\"wp-block-cloudweb-standorte\">\n\t<div class=\"standorte\">\n\t\t<div class=\"standorte-title\">\n\t\t\t<h2><\/h2>\n\t\t<\/div>\n\t\t<div class=\"standorte-content\">\n\t\t\t<div class=\"standorte-map-wrapper\">\n\t\t\t\t<div class=\"standorte-map\">\n\t\t\t\t\t<img decoding=\"async\" class=\"standorte-map-img\" src=\"https:\/\/www.fenaco-gof.ch\/wp-content\/uploads\/2023\/11\/the-map.svg\"\n\t\t\t\t\t\t alt=\"\">\n\t\t\t\t<\/div>\n\t\t\t\t<div class=\"standorte-map-pins\">\n\t\t\t\t\t<div class=\"standorte-map-pin\" data-x=\"32.5610519724\" data-y=\"28.6787726988\" data-id=\"0\"><i class=\"icon icon-pin\"><\/i><\/div><div class=\"standorte-map-pin\" data-x=\"61.9678557428\" data-y=\"11.6660133281\" data-id=\"1\"><i class=\"icon icon-pin\"><\/i><\/div><div class=\"standorte-map-pin\" data-x=\"49.5491963936\" data-y=\"21.8267346139\" data-id=\"2\"><i class=\"icon icon-pin\"><\/i><\/div><div class=\"standorte-map-pin\" data-x=\"17.6581089543\" data-y=\"42.8303068253\" data-id=\"3\"><i class=\"icon icon-pin\"><\/i><\/div><div class=\"standorte-map-pin\" data-x=\"37.5068600549\" data-y=\"9.28263426107\" data-id=\"4\"><i class=\"icon icon-pin\"><\/i><\/div><div class=\"standorte-map-pin\" data-x=\"43.7789102313\" data-y=\"15.5546844375\" data-id=\"5\"><i class=\"icon icon-pin\"><\/i><\/div><div class=\"standorte-map-pin\" data-x=\"35.4998039984\" data-y=\"8.40454723638\" data-id=\"6\"><i class=\"icon icon-pin\"><\/i><\/div>\t\t\t\t<\/div>\n\t\t\t<\/div>\n\t\t\t<div class=\"standorte-sidebar\">\n\t\t\t\t<div class=\"standorte-sidebar-item close\" data-id=\"0\"><div class=\"standorte-sidebar-item-title\"><h3>Bern<\/h3><\/div><div class=\"standorte-sidebar-item-content\"><p>fenaco Genossenschaft<br>Getreide, \u00d6lsaaten, Futtermittel<br>Erlachstrasse 5<br>CH &#8211; 3001 Bern<\/p><div class=\"standorte-sidebar-item-content-footer\"><p><span>Tel.<\/span> <a href=\"tel:+41584340000\" itemprop=\"telephone\" title=\"Call us\">+41 58 434 00 00<\/a><\/p><p><span>Fax.<\/span>+41 58 433 64 44<\/p><\/div><\/div><\/div><div class=\"standorte-sidebar-item close\" data-id=\"1\"><div class=\"standorte-sidebar-item-title\"><h3>Winterthur<\/h3><\/div><div class=\"standorte-sidebar-item-content\"><p>fenaco Genossenschaft<br>Getreide, \u00d6lsaaten, Futtermittel<br>Theaterstrasse 15a<br>CH &#8211; 8401 Winterthur<\/p><div class=\"standorte-sidebar-item-content-footer\"><p><span>Tel.<\/span> <a href=\"tel:+41584336465\" itemprop=\"telephone\" title=\"Call us\">+41 58 433 64 65<\/a><\/p><p><span>Fax.<\/span>+41 58 433 64 66<\/p><\/div><\/div><\/div><div class=\"standorte-sidebar-item close\" data-id=\"2\"><div class=\"standorte-sidebar-item-title\"><h3>Sursee<\/h3><\/div><div class=\"standorte-sidebar-item-content\"><p>fenaco Genossenschaft<br>Getreide, \u00d6lsaaten, Futtermittel<br>Obstfeldstrasse 1<br>CH &#8211; 6210 Sursee<\/p><div class=\"standorte-sidebar-item-content-footer\"><p><span>Tel.<\/span> <a href=\"tel:+41584336448\" itemprop=\"telephone\" title=\"Call us\">+41 58 433 64 48<\/a><\/p><p><span>Fax.<\/span>+41 58 433 64 60<\/p><\/div><\/div><\/div><div class=\"standorte-sidebar-item close\" data-id=\"3\"><div class=\"standorte-sidebar-item-title\"><h3>Puidoux<\/h3><\/div><div class=\"standorte-sidebar-item-content\"><p>fenaco soci\u00e9t\u00e9 coop\u00e9rative<br>C\u00e9r\u00e9ales, ol\u00e9agineux, mati\u00e8res premi\u00e8res<br>Route de Chardonne 2<br>CH &#8211; 1070 Puidoux<\/p><div class=\"standorte-sidebar-item-content-footer\"><p><span>Tel.<\/span> <a href=\"tel:+41584337000\" itemprop=\"telephone\" title=\"Call us\">+41 58 433 70 00<\/a><\/p><p><span>Fax.<\/span>+41 58 433 64 10<\/p><\/div><\/div><\/div><div class=\"standorte-sidebar-item close\" data-id=\"4\"><div class=\"standorte-sidebar-item-title\"><h3>Auhafen<\/h3><\/div><div class=\"standorte-sidebar-item-content\"><p>fenaco Genossenschaft<br>Getreide, \u00d6lsaaten, Futtermittel<br>Auhafenstrasse 131a<br>CH &#8211; 4127 Birsfelden<\/p><div class=\"standorte-sidebar-item-content-footer\"><p><span>Tel.<\/span> <a href=\"tel:+41584337366\" itemprop=\"telephone\" title=\"Call us\">+41 58 433 73 66<\/a><\/p><\/div><\/div><\/div><div class=\"standorte-sidebar-item close\" data-id=\"5\"><div class=\"standorte-sidebar-item-title\"><h3>Silo Olten<\/h3><\/div><div class=\"standorte-sidebar-item-content\"><p>Industriestrasse 138<br>CH &#8211; 4600 Olten<\/p><div class=\"standorte-sidebar-item-content-footer\"><p><span>Tel.<\/span> <a href=\"tel:+41\u00a0622962142\" itemprop=\"telephone\" title=\"Call us\">+41\u00a062 296 21 42<\/a><\/p><\/div><\/div><\/div><div class=\"standorte-sidebar-item close\" data-id=\"6\"><div class=\"standorte-sidebar-item-title\"><h3>Customs office<\/h3><\/div><div class=\"standorte-sidebar-item-content\"><p>Werkarena Basel<br>Neudorfstrasse 91<br>CH &#8211; 4056 Basel<\/p><div class=\"standorte-sidebar-item-content-footer\"><p><span>Tel.<\/span> <a href=\"tel:+41584341921\" itemprop=\"telephone\" title=\"Call us\">+41 58 434 19 21<\/a><\/p><\/div><\/div><\/div>\t\t\t<\/div>\n\t\t<\/div>\n\t<\/div>\n<\/div>\n","protected":false},"excerpt":{"rendered":"","protected":false},"author":2,"featured_media":0,"parent":0,"menu_order":0,"comment_status":"closed","ping_status":"closed","template":"","meta":{"_acf_changed":false,"inline_featured_image":false,"_genesis_hide_title":false,"_genesis_hide_breadcrumbs":false,"_genesis_hide_singular_image":false,"_genesis_hide_footer_widgets":false,"_genesis_custom_body_class":"","_genesis_custom_post_class":"","_genesis_layout":"","footnotes":""},"class_list":{"0":"post-2051","1":"page","2":"type-page","3":"status-publish","5":"entry"},"acf":[],"_links":{"self":[{"href":"https:\/\/www.fenaco-gof.ch\/en\/wp-json\/wp\/v2\/pages\/2051","targetHints":{"allow":["GET"]}}],"collection":[{"href":"https:\/\/www.fenaco-gof.ch\/en\/wp-json\/wp\/v2\/pages"}],"about":[{"href":"https:\/\/www.fenaco-gof.ch\/en\/wp-json\/wp\/v2\/types\/page"}],"author":[{"embeddable":true,"href":"https:\/\/www.fenaco-gof.ch\/en\/wp-json\/wp\/v2\/users\/2"}],"replies":[{"embeddable":true,"href":"https:\/\/www.fenaco-gof.ch\/en\/wp-json\/wp\/v2\/comments?post=2051"}],"version-history":[{"count":0,"href":"https:\/\/www.fenaco-gof.ch\/en\/wp-json\/wp\/v2\/pages\/2051\/revisions"}],"wp:attachment":[{"href":"https:\/\/www.fenaco-gof.ch\/en\/wp-json\/wp\/v2\/media?parent=2051"}],"curies":[{"name":"wp","href":"https:\/\/api.w.org\/{rel}","templated":true}]}}