{"id":1156,"date":"2023-12-15T10:04:13","date_gmt":"2023-12-15T09:04:13","guid":{"rendered":"https:\/\/fenacogof.wpengine.com\/?page_id=1156"},"modified":"2026-01-15T09:31:09","modified_gmt":"2026-01-15T08:31:09","slug":"qualite","status":"publish","type":"page","link":"https:\/\/www.fenaco-gof.ch\/fr\/qualite\/","title":{"rendered":"Qualit\u00e9"},"content":{"rendered":"\n<div class=\"wp-block-columns\">\n<div class=\"wp-block-column\" style=\"flex-basis:66.66%\">\n<p>Afin de garantir la s\u00e9curit\u00e9 de nos produits, fenaco C\u00e9r\u00e9ales, ol\u00e9agineux, mati\u00e8res premi\u00e8res (GOF) dispose d&rsquo;un syst\u00e8me de gestion de la qualit\u00e9 complet conforme aux normes ISO EN 9001:2015 et ISO 22000:2018. Nous sommes en outre certifi\u00e9s (en partie pour certains sites) selon GMP+ B3, Bio Suisse, Donau Soja et Europe Soya.<\/p>\n\n\n\n<h3 class=\"wp-block-heading\">Concept HACCP<\/h3>\n\n\n\n<p>fenaco GOF dispose en outre d&rsquo;un concept HACCP conforme aux 12 \u00e9tapes HACCP du codex alimentarius. Celui-ci exige entre autres des analyses compl\u00e8tes des dangers pour tous nos produits, l&rsquo;identification des points de contr\u00f4le critiques et la surveillance continue du syst\u00e8me.<\/p>\n\n\n\n<h3 class=\"wp-block-heading\">Concept OGM<\/h3>\n\n\n\n<p>fenaco accorde la plus haute priorit\u00e9 \u00e0 l&rsquo;aspect de la s\u00e9curit\u00e9 des OGM. Il s&rsquo;agit notamment de respecter les prescriptions l\u00e9gales et de droit priv\u00e9. Celles-ci se trouvent dans l&rsquo;ordonnance sur les aliments pour animaux, dans le livre des aliments pour animaux, dans l&rsquo;ordonnance sur l&rsquo;agriculture biologique et ses annexes, dans l&rsquo;ODAlOUs, dans les prescriptions de BioSuisse et dans les programmes de labellisation.<\/p>\n\n\n\n<p>Le secteur d&rsquo;activit\u00e9 C\u00e9r\u00e9ales, ol\u00e9agineux, mati\u00e8res premi\u00e8res de fenaco commercialise exclusivement des produits qui, selon les normes juridiques suisses et europ\u00e9ennes, sont consid\u00e9r\u00e9s comme non soumis \u00e0 d\u00e9claration OGM.<\/p>\n\n\n\n<h3 class=\"wp-block-heading\">Qualit\u00e9 dans les centres de collecte du syst\u00e8me MAXI<\/h3>\n\n\n\n<p>Les centres collecteurs suisses de c\u00e9r\u00e9ales qui font partie du syst\u00e8me MAXI trouvent toutes les informations sur le standard de qualit\u00e9 \u00ab\u00a0Bonnes pratiques des centres collecteurs\u00a0\u00bb, sur le r\u00e9seau NIR et sur d&rsquo;autres th\u00e8mes de la s\u00e9curit\u00e9 de la qualit\u00e9 sur la plateforme d&rsquo;information : Extranet<\/p>\n\n\n\n<h3 class=\"wp-block-heading\">R\u00e9seau NIR et cercle de calibration<\/h3>\n\n\n\n<p>fenaco GOF propose, dans le cadre de l&rsquo;anneau d&rsquo;\u00e9talonnage, des \u00e9chantillons de grains entiers pour le contr\u00f4le et l&rsquo;\u00e9talonnage des appareils NIR. Ceci avec ou sans contr\u00f4le automatique par le laboratoire de la DIGeFa \u00e0 Detmold. Les appareils participant \u00e0 l&rsquo;anneau sont r\u00e9gl\u00e9s avant la r\u00e9colte par des partenaires de service et v\u00e9rifi\u00e9s p\u00e9riodiquement par le laboratoire. Cela permet de garantir une constance et une pr\u00e9cision des mesures de tous les appareils de l&rsquo;anneau.<\/p>\n\n\n\n<p>Les centres de collecte du syst\u00e8me MAXI trouveront des informations sur le r\u00e9seau NIR sur la plate-forme d&rsquo;information. Vesna Neuh\u00e4usler (voir contact ci-dessous) se tient \u00e0 la disposition des personnes externes int\u00e9ress\u00e9es.<\/p>\n<\/div>\n\n\n\n<div class=\"wp-block-column\" style=\"flex-basis:33.33%\">\n<div class=\"wp-block-cloudweb-accordion alignfull alignwide\"><div class=\"accordion\">\n<div class=\"wp-block-cloudweb-accordion-item\"><div class=\"accordion-item\"><div class=\"accordion-item-header\"><h3 class=\"accordion-title\">Certifications ISO<\/h3><\/div><div class=\"accordion-content\">\n<p class=\"is-style-accordion-link\"><a href=\"https:\/\/www.fenaco-gof.ch\/wp-content\/uploads\/2024\/12\/112302_en_H44286.pdf\" target=\"_blank\" rel=\"noreferrer noopener\">ISO 22000:2018 <\/a><\/p>\n\n\n\n<p class=\"is-style-accordion-link\"><a href=\"https:\/\/www.fenaco-gof.ch\/wp-content\/uploads\/2023\/12\/231218_Zertifikat_FR_ISO9001.pdf\">ISO 9001:2015<\/a><\/p>\n<\/div><\/div><\/div>\n\n\n\n<div class=\"wp-block-cloudweb-accordion-item\"><div class=\"accordion-item\"><div class=\"accordion-item-header\"><h3 class=\"accordion-title\">Certifications Bio<\/h3><\/div><div class=\"accordion-content\">\n<p class=\"is-style-accordion-link\"><a href=\"https:\/\/www.fenaco-gof.ch\/wp-content\/uploads\/2025\/10\/30384_Zertifikat-Bio_DE-CH.pdf\" target=\"_blank\" rel=\"noreferrer noopener\">Bio Inspecta<\/a><\/p>\n\n\n\n<p class=\"is-style-accordion-link\"><a href=\"https:\/\/www.fenaco-gof.ch\/wp-content\/uploads\/2026\/01\/31521_Zertifikat-Bio_DE-CH.pdf\" target=\"_blank\" rel=\"noreferrer noopener\">Bio Suisse Knospe, Silo Olten<\/a><\/p>\n<\/div><\/div><\/div>\n\n\n\n<div class=\"wp-block-cloudweb-accordion-item\"><div class=\"accordion-item\"><div class=\"accordion-item-header\"><h3 class=\"accordion-title\">Certifications GMP+<\/h3><\/div><div class=\"accordion-content\">\n<p class=\"is-style-accordion-link\"><a href=\"https:\/\/www.fenaco-gof.ch\/wp-content\/uploads\/2025\/08\/43525msGMP_GMO_Resp_V2020_en01.05.pdf\" target=\"_blank\" rel=\"noreferrer noopener\">GMP+ FRA <\/a><\/p>\n\n\n\n<p class=\"is-style-accordion-link\"><a href=\"https:\/\/www.fenaco-gof.ch\/wp-content\/uploads\/2025\/08\/43525msGMP_V2020_en01.04.pdf\" target=\"_blank\" rel=\"noreferrer noopener\">GMP+ FSA<\/a><\/p>\n<\/div><\/div><\/div>\n\n\n\n<div class=\"wp-block-cloudweb-accordion-item\"><div class=\"accordion-item\"><div class=\"accordion-item-header\"><h3 class=\"accordion-title\">Certifications Donau Soja<\/h3><\/div><div class=\"accordion-content\">\n<p class=\"is-style-accordion-link\"><a href=\"https:\/\/www.fenaco-gof.ch\/wp-content\/uploads\/2024\/01\/240103_Zertifikat_EN_DonauSoja.pdf\" target=\"_blank\" data-type=\"attachment\" data-id=\"2167\" rel=\"noreferrer noopener\">Donau Soja <\/a><\/p>\n<\/div><\/div><\/div>\n\n\n\n<div class=\"wp-block-cloudweb-accordion-item\"><div class=\"accordion-item\"><div class=\"accordion-item-header\"><h3 class=\"accordion-title\">Certifications Europe Soya<\/h3><\/div><div class=\"accordion-content\">\n<p class=\"is-style-accordion-link\"><a href=\"https:\/\/www.fenaco-gof.ch\/wp-content\/uploads\/2024\/01\/240103_Zertifikat_EN_EuropeSoya.pdf\" target=\"_blank\" data-type=\"attachment\" data-id=\"2170\" rel=\"noreferrer noopener\">Europe Soja, fenaco GOF<\/a><\/p>\n\n\n\n<p class=\"is-style-accordion-link\"><a href=\"https:\/\/www.fenaco-gof.ch\/wp-content\/uploads\/2025\/01\/Zertifikat-Europe-Soya-2025.pdf\" target=\"_blank\" rel=\"noreferrer noopener\">Europe Soja, Auhafen<\/a><\/p>\n<\/div><\/div><\/div>\n\n\n\n<div class=\"wp-block-cloudweb-accordion-item\"><div class=\"accordion-item\"><div class=\"accordion-item-header\"><h3 class=\"accordion-title\">Certifications BPCC<\/h3><\/div><div class=\"accordion-content\">\n<p class=\"is-style-accordion-link\"><a href=\"https:\/\/www.fenaco-gof.ch\/wp-content\/uploads\/2023\/12\/231218_Zertifikat_DE_GSP_Auhafen_23-26.pdf\" target=\"_blank\" rel=\"noreferrer noopener\">BPCC, Auhafen<\/a><\/p>\n<\/div><\/div><\/div>\n\n\n\n<div class=\"wp-block-cloudweb-accordion-item\"><div class=\"accordion-item\"><div class=\"accordion-item-header\"><h3 class=\"accordion-title\">Certifications IP-Suisse<\/h3><\/div><div class=\"accordion-content\">\n<p class=\"is-style-accordion-link\"><a href=\"https:\/\/www.fenaco-gof.ch\/wp-content\/uploads\/2023\/12\/231218_Zertifikat-DE_IPS_Auhafen_23-26.pdf\" target=\"_blank\" rel=\"noreferrer noopener\">IP-Suisse, Auhafen<\/a><\/p>\n<\/div><\/div><\/div>\n\n\n\n<div class=\"wp-block-cloudweb-accordion-item\"><div class=\"accordion-item\"><div class=\"accordion-item-header\"><h3 class=\"accordion-title\">Certifications Suisse Garantie <\/h3><\/div><div class=\"accordion-content\">\n<p class=\"is-style-accordion-link\"><a href=\"https:\/\/www.fenaco-gof.ch\/wp-content\/uploads\/2023\/12\/231218_Zertifikat_DE_SGA_Auhafen_23-26.pdf\" target=\"_blank\" rel=\"noreferrer noopener\">Suisse Garantie, Auhafen<\/a><\/p>\n<\/div><\/div><\/div>\n\n\n\n<div class=\"wp-block-cloudweb-accordion-item\"><div class=\"accordion-item\"><div class=\"accordion-item-header\"><h3 class=\"accordion-title\">Certifications ProFarm<\/h3><\/div><div class=\"accordion-content\">\n<p class=\"is-style-accordion-link\"><a href=\"https:\/\/www.fenaco-gof.ch\/wp-content\/uploads\/2025\/09\/Certificate-of-Conformance-PROFARM-Fenaco-2025_signed.pdf\" target=\"_blank\" rel=\"noreferrer noopener\">ProFarm EN<\/a><\/p>\n<\/div><\/div><\/div>\n\n\n\n<div class=\"wp-block-cloudweb-accordion-item\"><div class=\"accordion-item\"><div class=\"accordion-item-header\"><h3 class=\"accordion-title\">Certifications Agence de l&rsquo;\u00e9nergie pour l&rsquo;\u00e9conomie<\/h3><\/div><div class=\"accordion-content\">\n<p class=\"is-style-accordion-link\"><a href=\"https:\/\/www.fenaco-gof.ch\/wp-content\/uploads\/2025\/07\/EnAW_Zertifikat_2025_Fenaco-GOF-Auhafen.pdf\" target=\"_blank\" rel=\"noreferrer noopener\">Protection volontaire du climat et efficacit\u00e9 \u00e9nerg\u00e9tique<\/a><\/p>\n<\/div><\/div><\/div>\n<\/div><\/div>\n<\/div>\n<\/div>\n\n\n\n<hr class=\"wp-block-separator has-alpha-channel-opacity is-style-dots\"\/>\n\n\n\n<h3 class=\"wp-block-heading\">Vos contacts pour Management de qualit\u00e9<\/h3>\n\n\n\n<div class=\"wp-block-columns\">\n<div class=\"wp-block-column\">\n<div class=\"wp-block-cloudweb-person-card is-style-without-languages wp-block-cloudweb-person-card-dynamic\">\n\t<div class=\"person-card-info\">\n\t\t<div class=\"person-card-image\">\n\t\t\t<img decoding=\"async\" src=\"https:\/\/www.fenaco-gof.ch\/wp-content\/uploads\/2023\/12\/Rust_Sarah_GOF_2017-2.jpg\" alt=\"\" width=\"400\" height=\"400\" loading=\"lazy\" \/>\t\t<\/div>\n\t\t<div class=\"person-card-details\">\n\t\t\t<h2 class=\"person-card-name\">Sarah Rust<\/h2>\n\t\t\t<p class=\"person-card-detail\">Responsable du management de qualit\u00e9, MAXI, sites \/ Membre de la direction<\/p><\/div>\n\t<\/div>\n\t<div class=\"person-card-contact\">\n\t\t\t\t\t<p class=\"person-card-phone\">\n\t\t\t\t<a href=\"tel:+41584336489\" itemprop=\"telephone\" title=\"Call us\">+41 58 433 64 89<\/a>\t\t\t<\/p>\n\t\t\t\t\t\t\t\t\t<p class=\"person-card-mail\">\n\t\t\t\t<a href=\"mailto:s%61&#114;&#97;h%2er&#117;st&#64;&#102;e%6eac%6f%2e%63o%6d\" title=\"Email us\" itemprop=\"email\">sara&#104;.rust&#64;&#102;enac&#111;&#46;c&#111;&#109;<\/a>\t\t\t<\/p>\n\t\t\n\t<\/div>\n\t<\/div>\n<\/div>\n\n\n\n<div class=\"wp-block-column\">\n<div class=\"wp-block-cloudweb-person-card is-style-without-languages wp-block-cloudweb-person-card-dynamic\">\n\t<div class=\"person-card-info\">\n\t\t<div class=\"person-card-image\">\n\t\t\t<img decoding=\"async\" src=\"https:\/\/www.fenaco-gof.ch\/wp-content\/uploads\/2023\/12\/Eisenhut_Andreas_GOF_2018-1.jpg\" alt=\"\" width=\"400\" height=\"400\" loading=\"lazy\" \/>\t\t<\/div>\n\t\t<div class=\"person-card-details\">\n\t\t\t<h2 class=\"person-card-name\">Andreas Eisenhut<\/h2>\n\t\t\t<p class=\"person-card-detail\">Responsable du ressort management de qualit\u00e9, durabilit\u00e9<\/p><\/div>\n\t<\/div>\n\t<div class=\"person-card-contact\">\n\t\t\t\t\t<p class=\"person-card-phone\">\n\t\t\t\t<a href=\"tel:+41584336482\" itemprop=\"telephone\" title=\"Call us\">+41 58 433 64 82<\/a>\t\t\t<\/p>\n\t\t\t\t\t\t\t\t\t<p class=\"person-card-mail\">\n\t\t\t\t<a href=\"mailto:%61&#110;d%72&#101;a%73.ei%73&#101;nhu&#116;&#64;&#102;&#101;&#110;&#97;&#99;o%2e&#99;%6fm\" title=\"Email us\" itemprop=\"email\">a&#110;&#100;re&#97;&#115;.&#101;&#105;se&#110;h&#117;&#116;&#64;&#102;e&#110;&#97;&#99;o.c&#111;&#109;<\/a>\t\t\t<\/p>\n\t\t\n\t<\/div>\n\t<\/div>\n<\/div>\n\n\n\n<div class=\"wp-block-column\">\n<div class=\"wp-block-cloudweb-person-card is-style-without-languages wp-block-cloudweb-person-card-dynamic\">\n\t<div class=\"person-card-info\">\n\t\t<div class=\"person-card-image\">\n\t\t\t<img decoding=\"async\" src=\"https:\/\/www.fenaco-gof.ch\/wp-content\/uploads\/2023\/12\/Silvestre_Miguel_GOF_2023.jpg\" alt=\"\" width=\"800\" height=\"800\" loading=\"lazy\" \/>\t\t<\/div>\n\t\t<div class=\"person-card-details\">\n\t\t\t<h2 class=\"person-card-name\">Miguel Silvestre<\/h2>\n\t\t\t<p class=\"person-card-detail\">Responsable qualit\u00e9 \/ Responsable rempla\u00e7ant du ressort management de qualit\u00e9\/durabilit\u00e9<\/p><\/div>\n\t<\/div>\n\t<div class=\"person-card-contact\">\n\t\t\t\t\t<p class=\"person-card-phone\">\n\t\t\t\t<a href=\"tel:+41584336468\" itemprop=\"telephone\" title=\"Call us\">+41 58 433 64 68<\/a>\t\t\t<\/p>\n\t\t\t\t\t\t\t\t\t<p class=\"person-card-mail\">\n\t\t\t\t<a href=\"mailto:m%69%67&#117;%65%6c&#46;si&#108;ve&#115;tr%65&#64;&#102;%65n&#97;co&#46;com\" title=\"Email us\" itemprop=\"email\">&#109;i&#103;u&#101;l.s&#105;&#108;vest&#114;e&#64;&#102;ena&#99;&#111;.com<\/a>\t\t\t<\/p>\n\t\t\n\t<\/div>\n\t<\/div>\n<\/div>\n<\/div>\n\n\n\n<div class=\"wp-block-columns\">\n<div class=\"wp-block-column\">\n<div class=\"wp-block-cloudweb-person-card is-style-without-languages wp-block-cloudweb-person-card-dynamic\">\n\t<div class=\"person-card-info\">\n\t\t<div class=\"person-card-image\">\n\t\t\t<img decoding=\"async\" src=\"https:\/\/www.fenaco-gof.ch\/wp-content\/uploads\/2023\/12\/Ammann_Pascale_GOF_2022-3.jpg\" alt=\"\" width=\"800\" height=\"800\" loading=\"lazy\" \/>\t\t<\/div>\n\t\t<div class=\"person-card-details\">\n\t\t\t<h2 class=\"person-card-name\">Pascale Ammann<\/h2>\n\t\t\t<p class=\"person-card-detail\">Responsable qualit\u00e9<\/p><\/div>\n\t<\/div>\n\t<div class=\"person-card-contact\">\n\t\t\t\t\t<p class=\"person-card-phone\">\n\t\t\t\t<a href=\"tel:+41584336449\" itemprop=\"telephone\" title=\"Call us\">+41 58 433 64 49<\/a>\t\t\t<\/p>\n\t\t\t\t\t\t\t\t\t<p class=\"person-card-mail\">\n\t\t\t\t<a href=\"mailto:%70%2e&#97;%6d&#109;a%6e%6e&#64;&#102;&#101;&#110;a%63%6f.&#99;&#111;%6d\" title=\"Email us\" itemprop=\"email\">&#112;&#46;&#97;&#109;&#109;&#97;&#110;n&#64;fe&#110;&#97;&#99;&#111;&#46;c&#111;&#109;<\/a>\t\t\t<\/p>\n\t\t\n\t<\/div>\n\t<\/div>\n<\/div>\n\n\n\n<div class=\"wp-block-column\">\n<div class=\"wp-block-cloudweb-person-card is-style-without-languages wp-block-cloudweb-person-card-dynamic\">\n\t<div class=\"person-card-info\">\n\t\t<div class=\"person-card-image\">\n\t\t\t<img decoding=\"async\" src=\"https:\/\/www.fenaco-gof.ch\/wp-content\/uploads\/2023\/12\/Bosshard_Alexandra_GOF_2023-3.jpg\" alt=\"\" width=\"800\" height=\"800\" loading=\"lazy\" \/>\t\t<\/div>\n\t\t<div class=\"person-card-details\">\n\t\t\t<h2 class=\"person-card-name\">Alexandra Bosshard<\/h2>\n\t\t\t<p class=\"person-card-detail\">Responsable qualit\u00e9<\/p><\/div>\n\t<\/div>\n\t<div class=\"person-card-contact\">\n\t\t\t\t\t<p class=\"person-card-phone\">\n\t\t\t\t<a href=\"tel:+41584336484\" itemprop=\"telephone\" title=\"Call us\">+41 58 433 64 84<\/a>\t\t\t<\/p>\n\t\t\t\t\t\t\t\t\t<p class=\"person-card-mail\">\n\t\t\t\t<a href=\"mailto:%61le&#120;%61ndra.b&#111;&#115;s%68%61r%64%40&#102;e&#110;&#97;&#99;&#111;&#46;c&#111;%6d\" title=\"Email us\" itemprop=\"email\">a&#108;exa&#110;dra&#46;b&#111;&#115;&#115;h&#97;r&#100;&#64;&#102;e&#110;ac&#111;&#46;com<\/a>\t\t\t<\/p>\n\t\t\n\t<\/div>\n\t<\/div>\n<\/div>\n\n\n\n<div class=\"wp-block-column\">\n<div class=\"wp-block-cloudweb-person-card is-style-without-languages wp-block-cloudweb-person-card-dynamic\">\n\t<div class=\"person-card-info\">\n\t\t<div class=\"person-card-image\">\n\t\t\t\t\t<\/div>\n\t\t<div class=\"person-card-details\">\n\t\t\t<h2 class=\"person-card-name\">Giulia Buffelli<\/h2>\n\t\t\t<p class=\"person-card-detail\">Responsable qualit\u00e9<\/p><\/div>\n\t<\/div>\n\t<div class=\"person-card-contact\">\n\t\t\t\t\t<p class=\"person-card-phone\">\n\t\t\t\t<a href=\"tel:+41584336488\" itemprop=\"telephone\" title=\"Call us\">+41 58 433 64 88<\/a>\t\t\t<\/p>\n\t\t\t\t\t\t\t\t\t<p class=\"person-card-mail\">\n\t\t\t\t<a href=\"mailto:%67i&#117;l&#105;&#97;%2ebu%66%66%65lli&#64;%66ena&#99;%6f&#46;%63%6fm\" title=\"Email us\" itemprop=\"email\">&#103;&#105;u&#108;i&#97;.buffe&#108;li&#64;fen&#97;&#99;&#111;&#46;&#99;&#111;m<\/a>\t\t\t<\/p>\n\t\t\n\t<\/div>\n\t<\/div>\n<\/div>\n<\/div>\n\n\n\n<div class=\"wp-block-columns\">\n<div class=\"wp-block-column\">\n<div class=\"wp-block-cloudweb-person-card is-style-without-languages wp-block-cloudweb-person-card-dynamic\">\n\t<div class=\"person-card-info\">\n\t\t<div class=\"person-card-image\">\n\t\t\t<img decoding=\"async\" src=\"https:\/\/www.fenaco-gof.ch\/wp-content\/uploads\/2023\/12\/Neuhaeusler_Vesna_GOF_2022-2.jpg\" alt=\"\" width=\"800\" height=\"800\" loading=\"lazy\" \/>\t\t<\/div>\n\t\t<div class=\"person-card-details\">\n\t\t\t<h2 class=\"person-card-name\">Vesna Neuh\u00e4usler<\/h2>\n\t\t\t<p class=\"person-card-detail\">Responsable qualit\u00e9<\/p><\/div>\n\t<\/div>\n\t<div class=\"person-card-contact\">\n\t\t\t\t\t<p class=\"person-card-phone\">\n\t\t\t\t<a href=\"tel:+41584336483\" itemprop=\"telephone\" title=\"Call us\">+41 58 433 64 83<\/a>\t\t\t<\/p>\n\t\t\t\t\t\t\t\t\t<p class=\"person-card-mail\">\n\t\t\t\t<a href=\"mailto:v&#101;&#115;%6e%61&#46;&#110;%65u&#104;&#97;%65%75%73&#108;%65&#114;&#64;f&#101;&#110;aco%2e&#99;%6fm\" title=\"Email us\" itemprop=\"email\">ve&#115;na&#46;&#110;e&#117;&#104;a&#101;&#117;s&#108;&#101;r&#64;f&#101;na&#99;&#111;.c&#111;m<\/a>\t\t\t<\/p>\n\t\t\n\t<\/div>\n\t<\/div>\n<\/div>\n\n\n\n<div class=\"wp-block-column\"><\/div>\n\n\n\n<div class=\"wp-block-column\"><\/div>\n<\/div>\n","protected":false},"excerpt":{"rendered":"<p>Afin de garantir la s\u00e9curit\u00e9 de nos produits, fenaco C\u00e9r\u00e9ales, ol\u00e9agineux, mati\u00e8res premi\u00e8res (GOF) dispose d&rsquo;un syst\u00e8me de gestion de la qualit\u00e9 complet conforme aux normes ISO EN 9001:2015 et ISO 22000:2018. Nous sommes en outre certifi\u00e9s (en partie pour certains sites) selon GMP+ B3, Bio Suisse, Donau Soja et Europe Soya. Concept HACCP fenaco [&hellip;]<\/p>\n","protected":false},"author":4,"featured_media":0,"parent":0,"menu_order":0,"comment_status":"closed","ping_status":"closed","template":"","meta":{"_acf_changed":false,"inline_featured_image":false,"_genesis_hide_title":false,"_genesis_hide_breadcrumbs":false,"_genesis_hide_singular_image":false,"_genesis_hide_footer_widgets":false,"_genesis_custom_body_class":"","_genesis_custom_post_class":"","_genesis_layout":"","footnotes":""},"class_list":{"0":"post-1156","1":"page","2":"type-page","3":"status-publish","5":"entry"},"acf":[],"_links":{"self":[{"href":"https:\/\/www.fenaco-gof.ch\/fr\/wp-json\/wp\/v2\/pages\/1156","targetHints":{"allow":["GET"]}}],"collection":[{"href":"https:\/\/www.fenaco-gof.ch\/fr\/wp-json\/wp\/v2\/pages"}],"about":[{"href":"https:\/\/www.fenaco-gof.ch\/fr\/wp-json\/wp\/v2\/types\/page"}],"author":[{"embeddable":true,"href":"https:\/\/www.fenaco-gof.ch\/fr\/wp-json\/wp\/v2\/users\/4"}],"replies":[{"embeddable":true,"href":"https:\/\/www.fenaco-gof.ch\/fr\/wp-json\/wp\/v2\/comments?post=1156"}],"version-history":[{"count":0,"href":"https:\/\/www.fenaco-gof.ch\/fr\/wp-json\/wp\/v2\/pages\/1156\/revisions"}],"wp:attachment":[{"href":"https:\/\/www.fenaco-gof.ch\/fr\/wp-json\/wp\/v2\/media?parent=1156"}],"curies":[{"name":"wp","href":"https:\/\/api.w.org\/{rel}","templated":true}]}}