{"id":1852,"date":"2023-11-22T11:50:22","date_gmt":"2023-11-22T10:50:22","guid":{"rendered":"https:\/\/fenacogof.wpengine.com\/lebensmittel-bio\/"},"modified":"2026-01-20T14:36:27","modified_gmt":"2026-01-20T13:36:27","slug":"produits-et-equipe","status":"publish","type":"page","link":"https:\/\/www.fenaco-gof.ch\/fr\/produits-et-equipe\/","title":{"rendered":"Produits et \u00e9quipe"},"content":{"rendered":"\n<p>fenaco C\u00e9r\u00e9ales, ol\u00e9agineux, mati\u00e8res premi\u00e8res mise sur une grande comp\u00e9tence en mati\u00e8re de bio. Notre assortiment de produits n\u00e9goci\u00e9s comprend des c\u00e9r\u00e9ales panifiables, des c\u00e9r\u00e9ales fourrag\u00e8res et des ol\u00e9agineux ainsi que de nombreux aliments simples et des sp\u00e9cialit\u00e9s.<\/p>\n\n\n\n<h3 class=\"wp-block-heading\">Commercialisation et culture sous contrat<\/h3>\n\n\n\n<p>En collaboration avec plus de 50 centres collecteurs certifi\u00e9s bio dans toute la Suisse, nous commercialisons environ un tiers des c\u00e9r\u00e9ales panifiables bio suisses ainsi qu&rsquo;une part importante des c\u00e9r\u00e9ales fourrag\u00e8res et des ol\u00e9agineux indig\u00e8nes. Notre objectif est de cr\u00e9er, avec le <a href=\"https:\/\/www.fenaco-gof.ch\/fr\/systeme-maxi\/\" data-type=\"page\" data-id=\"647\">syst\u00e8me MAXI<\/a>, un avantage coop\u00e9ratif pour les exploitations agricoles, entre autres sous la forme de bons prix de paiement et de recommandations de culture ainsi que par la promotion d&rsquo;un large assortiment de produits.<\/p>\n\n\n\n<p>En tant que productrice et producteur, vous trouverez ici plus d&rsquo;informations : <a href=\"https:\/\/www.fenaco-gof.ch\/fr\/recolte-et-culture\/\" data-type=\"page\" data-id=\"1885\">R\u00e9colte et culture<\/a>.<\/p>\n\n\n\n<hr class=\"wp-block-separator has-alpha-channel-opacity is-style-dots\"\/>\n\n\n\n<h3 class=\"wp-block-heading\">Vos contacts pour le commerce<\/h3>\n\n\n\n<div class=\"wp-block-columns\">\n<div class=\"wp-block-column\">\n<p>Prot\u00e9ines biologiques<\/p>\n<\/div>\n\n\n\n<div class=\"wp-block-column\">\n<p>C\u00e9r\u00e9ales fourrag\u00e8res biologiques<\/p>\n<\/div>\n\n\n\n<div class=\"wp-block-column\">\n<p>C\u00e9r\u00e9ales panifiables et ol\u00e9agineux biologiques<\/p>\n<\/div>\n<\/div>\n\n\n\n<div class=\"wp-block-columns\">\n<div class=\"wp-block-column\">\n<div class=\"wp-block-cloudweb-person-card is-style-without-languages wp-block-cloudweb-person-card-dynamic\">\n\t<div class=\"person-card-info\">\n\t\t<div class=\"person-card-image\">\n\t\t\t<img decoding=\"async\" src=\"https:\/\/www.fenaco-gof.ch\/wp-content\/uploads\/2026\/01\/00140588_thb.jpg\" alt=\"\" width=\"1200\" height=\"1200\" loading=\"lazy\" \/>\t\t<\/div>\n\t\t<div class=\"person-card-details\">\n\t\t\t<h2 class=\"person-card-name\">Julia Schaad<\/h2>\n\t\t\t<p class=\"person-card-detail\">Responsable du ressort Bio<\/p><\/div>\n\t<\/div>\n\t<div class=\"person-card-contact\">\n\t\t\t\t\t<p class=\"person-card-phone\">\n\t\t\t\t<a href=\"tel:+41584337463\" itemprop=\"telephone\" title=\"Call us\">+41 58 433 74 63<\/a>\t\t\t<\/p>\n\t\t\t\t\t\t\t\t\t<p class=\"person-card-mail\">\n\t\t\t\t<a href=\"mailto:&#106;%75&#108;i&#97;.sc%68%61%61%64%40&#102;e%6e&#97;%63&#111;&#46;&#99;o%6d\" title=\"Email us\" itemprop=\"email\">&#106;u&#108;i&#97;.&#115;c&#104;a&#97;d&#64;&#102;e&#110;&#97;c&#111;&#46;co&#109;<\/a>\t\t\t<\/p>\n\t\t\n\t<\/div>\n\t<\/div>\n<\/div>\n\n\n\n<div class=\"wp-block-column\">\n<div class=\"wp-block-cloudweb-person-card is-style-without-languages wp-block-cloudweb-person-card-dynamic\">\n\t<div class=\"person-card-info\">\n\t\t<div class=\"person-card-image\">\n\t\t\t<img decoding=\"async\" src=\"https:\/\/www.fenaco-gof.ch\/wp-content\/uploads\/2023\/12\/Schmid-Dominik_GOF_2020.jpg\" alt=\"\" width=\"800\" height=\"800\" loading=\"lazy\" \/>\t\t<\/div>\n\t\t<div class=\"person-card-details\">\n\t\t\t<h2 class=\"person-card-name\">Dominik Schmid<\/h2>\n\t\t\t<p class=\"person-card-detail\">Commerce mati\u00e8res premi\u00e8res Bio<\/p><\/div>\n\t<\/div>\n\t<div class=\"person-card-contact\">\n\t\t\t\t\t<p class=\"person-card-phone\">\n\t\t\t\t<a href=\"tel:+41584336497\" itemprop=\"telephone\" title=\"Call us\">+41 58 433 64 97<\/a>\t\t\t<\/p>\n\t\t\t\t\t\t\t\t\t<p class=\"person-card-mail\">\n\t\t\t\t<a href=\"mailto:%64o%6di&#110;&#105;%6b%2es&#99;&#104;%6d&#105;&#100;&#64;&#102;%65na&#99;&#111;%2ec&#111;m\" title=\"Email us\" itemprop=\"email\">domi&#110;&#105;&#107;.&#115;&#99;&#104;mid&#64;fe&#110;&#97;co.&#99;o&#109;<\/a>\t\t\t<\/p>\n\t\t\n\t<\/div>\n\t<\/div>\n<\/div>\n\n\n\n<div class=\"wp-block-column\">\n<div class=\"wp-block-cloudweb-person-card is-style-without-languages wp-block-cloudweb-person-card-dynamic\">\n\t<div class=\"person-card-info\">\n\t\t<div class=\"person-card-image\">\n\t\t\t<img decoding=\"async\" src=\"https:\/\/www.fenaco-gof.ch\/wp-content\/uploads\/2023\/12\/Etter_Christian_GOF_2023-2.jpg\" alt=\"\" width=\"800\" height=\"800\" loading=\"lazy\" \/>\t\t<\/div>\n\t\t<div class=\"person-card-details\">\n\t\t\t<h2 class=\"person-card-name\">Christian Etter<\/h2>\n\t\t\t<p class=\"person-card-detail\">Commerce mati\u00e8res premi\u00e8res Bio<\/p><\/div>\n\t<\/div>\n\t<div class=\"person-card-contact\">\n\t\t\t\t\t<p class=\"person-card-phone\">\n\t\t\t\t<a href=\"tel:+41584336467\" itemprop=\"telephone\" title=\"Call us\">+41 58 433 64 67<\/a>\t\t\t<\/p>\n\t\t\t\t\t\t\t\t\t<p class=\"person-card-mail\">\n\t\t\t\t<a href=\"mailto:c&#104;%72&#105;%73&#116;%69%61n&#46;&#101;&#116;&#116;%65&#114;&#64;%66%65&#110;a&#99;%6f%2e&#99;o%6d\" title=\"Email us\" itemprop=\"email\">chris&#116;i&#97;n&#46;ett&#101;r&#64;fena&#99;&#111;.&#99;&#111;m<\/a>\t\t\t<\/p>\n\t\t\n\t<\/div>\n\t<\/div>\n<\/div>\n<\/div>\n\n\n\n<div class=\"wp-block-columns\">\n<div class=\"wp-block-column\">\n<div class=\"wp-block-cloudweb-person-card is-style-without-languages wp-block-cloudweb-person-card-dynamic\">\n\t<div class=\"person-card-info\">\n\t\t<div class=\"person-card-image\">\n\t\t\t<img decoding=\"async\" src=\"https:\/\/www.fenaco-gof.ch\/wp-content\/uploads\/2026\/01\/00143261_thb.jpg\" alt=\"\" width=\"1200\" height=\"1200\" loading=\"lazy\" \/>\t\t<\/div>\n\t\t<div class=\"person-card-details\">\n\t\t\t<h2 class=\"person-card-name\">Sarina Kivelitz<\/h2>\n\t\t\t<p class=\"person-card-detail\">Commerce mati\u00e8res premi\u00e8res Bio<\/p><\/div>\n\t<\/div>\n\t<div class=\"person-card-contact\">\n\t\t\t\t\t<p class=\"person-card-phone\">\n\t\t\t\t<a href=\"tel:+41584337467\" itemprop=\"telephone\" title=\"Call us\">+41 58 433 74 67<\/a>\t\t\t<\/p>\n\t\t\t\t\t\t\t\t\t<p class=\"person-card-mail\">\n\t\t\t\t<a href=\"mailto:%73a%72%69n&#97;&#46;&#107;iv&#101;&#108;%69tz&#64;f&#101;&#110;&#97;&#99;&#111;%2e&#99;o&#109;\" title=\"Email us\" itemprop=\"email\">&#115;&#97;r&#105;&#110;&#97;&#46;kiv&#101;&#108;&#105;tz&#64;fe&#110;aco&#46;&#99;&#111;m<\/a>\t\t\t<\/p>\n\t\t\n\t<\/div>\n\t<\/div>\n<\/div>\n\n\n\n<div class=\"wp-block-column\"><\/div>\n\n\n\n<div class=\"wp-block-column\"><\/div>\n<\/div>\n\n\n\n<h3 class=\"wp-block-heading\">Votre contact pour les projets <\/h3>\n\n\n\n<div class=\"wp-block-columns\">\n<div class=\"wp-block-column\">\n<div class=\"wp-block-cloudweb-person-card is-style-without-languages wp-block-cloudweb-person-card-dynamic\">\n\t<div class=\"person-card-info\">\n\t\t<div class=\"person-card-image\">\n\t\t\t<img decoding=\"async\" src=\"https:\/\/www.fenaco-gof.ch\/wp-content\/uploads\/2023\/12\/Allemannn_Sara_GOF_2023.jpg\" alt=\"\" width=\"800\" height=\"800\" loading=\"lazy\" \/>\t\t<\/div>\n\t\t<div class=\"person-card-details\">\n\t\t\t<h2 class=\"person-card-name\">Sara Allemann<\/h2>\n\t\t\t<p class=\"person-card-detail\">Cheffe de projet Bio plateau centrale et Jura<\/p><\/div>\n\t<\/div>\n\t<div class=\"person-card-contact\">\n\t\t\t\t\t<p class=\"person-card-phone\">\n\t\t\t\t<a href=\"tel:+41584336408\" itemprop=\"telephone\" title=\"Call us\">+41 58 433 64 08<\/a>\t\t\t<\/p>\n\t\t\t\t\t\t\t\t\t<p class=\"person-card-mail\">\n\t\t\t\t<a href=\"mailto:&#115;%61r&#97;%2eal%6c%65%6d&#97;%6e%6e&#64;&#102;en&#97;c%6f%2e%63%6f%6d\" title=\"Email us\" itemprop=\"email\">&#115;&#97;&#114;&#97;.&#97;&#108;le&#109;&#97;n&#110;&#64;&#102;&#101;n&#97;&#99;o&#46;&#99;om<\/a>\t\t\t<\/p>\n\t\t\n\t<\/div>\n\t<\/div>\n<\/div>\n\n\n\n<div class=\"wp-block-column\">\n<div class=\"wp-block-cloudweb-person-card is-style-without-languages wp-block-cloudweb-person-card-dynamic\">\n\t<div class=\"person-card-info\">\n\t\t<div class=\"person-card-image\">\n\t\t\t<img decoding=\"async\" src=\"https:\/\/www.fenaco-gof.ch\/wp-content\/uploads\/2025\/05\/Christina_Burkard_thb.jpg\" alt=\"\" width=\"1200\" height=\"1200\" loading=\"lazy\" \/>\t\t<\/div>\n\t\t<div class=\"person-card-details\">\n\t\t\t<h2 class=\"person-card-name\">Christina Burkard<\/h2>\n\t\t\t<p class=\"person-card-detail\">Cheffe de projet Bio Suisse orientale &amp; centrale<\/p><\/div>\n\t<\/div>\n\t<div class=\"person-card-contact\">\n\t\t\t\t\t<p class=\"person-card-phone\">\n\t\t\t\t<a href=\"tel:+41584336491\" itemprop=\"telephone\" title=\"Call us\">+41 58 433 64 91<\/a>\t\t\t<\/p>\n\t\t\t\t\t\t\t\t\t<p class=\"person-card-mail\">\n\t\t\t\t<a href=\"mailto:ch%72is&#116;ina&#46;&#98;%75&#114;%6b&#97;r%64&#64;fen%61c%6f&#46;c&#111;&#109;\" title=\"Email us\" itemprop=\"email\">&#99;&#104;ris&#116;i&#110;&#97;&#46;b&#117;&#114;&#107;&#97;rd&#64;&#102;&#101;&#110;a&#99;o&#46;co&#109;<\/a>\t\t\t<\/p>\n\t\t\n\t<\/div>\n\t<\/div>\n<\/div>\n\n\n\n<div class=\"wp-block-column\">\n<div class=\"wp-block-cloudweb-person-card is-style-without-languages wp-block-cloudweb-person-card-dynamic\">\n\t<div class=\"person-card-info\">\n\t\t<div class=\"person-card-image\">\n\t\t\t<img decoding=\"async\" src=\"https:\/\/www.fenaco-gof.ch\/wp-content\/uploads\/2025\/05\/Jean-Sebastien-Aeberhard_thb.jpg\" alt=\"\" width=\"1200\" height=\"1200\" loading=\"lazy\" \/>\t\t<\/div>\n\t\t<div class=\"person-card-details\">\n\t\t\t<h2 class=\"person-card-name\">Jean-S\u00e9bastien Aeberhard<\/h2>\n\t\t\t<p class=\"person-card-detail\">Chef de projet Bio Suisse Romande<\/p><\/div>\n\t<\/div>\n\t<div class=\"person-card-contact\">\n\t\t\t\t\t<p class=\"person-card-phone\">\n\t\t\t\t<a href=\"tel:+41584336406\" itemprop=\"telephone\" title=\"Call us\">+41 58 433 64 06<\/a>\t\t\t<\/p>\n\t\t\t\t\t\t\t\t\t<p class=\"person-card-mail\">\n\t\t\t\t<a href=\"mailto:j&#101;&#46;a&#101;&#98;e&#114;ha%72%64&#64;%66%65&#110;a%63o.&#99;%6f%6d\" title=\"Email us\" itemprop=\"email\">&#106;&#101;&#46;&#97;eb&#101;&#114;h&#97;&#114;d&#64;f&#101;n&#97;c&#111;.c&#111;m<\/a>\t\t\t<\/p>\n\t\t\n\t<\/div>\n\t<\/div>\n<\/div>\n<\/div>\n\n\n\n<h3 class=\"wp-block-heading\">Bio dans le groupe fenaco-LANDI<\/h3>\n\n\n\n<p>Semences : <a href=\"https:\/\/agriculture.semencesufa.ch\/produits-bio\" target=\"_blank\" rel=\"noopener\">Produits BIO &#8211; UFA Samen (semencesufa.ch)<\/a><\/p>\n\n\n\n<p>Protection biologique des plantes et insectes utiles: <a href=\"https:\/\/www.agroline.ch\/fr\/bioprotect\/shopfr\" target=\"_blank\" rel=\"noopener\">AGROLINE Bioprotect: Boutique en ligne<\/a><\/p>\n\n\n\n<p>Nutriments dans la culture des plantes: <a href=\"https:\/\/www.landor.ch\/fr\/\" target=\"_blank\" rel=\"noopener\">Landor &#8211; Avec vous, aujourd&rsquo;hui et demain<\/a><\/p>\n\n\n\n<p>Alimentation animale\/nourriture: <a href=\"https:\/\/www.ufa.ch\/fr\/partenaire-competent-de-lagriculture-bio\" target=\"_blank\" rel=\"noopener\">Partenaire comp\u00e9tent de l&rsquo;agriculture bio | UFA<\/a><\/p>\n\n\n\n<p>Fruits, l\u00e9gumes et pommes de terre: <a href=\"Home: Inoverde\">Inoverde <\/a><\/p>\n\n\n\n<div class=\"wp-block-group alignfull is-style-fenaco-news-group\">\n<h3 class=\"wp-block-heading\">Medienberichte<\/h3>\n\n\n\n<div class=\"wp-block-cover alignfull\"><img loading=\"lazy\" decoding=\"async\" width=\"2560\" height=\"747\" class=\"wp-block-cover__image-background wp-image-218\" alt=\"\" src=\"https:\/\/www.fenaco-gof.ch\/wp-content\/uploads\/2023\/11\/corn-field-scaled.jpg\" data-object-fit=\"cover\" srcset=\"https:\/\/www.fenaco-gof.ch\/wp-content\/uploads\/2023\/11\/corn-field-scaled.jpg 2560w, https:\/\/www.fenaco-gof.ch\/wp-content\/uploads\/2023\/11\/corn-field-300x88.jpg 300w, https:\/\/www.fenaco-gof.ch\/wp-content\/uploads\/2023\/11\/corn-field-1024x299.jpg 1024w, https:\/\/www.fenaco-gof.ch\/wp-content\/uploads\/2023\/11\/corn-field-768x224.jpg 768w, https:\/\/www.fenaco-gof.ch\/wp-content\/uploads\/2023\/11\/corn-field-1536x448.jpg 1536w, https:\/\/www.fenaco-gof.ch\/wp-content\/uploads\/2023\/11\/corn-field-2048x597.jpg 2048w\" sizes=\"auto, (max-width: 2560px) 100vw, 2560px\" \/><span aria-hidden=\"true\" class=\"wp-block-cover__background has-background-dim\"><\/span><div class=\"wp-block-cover__inner-container\">\n<div class=\"wp-block-query wp-block-query-fenaco-gof\"><ul style=\"color:#050505;\" class=\"has-link-color columns-5 wp-elements-6976c79cc6f93d2807c2b84b8999fc6a wp-block-post-template has-text-color\"><li class=\"wp-block-post post-3996 post type-post status-publish format-standard category-medienbericht-fr category-bio-fr entry\">\n\n<div class=\"wp-block-group has-background wp-elements-6976c79cc6f93d2807c2b84b8999fc6a\" style=\"background-color:#fdfdfd;padding-top:30px;padding-right:30px;padding-bottom:30px;padding-left:30px\"><h2 class=\"wp-block-post-title\"><a href=\"https:\/\/www.fenaco-gof.ch\/fr\/cultiver-en-phase-avec-le-marche\/\" target=\"_blank\">Cultiver en phase avec le march\u00e9 &#8211; commercialiser avec succ\u00e8s<\/a><\/h2>\n\n<div class=\"wp-block-post-excerpt\"><p class=\"wp-block-post-excerpt__excerpt\">Un choix cibl\u00e9 des cultures permet de minimiser les pertes de rendement li\u00e9es aux conditions m\u00e9t\u00e9orologiques ainsi que de lisser les risques li\u00e9s \u00e0 la culture. Jasmin Meile, Co-responsable du secteur commercial c\u00e9r\u00e9ales &#038; ol\u00e9agineux et Julia Schaad, responsable du ressort mati\u00e8res premi\u00e8res Bio donnent des informations dans la revue UFA sur les recommandations de\u2026 <\/p><\/div>\n\n<div class=\"wp-block-post-date\"><time datetime=\"2025-06-06T14:30:08+01:00\">6 juin 2025<\/time><\/div><\/div>\n\n<\/li><li class=\"wp-block-post post-3527 post type-post status-publish format-standard category-bio-fr category-medienbericht-fr category-revue-de-presse tag-agriculture-bio tag-bio-reconversion tag-bio-anbau-fr tag-bio-beratung-fr tag-bio-competence tag-bio-kompetenz-fr tag-bio-umstellung-fr tag-biologische-landwirtschaft-fr tag-durabilite tag-fenaco-gof-fr tag-nachhaltigkeit-fr entry\">\n\n<div class=\"wp-block-group has-background wp-elements-6976c79cc6f93d2807c2b84b8999fc6a\" style=\"background-color:#fdfdfd;padding-top:30px;padding-right:30px;padding-bottom:30px;padding-left:30px\"><h2 class=\"wp-block-post-title\"><a href=\"https:\/\/www.fenaco-gof.ch\/fr\/die-fenaco-ist-eine-starke-bio-partnerin\/\" target=\"_blank\">fenaco, un partenaire fiable pour le bio<\/a><\/h2>\n\n<div class=\"wp-block-post-excerpt\"><p class=\"wp-block-post-excerpt__excerpt\">fenaco accompagne dans leur globalit\u00e9 et avec succ\u00e8s les exploitations bio ou en reconversion. D\u00e9veloppant constamment ses comp\u00e9tences bio, mettant en r\u00e9seau les secteurs sp\u00e9cialis\u00e9s et collaborant sur place avec les LANDI, fenaco est le partenaire id\u00e9al en mati\u00e8re d\u2019agriculture bio, et ce, pour toutes les exploitations. \u00ab Nous pouvons faire profiter les agriculteurs et\u2026 <\/p><\/div>\n\n<div class=\"wp-block-post-date\"><time datetime=\"2024-09-04T08:44:00+01:00\">4 septembre 2024<\/time><\/div><\/div>\n\n<\/li><li class=\"wp-block-post post-3338 post type-post status-publish format-standard category-bio-fr category-medienbericht-fr entry\">\n\n<div class=\"wp-block-group has-background wp-elements-6976c79cc6f93d2807c2b84b8999fc6a\" style=\"background-color:#fdfdfd;padding-top:30px;padding-right:30px;padding-bottom:30px;padding-left:30px\"><h2 class=\"wp-block-post-title\"><a href=\"https:\/\/www.fenaco-gof.ch\/fr\/promouvoir-ce-qui-est-recherchemaintenir-ce-qui-a-fait-ses-preuves\/\" target=\"_blank\">Promouvoir ce qui est recherch\u00e9,maintenir ce qui a fait ses preuves<\/a><\/h2>\n\n<div class=\"wp-block-post-excerpt\"><p class=\"wp-block-post-excerpt__excerpt\">Les travaux culturaux pour la r\u00e9colte 2025 vont bient\u00f4t battre leur plein. A cet effet, le choix des cultures doit \u00eatre ax\u00e9 sur la demande. <\/p><\/div>\n\n<div class=\"wp-block-post-date\"><time datetime=\"2024-06-05T06:18:18+01:00\">5 juin 2024<\/time><\/div><\/div>\n\n<\/li><\/ul><\/div>\n<\/div><\/div>\n<\/div>\n","protected":false},"excerpt":{"rendered":"<p>fenaco C\u00e9r\u00e9ales, ol\u00e9agineux, mati\u00e8res premi\u00e8res mise sur une grande comp\u00e9tence en mati\u00e8re de bio. Notre assortiment de produits n\u00e9goci\u00e9s comprend des c\u00e9r\u00e9ales panifiables, des c\u00e9r\u00e9ales fourrag\u00e8res et des ol\u00e9agineux ainsi que de nombreux aliments simples et des sp\u00e9cialit\u00e9s. Commercialisation et culture sous contrat En collaboration avec plus de 50 centres collecteurs certifi\u00e9s bio dans toute [&hellip;]<\/p>\n","protected":false},"author":4,"featured_media":0,"parent":0,"menu_order":0,"comment_status":"closed","ping_status":"closed","template":"","meta":{"_acf_changed":false,"inline_featured_image":false,"_genesis_hide_title":false,"_genesis_hide_breadcrumbs":false,"_genesis_hide_singular_image":false,"_genesis_hide_footer_widgets":false,"_genesis_custom_body_class":"","_genesis_custom_post_class":"","_genesis_layout":"","footnotes":""},"class_list":{"0":"post-1852","1":"page","2":"type-page","3":"status-publish","5":"entry"},"acf":[],"_links":{"self":[{"href":"https:\/\/www.fenaco-gof.ch\/fr\/wp-json\/wp\/v2\/pages\/1852","targetHints":{"allow":["GET"]}}],"collection":[{"href":"https:\/\/www.fenaco-gof.ch\/fr\/wp-json\/wp\/v2\/pages"}],"about":[{"href":"https:\/\/www.fenaco-gof.ch\/fr\/wp-json\/wp\/v2\/types\/page"}],"author":[{"embeddable":true,"href":"https:\/\/www.fenaco-gof.ch\/fr\/wp-json\/wp\/v2\/users\/4"}],"replies":[{"embeddable":true,"href":"https:\/\/www.fenaco-gof.ch\/fr\/wp-json\/wp\/v2\/comments?post=1852"}],"version-history":[{"count":0,"href":"https:\/\/www.fenaco-gof.ch\/fr\/wp-json\/wp\/v2\/pages\/1852\/revisions"}],"wp:attachment":[{"href":"https:\/\/www.fenaco-gof.ch\/fr\/wp-json\/wp\/v2\/media?parent=1852"}],"curies":[{"name":"wp","href":"https:\/\/api.w.org\/{rel}","templated":true}]}}