{"id":1877,"date":"2023-12-08T11:45:50","date_gmt":"2023-12-08T10:45:50","guid":{"rendered":"https:\/\/fenacogof.wpengine.com\/lager\/"},"modified":"2025-06-13T10:03:45","modified_gmt":"2025-06-13T09:03:45","slug":"stockage","status":"publish","type":"page","link":"https:\/\/www.fenaco-gof.ch\/fr\/stockage\/","title":{"rendered":"Stockage"},"content":{"rendered":"\n<p>Avec des lieux de stockage strat\u00e9giquement situ\u00e9s, fenaco C\u00e9r\u00e9ales, ol\u00e9agineux, mati\u00e8res premi\u00e8res (GOF) assure une cha\u00eene de transport optimale. Nous collaborons avec divers entrepositaires en Suisse et \u00e0 l&rsquo;\u00e9tranger afin d&rsquo;\u00e9viter les d\u00e9tours et assurons en Suisse la conservation optimale des quantit\u00e9s r\u00e9colt\u00e9es par nos productrices et producteurs.<\/p>\n\n\n\n<p>En exploitant notamment ses propres silos \u00e0 <a href=\"https:\/\/www.fenaco-gof.ch\/fr\/auhafen\/\" data-type=\"page\" data-id=\"641\">Auhafen<\/a> \u00e0 Birsfelden et \u00e0 <a href=\"https:\/\/www.fenaco-gof.ch\/fr\/silo-olten\/\" data-type=\"page\" data-id=\"643\">Olten<\/a>, fenaco GOF participe au maintien d&rsquo;un approvisionnement \u00e9conomique du pays. Sur mandat de <a href=\"https:\/\/www.reservesuisse.ch\/reserves-obligatoires\/?lang=fr\" target=\"_blank\" rel=\"noopener\">r\u00e9servesuisse<\/a>, des r\u00e9serves obligatoires sont maintenues dans les entrep\u00f4ts pour d&rsquo;\u00e9ventuelles phases de pr\u00e9-approvisionnement d&rsquo;urgence.<\/p>\n\n\n\n<p>En outre, nous contribuons avec nos entrep\u00f4ts \u00e0 garantir l&rsquo;approvisionnement de la production d&rsquo;aliments compos\u00e9s d&rsquo;UFA.<\/p>\n\n\n\n<hr class=\"wp-block-separator has-alpha-channel-opacity is-style-dots\"\/>\n\n\n\n<h3 class=\"wp-block-heading\">Votre contact pour des questions sur stockage<\/h3>\n\n\n\n<div class=\"wp-block-columns\">\n<div class=\"wp-block-column\">\n<div class=\"wp-block-cloudweb-person-card is-style-without-languages wp-block-cloudweb-person-card-dynamic\">\n\t<div class=\"person-card-info\">\n\t\t<div class=\"person-card-image\">\n\t\t\t<img decoding=\"async\" src=\"https:\/\/www.fenaco-gof.ch\/wp-content\/uploads\/2023\/12\/Rust_Sarah_GOF_2017-2.jpg\" alt=\"\" width=\"400\" height=\"400\" loading=\"lazy\" \/>\t\t<\/div>\n\t\t<div class=\"person-card-details\">\n\t\t\t<h2 class=\"person-card-name\">Sarah Rust<\/h2>\n\t\t\t<p class=\"person-card-detail\">Responsable du management de qualit\u00e9, MAXI, sites \/ Membre de la direction<\/p><\/div>\n\t<\/div>\n\t<div class=\"person-card-contact\">\n\t\t\t\t\t<p class=\"person-card-phone\">\n\t\t\t\t<a href=\"tel:+41584336489\" itemprop=\"telephone\" title=\"Call us\">+41 58 433 64 89<\/a>\t\t\t<\/p>\n\t\t\t\t\t\t\t\t\t<p class=\"person-card-mail\">\n\t\t\t\t<a href=\"mailto:&#115;a&#114;%61h%2e&#114;u%73t%40&#102;%65%6ea&#99;&#111;&#46;%63%6fm\" title=\"Email us\" itemprop=\"email\">s&#97;rah.rus&#116;&#64;&#102;&#101;&#110;a&#99;o&#46;com<\/a>\t\t\t<\/p>\n\t\t\n\t<\/div>\n\t<\/div>\n<\/div>\n\n\n\n<div class=\"wp-block-column\"><\/div>\n<\/div>\n","protected":false},"excerpt":{"rendered":"<p>Avec des lieux de stockage strat\u00e9giquement situ\u00e9s, fenaco C\u00e9r\u00e9ales, ol\u00e9agineux, mati\u00e8res premi\u00e8res (GOF) assure une cha\u00eene de transport optimale. Nous collaborons avec divers entrepositaires en Suisse et \u00e0 l&rsquo;\u00e9tranger afin d&rsquo;\u00e9viter les d\u00e9tours et assurons en Suisse la conservation optimale des quantit\u00e9s r\u00e9colt\u00e9es par nos productrices et producteurs. En exploitant notamment ses propres silos \u00e0 [&hellip;]<\/p>\n","protected":false},"author":4,"featured_media":0,"parent":0,"menu_order":0,"comment_status":"closed","ping_status":"closed","template":"","meta":{"_acf_changed":false,"inline_featured_image":false,"_genesis_hide_title":false,"_genesis_hide_breadcrumbs":false,"_genesis_hide_singular_image":false,"_genesis_hide_footer_widgets":false,"_genesis_custom_body_class":"","_genesis_custom_post_class":"","_genesis_layout":"","footnotes":""},"class_list":{"0":"post-1877","1":"page","2":"type-page","3":"status-publish","5":"entry"},"acf":[],"_links":{"self":[{"href":"https:\/\/www.fenaco-gof.ch\/fr\/wp-json\/wp\/v2\/pages\/1877","targetHints":{"allow":["GET"]}}],"collection":[{"href":"https:\/\/www.fenaco-gof.ch\/fr\/wp-json\/wp\/v2\/pages"}],"about":[{"href":"https:\/\/www.fenaco-gof.ch\/fr\/wp-json\/wp\/v2\/types\/page"}],"author":[{"embeddable":true,"href":"https:\/\/www.fenaco-gof.ch\/fr\/wp-json\/wp\/v2\/users\/4"}],"replies":[{"embeddable":true,"href":"https:\/\/www.fenaco-gof.ch\/fr\/wp-json\/wp\/v2\/comments?post=1877"}],"version-history":[{"count":0,"href":"https:\/\/www.fenaco-gof.ch\/fr\/wp-json\/wp\/v2\/pages\/1877\/revisions"}],"wp:attachment":[{"href":"https:\/\/www.fenaco-gof.ch\/fr\/wp-json\/wp\/v2\/media?parent=1877"}],"curies":[{"name":"wp","href":"https:\/\/api.w.org\/{rel}","templated":true}]}}