{"id":1935,"date":"2023-12-11T17:13:10","date_gmt":"2023-12-11T16:13:10","guid":{"rendered":"https:\/\/fenacogof.wpengine.com\/links\/"},"modified":"2024-01-03T10:17:31","modified_gmt":"2024-01-03T09:17:31","slug":"liens","status":"publish","type":"page","link":"https:\/\/www.fenaco-gof.ch\/fr\/liens\/","title":{"rendered":"Liens"},"content":{"rendered":"\n<p>Les soci\u00e9t\u00e9s de fenaco dans le domaine d&rsquo;activit\u00e9 Agro<\/p>\n\n\n\n<ul class=\"wp-block-list\">\n<li><a href=\"http:\/\/www.fenaco.com\/deu\/default.shtml\" target=\"_blank\" rel=\"noreferrer noopener\">fenaco<\/a><\/li>\n\n\n\n<li><a href=\"https:\/\/www.agroline.ch\/\" target=\"_blank\" rel=\"noopener\">Agroline<\/a><\/li>\n\n\n\n<li><a href=\"https:\/\/www.anicom.ch\/\" target=\"_blank\" rel=\"noreferrer noopener\">anicom<\/a><\/li>\n\n\n\n<li><a href=\"https:\/\/groupeserco.com\/de\/\" target=\"_blank\" rel=\"noopener\">serco<\/a><\/li>\n\n\n\n<li><a href=\"https:\/\/www.landor.ch\/\" target=\"_blank\" rel=\"noopener\">Landor<\/a><\/li>\n\n\n\n<li><a href=\"https:\/\/www.melior.ch\/\" target=\"_blank\" rel=\"noopener\">melior<\/a><\/li>\n\n\n\n<li><a href=\"https:\/\/www.ufa.ch\/\" target=\"_blank\" rel=\"noopener\">UFA<\/a><\/li>\n\n\n\n<li><a href=\"https:\/\/www.ufasamen.ch\/\" target=\"_blank\" rel=\"noopener\">UFA-Samen<\/a><\/li>\n<\/ul>\n\n\n\n<p>Branche<\/p>\n\n\n\n<ul class=\"wp-block-list\">\n<li><a href=\"http:\/\/www.bauernverband.ch\/\" target=\"_blank\" rel=\"noreferrer noopener\">Schweizerischer Bauernverband<\/a><\/li>\n\n\n\n<li><a href=\"http:\/\/www.swissgranum.ch\/home\" target=\"_blank\" rel=\"noreferrer noopener\">Swiss granum<\/a><\/li>\n\n\n\n<li><a href=\"http:\/\/www.sgpv.ch\/\" target=\"_blank\" rel=\"noreferrer noopener\">Getreideproduzentenverband<\/a><\/li>\n\n\n\n<li><a href=\"http:\/\/www.ipsuisse.ch\/\" target=\"_blank\" rel=\"noreferrer noopener\">IP-Suisse<\/a><\/li>\n\n\n\n<li><a href=\"http:\/\/www.landwirtschaft.ch\/de\/\" target=\"_blank\" rel=\"noreferrer noopener\">Landwirtschaft.CH<\/a><\/li>\n\n\n\n<li><a href=\"http:\/\/www.reservesuisse.ch\/index.php\" target=\"_blank\" rel=\"noreferrer noopener\">r\u00e9servesuisse<\/a><\/li>\n\n\n\n<li><a href=\"http:\/\/www.sojanetzwerk.ch\/\" target=\"_blank\" rel=\"noreferrer noopener\">Sojanetzwerk<\/a><\/li>\n\n\n\n<li><a href=\"http:\/\/www.swisssem.ch\/\" target=\"_blank\" rel=\"noreferrer noopener\">Schweiz. Saatgutproduzentenverband<\/a><\/li>\n\n\n\n<li><a href=\"https:\/\/www.agrarforschungschweiz.ch\/\" target=\"_blank\" rel=\"noreferrer noopener\">Agrarforschung<\/a><\/li>\n\n\n\n<li><a href=\"https:\/\/www.blw.admin.ch\/blw\/de\/home.html\" target=\"_blank\" rel=\"noreferrer noopener\">Bundesamt f\u00fcr Landwirtschaft (BLW)<\/a><\/li>\n<\/ul>\n\n\n\n<h2 class=\"wp-block-heading\">Mention l\u00e9gale<\/h2>\n\n\n\n<p>Tous les liens externes propos\u00e9s repr\u00e9sentent une s\u00e9lection subjective de liens sur d\u2019autres site internet. Le\/les auteur(s)\/propri\u00e9taire(s) sont eux-m\u00eames responsables de leur contenu. fenaco se distancie formellement d\u2019\u00e9ventuels contenus ill\u00e9gaux, choquants moralement ou \u00e9thiquement ou portant atteinte \u00e0 la personne, de ces pages externes. Lors du r\u00e9f\u00e9rencement des liens, ceux-ci ont fait l\u2019objet d\u2019un contr\u00f4le sur leur pertinence du point de vue p\u00e9nal et civil, il est toutefois dans la nature de tels liens de changer relativement rapidement. Si vous constatez, dans un des liens que nous proposons, des contenus suspects du point de vue juridique, nous vous prions de nous en informer imm\u00e9diatement afin que nous puissions contr\u00f4ler ce lien et le supprimer si n\u00e9cessaire.<\/p>\n","protected":false},"excerpt":{"rendered":"<p>Les soci\u00e9t\u00e9s de fenaco dans le domaine d&rsquo;activit\u00e9 Agro Branche Mention l\u00e9gale Tous les liens externes propos\u00e9s repr\u00e9sentent une s\u00e9lection subjective de liens sur d\u2019autres site internet. Le\/les auteur(s)\/propri\u00e9taire(s) sont eux-m\u00eames responsables de leur contenu. fenaco se distancie formellement d\u2019\u00e9ventuels contenus ill\u00e9gaux, choquants moralement ou \u00e9thiquement ou portant atteinte \u00e0 la personne, de ces pages [&hellip;]<\/p>\n","protected":false},"author":4,"featured_media":0,"parent":0,"menu_order":0,"comment_status":"closed","ping_status":"closed","template":"","meta":{"_acf_changed":false,"inline_featured_image":false,"_genesis_hide_title":false,"_genesis_hide_breadcrumbs":false,"_genesis_hide_singular_image":false,"_genesis_hide_footer_widgets":false,"_genesis_custom_body_class":"","_genesis_custom_post_class":"","_genesis_layout":"","footnotes":""},"class_list":{"0":"post-1935","1":"page","2":"type-page","3":"status-publish","5":"entry"},"acf":[],"_links":{"self":[{"href":"https:\/\/www.fenaco-gof.ch\/fr\/wp-json\/wp\/v2\/pages\/1935","targetHints":{"allow":["GET"]}}],"collection":[{"href":"https:\/\/www.fenaco-gof.ch\/fr\/wp-json\/wp\/v2\/pages"}],"about":[{"href":"https:\/\/www.fenaco-gof.ch\/fr\/wp-json\/wp\/v2\/types\/page"}],"author":[{"embeddable":true,"href":"https:\/\/www.fenaco-gof.ch\/fr\/wp-json\/wp\/v2\/users\/4"}],"replies":[{"embeddable":true,"href":"https:\/\/www.fenaco-gof.ch\/fr\/wp-json\/wp\/v2\/comments?post=1935"}],"version-history":[{"count":0,"href":"https:\/\/www.fenaco-gof.ch\/fr\/wp-json\/wp\/v2\/pages\/1935\/revisions"}],"wp:attachment":[{"href":"https:\/\/www.fenaco-gof.ch\/fr\/wp-json\/wp\/v2\/media?parent=1935"}],"curies":[{"name":"wp","href":"https:\/\/api.w.org\/{rel}","templated":true}]}}