{"id":2049,"date":"2023-10-18T12:25:31","date_gmt":"2023-10-18T11:25:31","guid":{"rendered":"https:\/\/fenacogof.wpengine.com\/front-page\/"},"modified":"2025-12-05T15:28:39","modified_gmt":"2025-12-05T14:28:39","slug":"front-page","status":"publish","type":"page","link":"https:\/\/www.fenaco-gof.ch\/fr\/","title":{"rendered":"Front Page"},"content":{"rendered":"\n<div class=\"wp-block-cloudweb-hero-slider alignfull\" style=\"--bg-color: null\" data-settings=\"{&quot;dots&quot;:false,&quot;arrows&quot;:false,&quot;infinite&quot;:false,&quot;speed&quot;:300,&quot;slidesToShow&quot;:1,&quot;slidesToScroll&quot;:1,&quot;autoplay&quot;:false,&quot;autoplaySpeed&quot;:3000}\">\n<div class=\"wp-block-cloudweb-hero-slide\"><img loading=\"lazy\" decoding=\"async\" class=\"wp-image-1100\" src=\"https:\/\/www.fenaco-gof.ch\/wp-content\/uploads\/2023\/12\/shutterstock_107643413-scaled.jpg\" alt=\"\" width=\"2560\" height=\"1707\" srcset=\"https:\/\/www.fenaco-gof.ch\/wp-content\/uploads\/2023\/12\/shutterstock_107643413-scaled.jpg 2560w, https:\/\/www.fenaco-gof.ch\/wp-content\/uploads\/2023\/12\/shutterstock_107643413-300x200.jpg 300w, https:\/\/www.fenaco-gof.ch\/wp-content\/uploads\/2023\/12\/shutterstock_107643413-1024x683.jpg 1024w, https:\/\/www.fenaco-gof.ch\/wp-content\/uploads\/2023\/12\/shutterstock_107643413-768x512.jpg 768w, https:\/\/www.fenaco-gof.ch\/wp-content\/uploads\/2023\/12\/shutterstock_107643413-1536x1024.jpg 1536w, https:\/\/www.fenaco-gof.ch\/wp-content\/uploads\/2023\/12\/shutterstock_107643413-2048x1365.jpg 2048w\" sizes=\"auto, (max-width: 2560px) 100vw, 2560px\" \/><\/div>\n<\/div>\n\n\n\n<div class=\"wp-block-cloudweb-partnership\">\n<div class=\"wp-block-cloudweb-partnership-intro\">\n<h2 class=\"wp-block-heading\">Un partenaire fiable<\/h2>\n\n\n\n<p><strong>L\u2019unit\u00e9 d\u2019activit\u00e9&nbsp;c\u00e9r\u00e9ales, ol\u00e9agineux, mati\u00e8res premi\u00e8res<\/strong><\/p>\n\n\n\n<p>Nous misons sur la valeur de la confiance, entretenons une culture de l&rsquo;estime et mettons l&rsquo;accent sur une action orient\u00e9e vers les solutions.<\/p>\n\n\n\n<p>Efficaces et comp\u00e9tents, nous misons sur un partenariat transparent et durable. Nos bureaux sont \u00e0 Puidoux, Berne, Sursee et Winterthour. Nous sommes conscients de notre responsabilit\u00e9 envers les consommatrices et consommateurs, mais \u00e9galement envers les productrices et producteurs de viande et envers les agricultrices et agriculteurs pratiquant la production v\u00e9g\u00e9tale. Dans cette optique, nous nous effor\u00e7ons d\u2019appliquer une politique commerciale ouverte, loyale et simple.<\/p>\n\n\n\n<div class=\"wp-block-button is-style-fill is-style-fill--1\"><a class=\"wp-block-button__link wp-element-button\" href=\"https:\/\/www.fenaco-gof.ch\/fr\/contact\/\">Contact<\/a><\/div>\n<\/div>\n\n\n\n<div class=\"wp-block-cloudweb-partnership-boxes\">\n<div class=\"wp-block-cloudweb-partnership-box\"><div class=\"partnership-box-icon\"><img loading=\"lazy\" decoding=\"async\" class=\"wp-image-165\" src=\"https:\/\/www.fenaco-gof.ch\/wp-content\/uploads\/2023\/11\/people.svg\" alt=\"\" width=\"52\" height=\"56\"\/><\/div><h3><a href=\"https:\/\/www.fenaco-gof.ch\/fr\/mitarbeitende\/\" data-type=\"page\" data-id=\"1818\">Une \u00e9quipe comp\u00e9tente<\/a><\/h3><p>Notre \u00e9quipe de sp\u00e9cialistes est toujours \u00e0 vos c\u00f4t\u00e9s pour vous conseiller et vous assister.<\/p><\/div>\n\n\n\n<div class=\"wp-block-cloudweb-partnership-box\"><div class=\"partnership-box-icon\"><img loading=\"lazy\" decoding=\"async\" class=\"wp-image-178\" src=\"https:\/\/www.fenaco-gof.ch\/wp-content\/uploads\/2023\/11\/map.svg\" alt=\"\" width=\"52\" height=\"34\"\/><\/div><h3><a href=\"https:\/\/www.fenaco-gof.ch\/fr\/emplacements\/\" data-type=\"page\" data-id=\"306\">6 emplacements<\/a><\/h3><p>Notre pr\u00e9sence g\u00e9ographique nous permet de fournir des services efficaces et efficients<\/p><\/div>\n\n\n\n<div class=\"wp-block-cloudweb-partnership-box\"><div class=\"partnership-box-icon\"><img loading=\"lazy\" decoding=\"async\" class=\"wp-image-172\" src=\"https:\/\/www.fenaco-gof.ch\/wp-content\/uploads\/2023\/11\/signature.svg\" alt=\"\" width=\"52\" height=\"49\"\/><\/div><h3><a href=\"https:\/\/www.fenaco-gof.ch\/fr\/qualite\/\" data-type=\"page\" data-id=\"1156\">Certification<\/a><\/h3><p>Nos certifications soulignent notre engagement pour la qualit\u00e9 et la s\u00e9curit\u00e9<\/p><\/div>\n\n\n\n<div class=\"wp-block-cloudweb-partnership-box\"><div class=\"partnership-box-icon\"><img loading=\"lazy\" decoding=\"async\" class=\"wp-image-175\" src=\"https:\/\/www.fenaco-gof.ch\/wp-content\/uploads\/2023\/11\/star.svg\" alt=\"\" width=\"52\" height=\"53\"\/><\/div><h3><a href=\"https:\/\/www.fenaco-gof.ch\/fr\/notre-profil\/\" data-type=\"page\" data-id=\"684\">Innovation<\/a><\/h3><p>Depuis 1993, nous encourageons l&rsquo;innovation et construisons des partenariats durables.<\/p><\/div>\n<\/div>\n<\/div>\n\n\n\n<div class=\"wp-block-cloudweb-offer-boxes alignwide\"><div class=\"offer-boxes-title\"><h2>Ce que nous offrons<\/h2><\/div><div class=\"offer-boxes\">\n<div class=\"wp-block-cloudweb-offer-box\"><div class=\"offer-box\"><img loading=\"lazy\" decoding=\"async\" src=\"https:\/\/www.fenaco-gof.ch\/wp-content\/uploads\/2023\/12\/shutterstock_107643413-620x1242.jpg\" alt=\"\" width=\"2560\" height=\"1707\"\/><div class=\"offer-box-content\">\n<h2 class=\"wp-block-heading\">Denr\u00e9es alimentaires<\/h2>\n\n\n\n<p><a href=\"https:\/\/www.fenaco-gof.ch\/fr\/cereales-panifiables\/\" data-type=\"page\" data-id=\"291\">C\u00e9r\u00e9ales panifiables<\/a><\/p>\n\n\n\n<p><a href=\"https:\/\/www.fenaco-gof.ch\/fr\/oleagineux\/\" data-type=\"page\" data-id=\"292\">Ol\u00e9agineux<\/a><\/p>\n<\/div><\/div><\/div>\n\n\n\n<div class=\"wp-block-cloudweb-offer-box\"><div class=\"offer-box\"><img loading=\"lazy\" decoding=\"async\" src=\"https:\/\/www.fenaco-gof.ch\/wp-content\/uploads\/2023\/12\/shutterstock_1218690271-620x1242.jpg\" alt=\"\" width=\"2560\" height=\"1704\"\/><div class=\"offer-box-content\">\n<h2 class=\"wp-block-heading\">Mati\u00e8res premi\u00e8res<\/h2>\n\n\n\n<p><a href=\"https:\/\/www.fenaco-gof.ch\/fr\/proteines-fourrageres\/\" data-type=\"page\" data-id=\"295\">Prot\u00e9ines fourrag\u00e8res<\/a><\/p>\n\n\n\n<p><a href=\"https:\/\/www.fenaco-gof.ch\/fr\/cereales-fourrageres\/\" data-type=\"page\" data-id=\"296\">C\u00e9r\u00e9ales fourrag\u00e8res<\/a><\/p>\n\n\n\n<p><a href=\"https:\/\/www.fenaco-gof.ch\/fr\/fourrages-grossiers-litiere-sels\/\" data-type=\"page\" data-id=\"298\">Fourrages grossiers, liti\u00e8res, sel<\/a><\/p>\n\n\n\n<p><a href=\"https:\/\/www.fenaco-gof.ch\/fr\/issues-de-meunerie\/\" data-type=\"page\" data-id=\"293\">Issues de meunerie<\/a><\/p>\n\n\n\n<p><a href=\"https:\/\/www.fenaco-gof.ch\/fr\/specialites\/\" data-type=\"page\" data-id=\"297\">Sp\u00e9cialit\u00e9s<\/a><\/p>\n<\/div><\/div><\/div>\n\n\n\n<div class=\"wp-block-cloudweb-offer-box\"><div class=\"offer-box\"><img loading=\"lazy\" decoding=\"async\" src=\"https:\/\/www.fenaco-gof.ch\/wp-content\/uploads\/2023\/11\/lebensmittel-620x1242.jpg\" alt=\"\" width=\"1080\" height=\"1863\"\/><div class=\"offer-box-content\">\n<h2 class=\"wp-block-heading\">Bio<\/h2>\n\n\n\n<p><a href=\"https:\/\/www.fenaco-gof.ch\/fr\/produits-et-equipe\/\" data-type=\"page\" data-id=\"1852\">Produits et \u00e9quipe<\/a><\/p>\n\n\n\n<p><a href=\"https:\/\/www.fenaco-gof.ch\/fr\/recolte-et-culture\/\" data-type=\"page\" data-id=\"1885\">R\u00e9colte et culture<\/a><\/p>\n<\/div><\/div><\/div>\n\n\n\n<div class=\"wp-block-cloudweb-offer-box\"><div class=\"offer-box\"><img loading=\"lazy\" decoding=\"async\" src=\"https:\/\/www.fenaco-gof.ch\/wp-content\/uploads\/2023\/11\/lager-logistik-620x1242.jpg\" alt=\"\" width=\"1080\" height=\"1863\"\/><div class=\"offer-box-content\">\n<h2 class=\"wp-block-heading\">Stockage &amp; Logistique<\/h2>\n\n\n\n<p><a href=\"https:\/\/www.fenaco-gof.ch\/fr\/stockage\/\" data-type=\"page\" data-id=\"1877\">Stockage<\/a><\/p>\n\n\n\n<p><a href=\"https:\/\/www.fenaco-gof.ch\/fr\/logistique\/\" data-type=\"page\" data-id=\"532\">Logistique<\/a><\/p>\n\n\n\n<p><a href=\"https:\/\/www.fenaco-gof.ch\/fr\/auhafen\/\" data-type=\"page\" data-id=\"534\">Auhafen<\/a><\/p>\n\n\n\n<p><a href=\"https:\/\/www.fenaco-gof.ch\/fr\/silo-olten\/\" data-type=\"page\" data-id=\"537\">Silo Olten<\/a><\/p>\n<\/div><\/div><\/div>\n<\/div><\/div>\n\n\n\n<div class=\"wp-block-group alignfull is-style-fenaco-news-group\">\n<h3 class=\"wp-block-heading\">News<\/h3>\n\n\n\n<div class=\"wp-block-cover aligncenter\"><img loading=\"lazy\" decoding=\"async\" width=\"2560\" height=\"747\" class=\"wp-block-cover__image-background wp-image-218\" alt=\"\" src=\"https:\/\/www.fenaco-gof.ch\/wp-content\/uploads\/2023\/11\/corn-field-scaled.jpg\" data-object-fit=\"cover\" srcset=\"https:\/\/www.fenaco-gof.ch\/wp-content\/uploads\/2023\/11\/corn-field-scaled.jpg 2560w, https:\/\/www.fenaco-gof.ch\/wp-content\/uploads\/2023\/11\/corn-field-300x88.jpg 300w, https:\/\/www.fenaco-gof.ch\/wp-content\/uploads\/2023\/11\/corn-field-1024x299.jpg 1024w, https:\/\/www.fenaco-gof.ch\/wp-content\/uploads\/2023\/11\/corn-field-768x224.jpg 768w, https:\/\/www.fenaco-gof.ch\/wp-content\/uploads\/2023\/11\/corn-field-1536x448.jpg 1536w, https:\/\/www.fenaco-gof.ch\/wp-content\/uploads\/2023\/11\/corn-field-2048x597.jpg 2048w\" sizes=\"auto, (max-width: 2560px) 100vw, 2560px\" \/><span aria-hidden=\"true\" class=\"wp-block-cover__background has-background-dim\"><\/span><div class=\"wp-block-cover__inner-container\">\n<div class=\"wp-block-query wp-block-query-fenaco-gof\"><ul class=\"wp-block-post-template\"><li class=\"wp-block-post post-4592 post type-post status-publish format-standard category-bio-fr entry\">\n<div class=\"wp-block-post-date\"><time datetime=\"2026-04-22T09:27:40+01:00\">22 avril 2026<\/time><\/div>\n\n<h2 class=\"wp-block-post-title\">Journ\u00e9es Suisses des Grandes Cultures Bio 2026 &#8211; Nous sommes pr\u00e9sents !<\/h2>\n\n<div class=\"wp-block-post-excerpt\"><p class=\"wp-block-post-excerpt__excerpt\">Les Journ\u00e9es Suisses des Grandes Cultures Bio sont le rendez\u2011vous incontournable de l\u2019agriculture biologique en Suisse \u2013 pratiques, inspirantes et tourn\u00e9es vers l\u2019avenir. L&rsquo;\u00e9v\u00e9nement aura lieu du 19 au 20 juin \u00e0 Diessenhofen (TG) et est accompagn\u00e9 et soutenu aussi par nous et r\u00e9unit des agricultrices et agriculteurs afin de favoriser de pr\u00e9cieux \u00e9changes entre\u2026<\/p><p class=\"wp-block-post-excerpt__more-text\"><a class=\"wp-block-post-excerpt__more-link\" href=\"https:\/\/www.fenaco-gof.ch\/fr\/bio-ackerbautage-2026-wir-sind-dabei\/\">Mehr erfahren<\/a><\/p><\/div>\n<\/li><li class=\"wp-block-post post-4530 post type-post status-publish format-standard category-medienbericht-fr entry\">\n<div class=\"wp-block-post-date\"><time datetime=\"2026-04-14T14:00:00+01:00\">14 avril 2026<\/time><\/div>\n\n<h2 class=\"wp-block-post-title\">Une tr\u00e8s bonne r\u00e9colte dans un contexte de march\u00e9 difficile\u00a0<\/h2>\n\n<div class=\"wp-block-post-excerpt\"><p class=\"wp-block-post-excerpt__excerpt\">La tr\u00e8s bonne r\u00e9colte de 2025 se retrouve confront\u00e9e \u00e0 un contexte de march\u00e9 difficile, caract\u00e9ris\u00e9 par des prix internationaux bas, des importations en hausse et une pression accrue sur les prix dans le commerce de d\u00e9tail. En cons\u00e9quence, les prix d\u2019achat des c\u00e9r\u00e9ales dans le syst\u00e8me MAXI sont inf\u00e9rieurs \u00e0 ceux des ann\u00e9es pr\u00e9c\u00e9dentes.\u2026<\/p><p class=\"wp-block-post-excerpt__more-text\"><a class=\"wp-block-post-excerpt__more-link\" href=\"https:\/\/www.fenaco-gof.ch\/fr\/sehr-gute-ernte-in-anspruchsvollem-marktumfeld\/\">Mehr erfahren<\/a><\/p><\/div>\n<\/li><li class=\"wp-block-post post-4565 post type-post status-publish format-standard category-medienbericht-fr tag-getreidehandel-fr entry\">\n<div class=\"wp-block-post-date\"><time datetime=\"2026-04-13T04:58:51+01:00\">13 avril 2026<\/time><\/div>\n\n<h2 class=\"wp-block-post-title\">Une r\u00e9colte solide face \u00e0 la complexit\u00e9 du march\u00e9<\/h2>\n\n<div class=\"wp-block-post-excerpt\"><p class=\"wp-block-post-excerpt__excerpt\">La r\u00e9colte 2025 a donn\u00e9 des quantit\u00e9s importantes et de grande qualit\u00e9, mettant les march\u00e9s face \u00e0 de nouvelles responsabilit\u00e9s. L\u2019interaction entre des b\u00e9n\u00e9fices record, les principaux canaux de vente et la croissance des stocks de report montre \u00e0 quel point la cha\u00eene de valeur devra \u00eatre finement \u00e9quilibr\u00e9e cette ann\u00e9e. Joseph von Rotz, Responsable\u2026<\/p><p class=\"wp-block-post-excerpt__more-text\"><a class=\"wp-block-post-excerpt__more-link\" href=\"https:\/\/www.fenaco-gof.ch\/fr\/une-recolte-solide-face-a-la-complexite-du-marche\/\">Mehr erfahren<\/a><\/p><\/div>\n<\/li><\/ul><\/div>\n<\/div><\/div>\n<\/div>\n\n\n\n<div class=\"wp-block-media-text has-media-on-the-right is-stacked-on-mobile is-style-fenaco-media-text\"><div class=\"wp-block-media-text__content\">\n<h3 class=\"wp-block-heading\">Pourquoi travailler avec nous?<\/h3>\n\n\n\n<p>Confiance &#8211; estime &#8211; orient\u00e9 solutions<\/p>\n\n\n\n<p>Nous misons sur la valeur de la confiance, entretenons une culture de l&rsquo;estime et mettons l&rsquo;accent sur l&rsquo;action orient\u00e9e vers les solutions.<br>Nous agissons en tant que partenaire fiable dans le secteur agricole.<\/p>\n\n\n\n<div class=\"wp-block-button is-style-default is-style-fill is-style-fill--2\"><a class=\"wp-block-button__link wp-element-button\" href=\"https:\/\/www.fenaco-gof.ch\/fr\/notre-profil\/\">En savoir plus<\/a><\/div>\n<\/div><figure class=\"wp-block-media-text__media\"><img loading=\"lazy\" decoding=\"async\" width=\"1024\" height=\"768\" src=\"https:\/\/www.fenaco-gof.ch\/wp-content\/uploads\/2025\/12\/fenaco_Puidoux-1024x768.jpg\" alt=\"\" class=\"wp-image-4348 size-full\" srcset=\"https:\/\/www.fenaco-gof.ch\/wp-content\/uploads\/2025\/12\/fenaco_Puidoux-1024x768.jpg 1024w, https:\/\/www.fenaco-gof.ch\/wp-content\/uploads\/2025\/12\/fenaco_Puidoux-300x225.jpg 300w, https:\/\/www.fenaco-gof.ch\/wp-content\/uploads\/2025\/12\/fenaco_Puidoux-768x576.jpg 768w, https:\/\/www.fenaco-gof.ch\/wp-content\/uploads\/2025\/12\/fenaco_Puidoux-1536x1152.jpg 1536w, https:\/\/www.fenaco-gof.ch\/wp-content\/uploads\/2025\/12\/fenaco_Puidoux-2048x1536.jpg 2048w\" sizes=\"auto, (max-width: 1024px) 100vw, 1024px\" \/><\/figure><\/div>\n\n\n\n<div class=\"wp-block-media-text is-stacked-on-mobile is-style-fenaco-media-text\"><figure class=\"wp-block-media-text__media\"><img loading=\"lazy\" decoding=\"async\" width=\"1024\" height=\"681\" src=\"https:\/\/www.fenaco-gof.ch\/wp-content\/uploads\/2025\/12\/fenaco_Bern-1024x681.jpg\" alt=\"\" class=\"wp-image-4351 size-full\" srcset=\"https:\/\/www.fenaco-gof.ch\/wp-content\/uploads\/2025\/12\/fenaco_Bern-1024x681.jpg 1024w, https:\/\/www.fenaco-gof.ch\/wp-content\/uploads\/2025\/12\/fenaco_Bern-300x200.jpg 300w, https:\/\/www.fenaco-gof.ch\/wp-content\/uploads\/2025\/12\/fenaco_Bern-768x511.jpg 768w, https:\/\/www.fenaco-gof.ch\/wp-content\/uploads\/2025\/12\/fenaco_Bern-1536x1022.jpg 1536w, https:\/\/www.fenaco-gof.ch\/wp-content\/uploads\/2025\/12\/fenaco_Bern-2048x1363.jpg 2048w\" sizes=\"auto, (max-width: 1024px) 100vw, 1024px\" \/><\/figure><div class=\"wp-block-media-text__content\">\n<h3 class=\"wp-block-heading\">Ce qui nous qualifie<\/h3>\n\n\n\n<p>Des expertes engag\u00e9s \u00e0 vos c\u00f4t\u00e9s<\/p>\n\n\n\n<p>Notre \u00e9quipe exp\u00e9riment\u00e9e et notre large r\u00e9seau nous permettent de proposer des services efficaces et efficients dans le secteur agricole.<\/p>\n\n\n\n<div class=\"wp-block-button is-style-default is-style-fill is-style-fill--3\"><a class=\"wp-block-button__link wp-element-button\" href=\"https:\/\/www.fenaco-gof.ch\/fr\/equipe\/\">Notre \u00e9quipe<\/a><\/div>\n<\/div><\/div>\n\n\n<div class=\"wp-block-cloudweb-standorte\">\n\t<div class=\"standorte\">\n\t\t<div class=\"standorte-title\">\n\t\t\t<h2><\/h2>\n\t\t<\/div>\n\t\t<div class=\"standorte-content\">\n\t\t\t<div class=\"standorte-map-wrapper\">\n\t\t\t\t<div class=\"standorte-map\">\n\t\t\t\t\t<img decoding=\"async\" class=\"standorte-map-img\" src=\"https:\/\/www.fenaco-gof.ch\/wp-content\/uploads\/2023\/11\/the-map.svg\"\n\t\t\t\t\t\t alt=\"\">\n\t\t\t\t<\/div>\n\t\t\t\t<div class=\"standorte-map-pins\">\n\t\t\t\t\t<div class=\"standorte-map-pin\" data-x=\"32.5610519724\" data-y=\"28.6787726988\" data-id=\"0\"><i class=\"icon icon-pin\"><\/i><\/div><div class=\"standorte-map-pin\" data-x=\"61.9678557428\" data-y=\"11.6660133281\" data-id=\"1\"><i class=\"icon icon-pin\"><\/i><\/div><div class=\"standorte-map-pin\" data-x=\"49.5491963936\" data-y=\"21.8267346139\" data-id=\"2\"><i class=\"icon icon-pin\"><\/i><\/div><div class=\"standorte-map-pin\" data-x=\"17.6581089543\" data-y=\"42.8303068253\" data-id=\"3\"><i class=\"icon icon-pin\"><\/i><\/div><div class=\"standorte-map-pin\" data-x=\"37.5068600549\" data-y=\"9.28263426107\" data-id=\"4\"><i class=\"icon icon-pin\"><\/i><\/div><div class=\"standorte-map-pin\" data-x=\"43.7789102313\" data-y=\"15.5546844375\" data-id=\"5\"><i class=\"icon icon-pin\"><\/i><\/div>\t\t\t\t<\/div>\n\t\t\t<\/div>\n\t\t\t<div class=\"standorte-sidebar\">\n\t\t\t\t<div class=\"standorte-sidebar-item close\" data-id=\"0\"><div class=\"standorte-sidebar-item-title\"><h3>Bern<\/h3><\/div><div class=\"standorte-sidebar-item-content\"><p>fenaco Genossenschaft<br>Getreide, \u00d6lsaaten, Futtermittel<br>Erlachstrasse 5<br>CH &#8211; 3001 Bern<\/p><div class=\"standorte-sidebar-item-content-footer\"><p><span>Tel.<\/span> <a href=\"tel:+41584340000\" itemprop=\"telephone\" title=\"Call us\">+41 58 434 00 00<\/a><\/p><\/div><\/div><\/div><div class=\"standorte-sidebar-item close\" data-id=\"1\"><div class=\"standorte-sidebar-item-title\"><h3>Winterthur<\/h3><\/div><div class=\"standorte-sidebar-item-content\"><p>fenaco Genossenschaft<br>Getreide, \u00d6lsaaten, Futtermittel<br>Theaterstrasse 15a<br>CH &#8211; 8401 Winterthur<\/p><div class=\"standorte-sidebar-item-content-footer\"><p><span>Tel.<\/span> <a href=\"tel:+41584336465\" itemprop=\"telephone\" title=\"Call us\">+41 58 433 64 65<\/a><\/p><\/div><\/div><\/div><div class=\"standorte-sidebar-item close\" data-id=\"2\"><div class=\"standorte-sidebar-item-title\"><h3>Sursee<\/h3><\/div><div class=\"standorte-sidebar-item-content\"><p>fenaco Genossenschaft<br>Getreide, \u00d6lsaaten, Futtermittel<br>Obstfeldstrasse 1<br>CH &#8211; 6210 Sursee<\/p><div class=\"standorte-sidebar-item-content-footer\"><p><span>Tel.<\/span> <a href=\"tel:+41584336448\" itemprop=\"telephone\" title=\"Call us\">+41 58 433 64 48<\/a><\/p><\/div><\/div><\/div><div class=\"standorte-sidebar-item close\" data-id=\"3\"><div class=\"standorte-sidebar-item-title\"><h3>Puidoux<\/h3><\/div><div class=\"standorte-sidebar-item-content\"><p>fenaco soci\u00e9t\u00e9 coop\u00e9rative<br>C\u00e9r\u00e9ales, ol\u00e9agineux, mati\u00e8res premi\u00e8res<br>Route de Chardonne 2<br>CH &#8211; 1070 Puidoux<\/p><div class=\"standorte-sidebar-item-content-footer\"><p><span>Tel.<\/span> <a href=\"tel:+41584337000\" itemprop=\"telephone\" title=\"Call us\">+41 58 433 70 00<\/a><\/p><\/div><\/div><\/div><div class=\"standorte-sidebar-item close\" data-id=\"4\"><div class=\"standorte-sidebar-item-title\"><h3>Auhafen<\/h3><\/div><div class=\"standorte-sidebar-item-content\"><p>fenaco Genossenschaft<br>Silo Auhafen<br>Auhafenstrasse 131a<br>CH &#8211; 4127 Birsfelden<\/p><div class=\"standorte-sidebar-item-content-footer\"><p><span>Tel.<\/span> <a href=\"tel:+41584337366\" itemprop=\"telephone\" title=\"Call us\">+41 58 433 73 66<\/a><\/p><\/div><\/div><\/div><div class=\"standorte-sidebar-item close\" data-id=\"5\"><div class=\"standorte-sidebar-item-title\"><h3>Silo Olten<\/h3><\/div><div class=\"standorte-sidebar-item-content\"><p>fenaco Genossenschaft<br>Silo Olten<br>Industriestrasse 138<br>CH &#8211; 4600 Olten<\/p><div class=\"standorte-sidebar-item-content-footer\"><p><span>Tel.<\/span> <a href=\"tel:+41\u00a0622962142\" itemprop=\"telephone\" title=\"Call us\">+41\u00a062 296 21 42<\/a><\/p><\/div><\/div><\/div>\t\t\t<\/div>\n\t\t<\/div>\n\t<\/div>\n<\/div>\n","protected":false},"excerpt":{"rendered":"<p>News<\/p>\n","protected":false},"author":2,"featured_media":0,"parent":0,"menu_order":0,"comment_status":"closed","ping_status":"closed","template":"","meta":{"_acf_changed":false,"inline_featured_image":false,"_genesis_hide_title":false,"_genesis_hide_breadcrumbs":false,"_genesis_hide_singular_image":false,"_genesis_hide_footer_widgets":false,"_genesis_custom_body_class":"","_genesis_custom_post_class":"","_genesis_layout":"","footnotes":""},"class_list":{"0":"post-2049","1":"page","2":"type-page","3":"status-publish","5":"entry"},"acf":[],"_links":{"self":[{"href":"https:\/\/www.fenaco-gof.ch\/fr\/wp-json\/wp\/v2\/pages\/2049","targetHints":{"allow":["GET"]}}],"collection":[{"href":"https:\/\/www.fenaco-gof.ch\/fr\/wp-json\/wp\/v2\/pages"}],"about":[{"href":"https:\/\/www.fenaco-gof.ch\/fr\/wp-json\/wp\/v2\/types\/page"}],"author":[{"embeddable":true,"href":"https:\/\/www.fenaco-gof.ch\/fr\/wp-json\/wp\/v2\/users\/2"}],"replies":[{"embeddable":true,"href":"https:\/\/www.fenaco-gof.ch\/fr\/wp-json\/wp\/v2\/comments?post=2049"}],"version-history":[{"count":0,"href":"https:\/\/www.fenaco-gof.ch\/fr\/wp-json\/wp\/v2\/pages\/2049\/revisions"}],"wp:attachment":[{"href":"https:\/\/www.fenaco-gof.ch\/fr\/wp-json\/wp\/v2\/media?parent=2049"}],"curies":[{"name":"wp","href":"https:\/\/api.w.org\/{rel}","templated":true}]}}