{"id":2339,"date":"2024-02-21T07:53:27","date_gmt":"2024-02-21T06:53:27","guid":{"rendered":"https:\/\/www.fenaco-gof.ch\/neue-referenzen\/"},"modified":"2024-04-11T14:21:00","modified_gmt":"2024-04-11T13:21:00","slug":"01-24","status":"publish","type":"page","link":"https:\/\/www.fenaco-gof.ch\/fr\/01-24\/","title":{"rendered":"! INFO ! : Nouvelle r\u00e9f\u00e9rence !"},"content":{"rendered":"\n<p>Mesdames et Messieurs<\/p>\n\n\n\n<p>Nos processus ne pouvaient plus \u00eatre optimis\u00e9s avec le \u00ab\u00a0num\u00e9ro de commande\/lib\u00e9ration\u00a0\u00bb. Afin de garantir notre performance en termes d&rsquo;am\u00e9lioration du flux d&rsquo;informations, de tra\u00e7abilit\u00e9, d&rsquo;automatisation et de num\u00e9risation, nous avons modifi\u00e9 notre communication pour utiliser des r\u00e9f\u00e9rences de livraison.&nbsp;<\/p>\n\n\n\n<p>Cela signifie qu&rsquo;au lieu d&rsquo;attribuer un \u00ab\u00a0num\u00e9ro de commande\/lib\u00e9ration\u00a0\u00bb pour 4 camions par exemple, nous attribuerons 4 r\u00e9f\u00e9rences pour chaque camion (1 r\u00e9f\u00e9rence par moyen de transport) avec le \u00ab\u00a0num\u00e9ro de livraison\/GSIN\u00a0\u00bb.&nbsp;<\/p>\n\n\n\n<p>En interne, nous avons modifi\u00e9 les processus en d\u00e9cembre 2023, et \u00e0 partir de mars 2024, toutes les livraisons UFA SA ne fonctionneront plus qu&rsquo;avec le \u00ab\u00a0NUM\u00c9RO DE LIVRAISON\/GSIN\u00a0\u00bb. Nous vous prions de vous pr\u00e9parer si, en plus du num\u00e9ro de commande\/lib\u00e9ration, on vous demande \u00e9galement le num\u00e9ro de livraison\/num\u00e9ro GSIN, afin d&rsquo;\u00e9viter des retards lors du chargement ou du d\u00e9chargement.&nbsp;<\/p>\n\n\n\n<p>Dans le cadre d&rsquo;une tra\u00e7abilit\u00e9 et d&rsquo;une automatisation compl\u00e8tes par moyen de transport, il est imp\u00e9ratif que le \u00ab\u00a0num\u00e9ro de livraison\/GSIN\u00a0\u00bb soit utilis\u00e9 \u00e0 l&rsquo;avenir sur tous les documents que vous cr\u00e9ez, au lieu du bien connu \u00ab\u00a0num\u00e9ro de commande\/lib\u00e9ration\u00a0\u00bb.&nbsp;<\/p>\n\n\n\n<p>Dans les mois \u00e0 venir, le traitement des factures fournisseurs passera au \u00ab\u00a0num\u00e9ro de livraison\/GSIN\u00a0\u00bb.&nbsp;<\/p>\n\n\n\n<p>Veuillez noter que le \u00ab\u00a0num\u00e9ro de livraison\/GSIN\u00a0\u00bb est un num\u00e9ro qui est unique et qui ne peut \u00eatre utilis\u00e9 qu&rsquo;une seule fois.<\/p>\n\n\n\n<p>Si vous avez des questions, vous trouverez ci-dessous une FAQ avec les questions que vous pourriez vous poser. Si vous avez d&rsquo;autres questions, veuillez vous adresser \u00e0 la personne qui vous a remis le document contenant le lien vers cette page. Cette personne sera certainement capable de vous aider ou de r\u00e9pondre \u00e0 votre question et de vous renseigner en interne.<\/p>\n\n\n\n<div style=\"height:30px\" aria-hidden=\"true\" class=\"wp-block-spacer\"><\/div>\n\n\n\n<div class=\"wp-block-columns\">\n<div class=\"wp-block-column\">\n<figure data-wp-context=\"{&quot;imageId&quot;:&quot;69f415b17c3c6&quot;}\" data-wp-interactive=\"core\/image\" data-wp-key=\"69f415b17c3c6\" class=\"wp-block-image size-large wp-lightbox-container\"><img loading=\"lazy\" decoding=\"async\" width=\"724\" height=\"1024\" data-wp-class--hide=\"state.isContentHidden\" data-wp-class--show=\"state.isContentVisible\" data-wp-init=\"callbacks.setButtonStyles\" data-wp-on--click=\"actions.showLightbox\" data-wp-on--load=\"callbacks.setButtonStyles\" data-wp-on-window--resize=\"callbacks.setButtonStyles\" src=\"https:\/\/www.fenaco-gof.ch\/wp-content\/uploads\/2024\/04\/20240411-fenaco-GOF-NeueReferenz-MitQR-724x1024.jpg\" alt=\"\" class=\"wp-image-3231\" srcset=\"https:\/\/www.fenaco-gof.ch\/wp-content\/uploads\/2024\/04\/20240411-fenaco-GOF-NeueReferenz-MitQR-724x1024.jpg 724w, https:\/\/www.fenaco-gof.ch\/wp-content\/uploads\/2024\/04\/20240411-fenaco-GOF-NeueReferenz-MitQR-212x300.jpg 212w, https:\/\/www.fenaco-gof.ch\/wp-content\/uploads\/2024\/04\/20240411-fenaco-GOF-NeueReferenz-MitQR-768x1086.jpg 768w, https:\/\/www.fenaco-gof.ch\/wp-content\/uploads\/2024\/04\/20240411-fenaco-GOF-NeueReferenz-MitQR.jpg 839w\" sizes=\"auto, (max-width: 724px) 100vw, 724px\" \/><button\n\t\t\tclass=\"lightbox-trigger\"\n\t\t\ttype=\"button\"\n\t\t\taria-haspopup=\"dialog\"\n\t\t\taria-label=\"Enlarge\"\n\t\t\tdata-wp-init=\"callbacks.initTriggerButton\"\n\t\t\tdata-wp-on--click=\"actions.showLightbox\"\n\t\t\tdata-wp-style--right=\"state.imageButtonRight\"\n\t\t\tdata-wp-style--top=\"state.imageButtonTop\"\n\t\t>\n\t\t\t<svg xmlns=\"http:\/\/www.w3.org\/2000\/svg\" width=\"12\" height=\"12\" fill=\"none\" viewBox=\"0 0 12 12\">\n\t\t\t\t<path fill=\"#fff\" d=\"M2 0a2 2 0 0 0-2 2v2h1.5V2a.5.5 0 0 1 .5-.5h2V0H2Zm2 10.5H2a.5.5 0 0 1-.5-.5V8H0v2a2 2 0 0 0 2 2h2v-1.5ZM8 12v-1.5h2a.5.5 0 0 0 .5-.5V8H12v2a2 2 0 0 1-2 2H8Zm2-12a2 2 0 0 1 2 2v2h-1.5V2a.5.5 0 0 0-.5-.5H8V0h2Z\" \/>\n\t\t\t<\/svg>\n\t\t<\/button><figcaption class=\"wp-element-caption\">Avec QR-Code<\/figcaption><\/figure>\n<\/div>\n\n\n\n<div class=\"wp-block-column\">\n<figure data-wp-context=\"{&quot;imageId&quot;:&quot;69f415b17cea6&quot;}\" data-wp-interactive=\"core\/image\" data-wp-key=\"69f415b17cea6\" class=\"wp-block-image size-large wp-lightbox-container\"><img loading=\"lazy\" decoding=\"async\" width=\"724\" height=\"1024\" data-wp-class--hide=\"state.isContentHidden\" data-wp-class--show=\"state.isContentVisible\" data-wp-init=\"callbacks.setButtonStyles\" data-wp-on--click=\"actions.showLightbox\" data-wp-on--load=\"callbacks.setButtonStyles\" data-wp-on-window--resize=\"callbacks.setButtonStyles\" src=\"https:\/\/www.fenaco-gof.ch\/wp-content\/uploads\/2024\/04\/20240411-fenaco-GOF-NeueReferenz-OhneQR-724x1024.jpg\" alt=\"\" class=\"wp-image-3228\" srcset=\"https:\/\/www.fenaco-gof.ch\/wp-content\/uploads\/2024\/04\/20240411-fenaco-GOF-NeueReferenz-OhneQR-724x1024.jpg 724w, https:\/\/www.fenaco-gof.ch\/wp-content\/uploads\/2024\/04\/20240411-fenaco-GOF-NeueReferenz-OhneQR-212x300.jpg 212w, https:\/\/www.fenaco-gof.ch\/wp-content\/uploads\/2024\/04\/20240411-fenaco-GOF-NeueReferenz-OhneQR-768x1086.jpg 768w, https:\/\/www.fenaco-gof.ch\/wp-content\/uploads\/2024\/04\/20240411-fenaco-GOF-NeueReferenz-OhneQR.jpg 839w\" sizes=\"auto, (max-width: 724px) 100vw, 724px\" \/><button\n\t\t\tclass=\"lightbox-trigger\"\n\t\t\ttype=\"button\"\n\t\t\taria-haspopup=\"dialog\"\n\t\t\taria-label=\"Enlarge\"\n\t\t\tdata-wp-init=\"callbacks.initTriggerButton\"\n\t\t\tdata-wp-on--click=\"actions.showLightbox\"\n\t\t\tdata-wp-style--right=\"state.imageButtonRight\"\n\t\t\tdata-wp-style--top=\"state.imageButtonTop\"\n\t\t>\n\t\t\t<svg xmlns=\"http:\/\/www.w3.org\/2000\/svg\" width=\"12\" height=\"12\" fill=\"none\" viewBox=\"0 0 12 12\">\n\t\t\t\t<path fill=\"#fff\" d=\"M2 0a2 2 0 0 0-2 2v2h1.5V2a.5.5 0 0 1 .5-.5h2V0H2Zm2 10.5H2a.5.5 0 0 1-.5-.5V8H0v2a2 2 0 0 0 2 2h2v-1.5ZM8 12v-1.5h2a.5.5 0 0 0 .5-.5V8H12v2a2 2 0 0 1-2 2H8Zm2-12a2 2 0 0 1 2 2v2h-1.5V2a.5.5 0 0 0-.5-.5H8V0h2Z\" \/>\n\t\t\t<\/svg>\n\t\t<\/button><figcaption class=\"wp-element-caption\">Sans QR-Code<\/figcaption><\/figure>\n<\/div>\n<\/div>\n\n\n\n<hr class=\"wp-block-separator has-alpha-channel-opacity is-style-dots\"\/>\n\n\n\n<h2 class=\"wp-block-heading\">Questions fr\u00e9quentes (FAQ)<\/h2>\n\n\n\n<div class=\"wp-block-cloudweb-accordion alignfull\"><div class=\"accordion\">\n<div class=\"wp-block-cloudweb-accordion-item\"><div class=\"accordion-item\"><div class=\"accordion-item-header\"><h3 class=\"accordion-title\">Pourquoi utilisons-nous le num\u00e9ro GSIN ?<\/h3><\/div><div class=\"accordion-content\">\n<p>Gr\u00e2ce aux caract\u00e9ristiques du num\u00e9ro GSIN, nous pouvons garantir la tra\u00e7abilit\u00e9 et offrir un \u00e9change de donn\u00e9es \u00e9lectroniques (EDI) fiable.<\/p>\n\n\n\n<p>La num\u00e9risation du processus de livraison (planification, chargement, d\u00e9douanement, d\u00e9chargement, contr\u00f4le, &#8230;) est r\u00e9alis\u00e9e gr\u00e2ce \u00e0\/avec ce num\u00e9ro GSIN.&nbsp;<\/p>\n\n\n\n<p>Le num\u00e9ro GSIN sera \u00e9galement utilis\u00e9 comme r\u00e9f\u00e9rence pour les factures. Cela nous permet \u00e9galement d&rsquo;automatiser le processus de facturation et donc de payer rapidement les factures.&nbsp;<\/p>\n<\/div><\/div><\/div>\n\n\n\n<div class=\"wp-block-cloudweb-accordion-item\"><div class=\"accordion-item\"><div class=\"accordion-item-header\"><h3 class=\"accordion-title\">O\u00f9 puis-je trouver le num\u00e9ro GSIN sur le document ?<\/h3><\/div><div class=\"accordion-content\">\n<p>Le num\u00e9ro GSIN se trouve g\u00e9n\u00e9ralement dans la partie inf\u00e9rieure des documents que vous recevez.<\/p>\n\n\n\n<figure class=\"wp-block-image size-large\"><img loading=\"lazy\" decoding=\"async\" width=\"724\" height=\"1024\" src=\"https:\/\/www.fenaco-gof.ch\/wp-content\/uploads\/2024\/04\/20240411-fenaco-GOF-NeueReferenz-OhneQR-724x1024.jpg\" alt=\"\" class=\"wp-image-3228\" srcset=\"https:\/\/www.fenaco-gof.ch\/wp-content\/uploads\/2024\/04\/20240411-fenaco-GOF-NeueReferenz-OhneQR-724x1024.jpg 724w, https:\/\/www.fenaco-gof.ch\/wp-content\/uploads\/2024\/04\/20240411-fenaco-GOF-NeueReferenz-OhneQR-212x300.jpg 212w, https:\/\/www.fenaco-gof.ch\/wp-content\/uploads\/2024\/04\/20240411-fenaco-GOF-NeueReferenz-OhneQR-768x1086.jpg 768w, https:\/\/www.fenaco-gof.ch\/wp-content\/uploads\/2024\/04\/20240411-fenaco-GOF-NeueReferenz-OhneQR.jpg 839w\" sizes=\"auto, (max-width: 724px) 100vw, 724px\" \/><\/figure>\n<\/div><\/div><\/div>\n\n\n\n<div class=\"wp-block-cloudweb-accordion-item\"><div class=\"accordion-item\"><div class=\"accordion-item-header\"><h3 class=\"accordion-title\">Je ne peux pas saisir l&rsquo;int\u00e9gralit\u00e9 du num\u00e9ro GSIN dans le syst\u00e8me.<\/h3><\/div><div class=\"accordion-content\">\n<p>Le num\u00e9ro GSIN peut \u00eatre raccourci. Les&nbsp;<strong>9 derniers num\u00e9ros<\/strong>&nbsp;sont obligatoires.<\/p>\n<\/div><\/div><\/div>\n\n\n\n<div class=\"wp-block-cloudweb-accordion-item\"><div class=\"accordion-item\"><div class=\"accordion-item-header\"><h3 class=\"accordion-title\">Je ne peux pas imprimer le num\u00e9ro GSIN complet sur les documents.<\/h3><\/div><div class=\"accordion-content\">\n<p>Le num\u00e9ro GSIN peut \u00eatre raccourci. Les&nbsp;<strong>9 derniers num\u00e9ros<\/strong>&nbsp;sont obligatoires.<\/p>\n<\/div><\/div><\/div>\n\n\n\n<div class=\"wp-block-cloudweb-accordion-item\"><div class=\"accordion-item\"><div class=\"accordion-item-header\"><h3 class=\"accordion-title\">Je ne peux pas imprimer le num\u00e9ro GSIN complet sur les documents.<\/h3><\/div><div class=\"accordion-content\">\n<p>Non, le GSIN est un num\u00e9ro unique qui ne peut \u00eatre utilis\u00e9 qu&rsquo;une seule fois.<\/p>\n<\/div><\/div><\/div>\n\n\n\n<div class=\"wp-block-cloudweb-accordion-item\"><div class=\"accordion-item\"><div class=\"accordion-item-header\"><h3 class=\"accordion-title\">Puis-je utiliser le GSIN plusieurs fois ?<\/h3><\/div><div class=\"accordion-content\">\n<p>Non, le GSIN est un num\u00e9ro unique qui ne peut \u00eatre utilis\u00e9 qu&rsquo;une seule fois.<\/p>\n<\/div><\/div><\/div>\n\n\n\n<div class=\"wp-block-cloudweb-accordion-item\"><div class=\"accordion-item\"><div class=\"accordion-item-header\"><h3 class=\"accordion-title\">Que se passe-t-il avec le \u00ab\u00a0num\u00e9ro d&rsquo;ordre\/lib\u00e9ration\u00a0\u00bb ?<\/h3><\/div><div class=\"accordion-content\">\n<p>Le \u00ab\u00a0num\u00e9ro de commande\/lib\u00e9ration\u00a0\u00bb reste valable. Pour que nous puissions num\u00e9riser le processus de livraison, nous avons \u00e9galement besoin d&rsquo;un identifiant unique par livraison.&nbsp;<\/p>\n\n\n\n<p>Exemple (camion) : la commande (4711) de 100&rsquo;000 kg est livr\u00e9e en 4 livraisons\/camions (0815, 0816, 0817, 0818) de 25&rsquo;000 kg chacun.&nbsp;<\/p>\n<\/div><\/div><\/div>\n\n\n\n<div class=\"wp-block-cloudweb-accordion-item\"><div class=\"accordion-item\"><div class=\"accordion-item-header\"><h3 class=\"accordion-title\">Quelle r\u00e9f\u00e9rence dois-je indiquer sur mes factures ?<\/h3><\/div><div class=\"accordion-content\">\n<p>Le num\u00e9ro GSIN sera \u00e9galement utilis\u00e9 comme r\u00e9f\u00e9rence sur les factures. Cela nous permet \u00e9galement d&rsquo;automatiser le processus de facturation et donc de payer rapidement les factures.&nbsp;<\/p>\n<\/div><\/div><\/div>\n\n\n\n<div class=\"wp-block-cloudweb-accordion-item\"><div class=\"accordion-item\"><div class=\"accordion-item-header\"><h3 class=\"accordion-title\">Qu&rsquo;est-ce qu&rsquo;un num\u00e9ro GSIN ?<\/h3><\/div><div class=\"accordion-content\">\n<p>Une identification unique d&rsquo;une livraison selon le standard GS1 GSIN (Global Shipment Identification Number) est une solution standardis\u00e9e (standard GS1) reconnue \/ r\u00e9pandue dans le monde entier (plus d&rsquo;infos sur <a class=\"\" href=\"https:\/\/www.gs1.org\/standards\/id-keys\/gsin\" target=\"_blank\" rel=\"noopener\">https:\/\/www.gs1.org\/standards\/id-keys\/gsin<\/a>).<\/p>\n<\/div><\/div><\/div>\n\n\n\n<div class=\"wp-block-cloudweb-accordion-item\"><div class=\"accordion-item\"><div class=\"accordion-item-header\"><h3 class=\"accordion-title\">Quand utiliser un num\u00e9ro GSIN ?<\/h3><\/div><div class=\"accordion-content\">\n<p>Le num\u00e9ro GSIN est un num\u00e9ro attribu\u00e9 par un vendeur, un exp\u00e9diteur ou un transporteur de marchandises afin d&rsquo;identifier un envoi. Les unit\u00e9s logistiques conservent le m\u00eame GSIN pendant toutes les phases du transport, de l&rsquo;origine \u00e0 la destination finale.<\/p>\n<\/div><\/div><\/div>\n\n\n\n<div class=\"wp-block-cloudweb-accordion-item\"><div class=\"accordion-item\"><div class=\"accordion-item-header\"><h3 class=\"accordion-title\">Quels sont les avantages d&rsquo;un num\u00e9ro GSIN ?<\/h3><\/div><div class=\"accordion-content\">\n<ul class=\"wp-block-list\">\n<li>Chaque num\u00e9ro GSIN est unique, gr\u00e2ce \u00e0 une structure d\u00e9finie :<br>(i) Pr\u00e9fixe d&rsquo;entreprise <a class=\"\" href=\"https:\/\/www.gs1.org\/standards\/id-keys\/company-prefix\" target=\"_blank\" rel=\"noopener\">https:\/\/www.gs1.org\/standards\/id-keys\/company-prefix<\/a>,<br>(ii) r\u00e9f\u00e9rence d&rsquo;exp\u00e9dition,<br>(iii) chiffre de contr\u00f4le (comme par ex. pour un num\u00e9ro IBAN ou un num\u00e9ro de carte de cr\u00e9dit).<\/li>\n\n\n\n<li>Un num\u00e9ro GSIN ne peut pas \u00eatre utilis\u00e9 plus d&rsquo;une fois pendant dix (10) ans.<\/li>\n\n\n\n<li>Le num\u00e9ro GSIN peut \u00eatre affich\u00e9\/codifi\u00e9 dans un code-barres\/code-barres (sur l&rsquo;\u00e9tiquette logistique).<\/li>\n\n\n\n<li>Le num\u00e9ro GSIN r\u00e9pond aux exigences d&rsquo;une r\u00e9f\u00e9rence d&rsquo;envoi unique (UCR) selon l&rsquo;Organisation mondiale des douanes.<\/li>\n<\/ul>\n<\/div><\/div><\/div>\n<\/div><\/div>\n","protected":false},"excerpt":{"rendered":"<p>Mesdames et Messieurs Nos processus ne pouvaient plus \u00eatre optimis\u00e9s avec le \u00ab\u00a0num\u00e9ro de commande\/lib\u00e9ration\u00a0\u00bb. Afin de garantir notre performance en termes d&rsquo;am\u00e9lioration du flux d&rsquo;informations, de tra\u00e7abilit\u00e9, d&rsquo;automatisation et de num\u00e9risation, nous avons modifi\u00e9 notre communication pour utiliser des r\u00e9f\u00e9rences de livraison.&nbsp; Cela signifie qu&rsquo;au lieu d&rsquo;attribuer un \u00ab\u00a0num\u00e9ro de commande\/lib\u00e9ration\u00a0\u00bb pour 4 camions [&hellip;]<\/p>\n","protected":false},"author":4,"featured_media":0,"parent":0,"menu_order":0,"comment_status":"closed","ping_status":"closed","template":"","meta":{"_acf_changed":false,"inline_featured_image":false,"_genesis_hide_title":false,"_genesis_hide_breadcrumbs":false,"_genesis_hide_singular_image":false,"_genesis_hide_footer_widgets":false,"_genesis_custom_body_class":"","_genesis_custom_post_class":"","_genesis_layout":"","footnotes":""},"class_list":{"0":"post-2339","1":"page","2":"type-page","3":"status-publish","5":"entry"},"acf":[],"_links":{"self":[{"href":"https:\/\/www.fenaco-gof.ch\/fr\/wp-json\/wp\/v2\/pages\/2339","targetHints":{"allow":["GET"]}}],"collection":[{"href":"https:\/\/www.fenaco-gof.ch\/fr\/wp-json\/wp\/v2\/pages"}],"about":[{"href":"https:\/\/www.fenaco-gof.ch\/fr\/wp-json\/wp\/v2\/types\/page"}],"author":[{"embeddable":true,"href":"https:\/\/www.fenaco-gof.ch\/fr\/wp-json\/wp\/v2\/users\/4"}],"replies":[{"embeddable":true,"href":"https:\/\/www.fenaco-gof.ch\/fr\/wp-json\/wp\/v2\/comments?post=2339"}],"version-history":[{"count":0,"href":"https:\/\/www.fenaco-gof.ch\/fr\/wp-json\/wp\/v2\/pages\/2339\/revisions"}],"wp:attachment":[{"href":"https:\/\/www.fenaco-gof.ch\/fr\/wp-json\/wp\/v2\/media?parent=2339"}],"curies":[{"name":"wp","href":"https:\/\/api.w.org\/{rel}","templated":true}]}}