{"id":585,"date":"2023-11-22T11:48:22","date_gmt":"2023-11-22T10:48:22","guid":{"rendered":"https:\/\/fenacogof.wpengine.com\/?page_id=585"},"modified":"2025-11-18T13:25:25","modified_gmt":"2025-11-18T12:25:25","slug":"cereales-panifiables","status":"publish","type":"page","link":"https:\/\/www.fenaco-gof.ch\/fr\/cereales-panifiables\/","title":{"rendered":"C\u00e9r\u00e9ales panifiables"},"content":{"rendered":"\n<div class=\"wp-block-columns\">\n<div class=\"wp-block-column\" style=\"flex-basis:66.66%\">\n<p>En collaboration avec les quelques 100 centres collecteurs partenaires du <a href=\"https:\/\/www.fenaco-gof.ch\/fr\/systeme-maxi\/\" data-type=\"page\" data-id=\"647\">syst\u00e8me MAXI<\/a> fenaco C\u00e9r\u00e9ales, ol\u00e9agineux, mati\u00e8res premi\u00e8res (GOF) commercialise des c\u00e9r\u00e9ales panifiables indig\u00e8nes. L&rsquo;offre de bl\u00e9 panifiable de toutes les classes de qualit\u00e9 ainsi que les cultures sp\u00e9ciales comme le seigle ou l&rsquo;\u00e9peautre sont ainsi regroup\u00e9es vis-\u00e0-vis des transformateurs. Cela permet d&rsquo;obtenir les meilleures r\u00e9mun\u00e9rations de commercialisation possibles.<\/p>\n\n\n\n<p>Les c\u00e9r\u00e9ales panifiables indig\u00e8nes commercialis\u00e9es par fenaco GOF dans le secteur conventionnel portent la marque de garantie \u00ab\u00a0Suisse Garantie\u00a0\u00bb. Pour en savoir plus, rendez-vous sur : <a href=\"https:\/\/www.suissegarantie.ch\/fr\/accueil-6.html\" target=\"_blank\" rel=\"noopener\">www.suissegarantie.ch<\/a>.<\/p>\n\n\n\n<p>En compl\u00e9ment de l&rsquo;offre indig\u00e8ne, nous n\u00e9gocions des c\u00e9r\u00e9ales panifiables d\u2019importation, dont la qualit\u00e9 est adapt\u00e9e aux besoins des transformateurs suisses.<\/p>\n\n\n\n<p>Nos principaux produits commerciaux internationaux sont le bl\u00e9 panifiable, l&rsquo;\u00e9peautre panifiable et le seigle panifiable.<\/p>\n\n\n\n<hr class=\"wp-block-separator has-alpha-channel-opacity is-style-dots\"\/>\n<\/div>\n\n\n\n<div class=\"wp-block-column\"><\/div>\n\n\n\n<div class=\"wp-block-column\" style=\"flex-basis:33.33%\">\n<h3 class=\"wp-block-heading\">Documents<\/h3>\n\n\n\n<div class=\"wp-block-cloudweb-accordion alignfull alignwide\"><div class=\"accordion\">\n<div class=\"wp-block-cloudweb-accordion-item\"><div class=\"accordion-item\"><div class=\"accordion-item-header\"><h3 class=\"accordion-title\">Documents pour des exploitations agricoles<\/h3><\/div><div class=\"accordion-content\">\n<p class=\"is-style-accordion-link\"><a href=\"https:\/\/www.fenaco-gof.ch\/wp-content\/uploads\/2025\/06\/250601_Medien_F_UFARevue_Anbauempfehlung-2026.pdf\" target=\"_blank\" rel=\"noreferrer noopener\">Recommandations pour la r\u00e9colte 2026<\/a><\/p>\n\n\n\n<p class=\"is-style-accordion-link\"><a href=\"https:\/\/www.fenaco-gof.ch\/wp-content\/uploads\/2025\/06\/2025-06-13_Ernterichtpreise_Brotgetreide.pdf\" data-type=\"attachment\" data-id=\"2074\" target=\"_blank\" rel=\"noreferrer noopener\">Les prix indicatifs pour c\u00e9r\u00e9ales panifiables 202<\/a>5<\/p>\n\n\n\n<p class=\"is-style-accordion-link\"><a href=\"https:\/\/www.fenaco-gof.ch\/wp-content\/uploads\/2024\/06\/2024-06-10_Richtpreise_Futtergetreide_Eiweisspflanzen.pdf\" data-type=\"attachment\" data-id=\"2077\" target=\"_blank\" rel=\"noreferrer noopener\">Les prix indicatifs pour c\u00e9r\u00e9ales fourrag\u00e8res et des prot\u00e9agineux 2025<\/a><\/p>\n\n\n\n<p class=\"is-style-accordion-link\"><a href=\"https:\/\/www.fenaco-gof.ch\/wp-content\/uploads\/2025\/06\/250401_Medien_F_UFARevue_Schlussabrechnung.pdf\" data-type=\"attachment\" data-id=\"1242\" target=\"_blank\" rel=\"noreferrer noopener\">Les prix finaux r\u00e9colte 2024<\/a><\/p>\n\n\n\n<p class=\"is-style-accordion-link\"><a href=\"https:\/\/www.fenaco-gof.ch\/wp-content\/uploads\/2024\/07\/Getreide-Anbauempfehlungen_2024_FR-1.pdf\" target=\"_blank\" rel=\"noreferrer noopener\">Recommandations Semences UFA c\u00e9r\u00e9ales d&rsquo;automne 2024<\/a><\/p>\n<\/div><\/div><\/div>\n<\/div><\/div>\n<\/div>\n<\/div>\n\n\n\n<h3 class=\"wp-block-heading\">Vos contacts pour le commerce C\u00e9r\u00e9ales panifiables indig\u00e8nes<\/h3>\n\n\n\n<div class=\"wp-block-columns\">\n<div class=\"wp-block-column\">\n<p>C\u00e9r\u00e9ales panifiables, ol\u00e9agineux et sous-produits de la meunerie en Allemagne<\/p>\n<\/div>\n\n\n\n<div class=\"wp-block-column\">\n<p><\/p>\n<\/div>\n\n\n\n<div class=\"wp-block-column\"><\/div>\n<\/div>\n\n\n\n<div class=\"wp-block-columns\">\n<div class=\"wp-block-column\">\n<div class=\"wp-block-cloudweb-person-card is-style-without-languages wp-block-cloudweb-person-card-dynamic\">\n\t<div class=\"person-card-info\">\n\t\t<div class=\"person-card-image\">\n\t\t\t<img decoding=\"async\" src=\"https:\/\/www.fenaco-gof.ch\/wp-content\/uploads\/2024\/10\/Sutter_Jan_thb.jpg\" alt=\"\" width=\"1200\" height=\"1200\" loading=\"lazy\" \/>\t\t<\/div>\n\t\t<div class=\"person-card-details\">\n\t\t\t<h2 class=\"person-card-name\">Jan Sutter<\/h2>\n\t\t\t<p class=\"person-card-detail\">Responsable d&#039;equipe commerce produits alimentaires bruts<\/p><\/div>\n\t<\/div>\n\t<div class=\"person-card-contact\">\n\t\t\t\t\t<p class=\"person-card-phone\">\n\t\t\t\t<a href=\"tel:+41584337452\" itemprop=\"telephone\" title=\"Call us\">+41 58 433 74 52<\/a>\t\t\t<\/p>\n\t\t\t\t\t\t\t\t\t<p class=\"person-card-mail\">\n\t\t\t\t<a href=\"mailto:%6aa%6e%2e&#115;&#117;%74&#116;&#101;%72%40&#102;e%6eac&#111;&#46;%63%6f&#109;\" title=\"Email us\" itemprop=\"email\">&#106;an.&#115;&#117;&#116;&#116;er&#64;f&#101;na&#99;&#111;&#46;c&#111;&#109;<\/a>\t\t\t<\/p>\n\t\t\n\t<\/div>\n\t<\/div>\n<\/div>\n\n\n\n<div class=\"wp-block-column\"><\/div>\n\n\n\n<div class=\"wp-block-column\"><\/div>\n<\/div>\n\n\n\n<h3 class=\"wp-block-heading\">Vos contacts pour le commerce C\u00e9r\u00e9ales panifiables importation<\/h3>\n\n\n\n<div class=\"wp-block-columns\">\n<div class=\"wp-block-column\">\n<p>Avoine fourrag\u00e8re, sous-produits de l&rsquo;avoine, pois fourragers et f\u00e9veroles<\/p>\n<\/div>\n\n\n\n<div class=\"wp-block-column\"><\/div>\n\n\n\n<div class=\"wp-block-column\"><\/div>\n<\/div>\n\n\n\n<div class=\"wp-block-columns\">\n<div class=\"wp-block-column\">\n<div class=\"wp-block-cloudweb-person-card is-style-without-languages wp-block-cloudweb-person-card-dynamic\">\n\t<div class=\"person-card-info\">\n\t\t<div class=\"person-card-image\">\n\t\t\t<img decoding=\"async\" src=\"https:\/\/www.fenaco-gof.ch\/wp-content\/uploads\/2025\/01\/Knuesel_Oliver_GOF2025_thb.jpg\" alt=\"\" width=\"1200\" height=\"1200\" loading=\"lazy\" \/>\t\t<\/div>\n\t\t<div class=\"person-card-details\">\n\t\t\t<h2 class=\"person-card-name\">Oliver Kn\u00fcsel<\/h2>\n\t\t\t<p class=\"person-card-detail\">Commerce c\u00e9r\u00e9ales, mati\u00e8res premi\u00e8res<\/p><\/div>\n\t<\/div>\n\t<div class=\"person-card-contact\">\n\t\t\t\t\t<p class=\"person-card-phone\">\n\t\t\t\t<a href=\"tel:+41584337450\" itemprop=\"telephone\" title=\"Call us\">+41 58 433 74 50<\/a>\t\t\t<\/p>\n\t\t\t\t\t\t\t\t\t<p class=\"person-card-mail\">\n\t\t\t\t<a href=\"mailto:oliver.&#107;%6eu%65s%65%6c&#64;&#102;e%6e%61c&#111;%2e&#99;o%6d\" title=\"Email us\" itemprop=\"email\">&#111;li&#118;&#101;r.&#107;&#110;&#117;&#101;&#115;el&#64;&#102;en&#97;&#99;o.c&#111;m<\/a>\t\t\t<\/p>\n\t\t\n\t<\/div>\n\t<\/div>\n<\/div>\n\n\n\n<div class=\"wp-block-column\"><\/div>\n\n\n\n<div class=\"wp-block-column\"><\/div>\n<\/div>\n\n\n\n<h3 class=\"wp-block-heading\">Responsables r\u00e9gionaux syst\u00e8me MAXI<\/h3>\n\n\n\n<div class=\"wp-block-columns\">\n<div class=\"wp-block-column\">\n<h4 class=\"wp-block-heading\">Suisse romande<\/h4>\n\n\n\n<div class=\"wp-block-cloudweb-person-card is-style-without-languages wp-block-cloudweb-person-card-dynamic\">\n\t<div class=\"person-card-info\">\n\t\t<div class=\"person-card-image\">\n\t\t\t<img decoding=\"async\" src=\"https:\/\/www.fenaco-gof.ch\/wp-content\/uploads\/2023\/12\/Christen_Raymond_GOF_2018.jpg\" alt=\"\" width=\"800\" height=\"800\" loading=\"lazy\" \/>\t\t<\/div>\n\t\t<div class=\"person-card-details\">\n\t\t\t<h2 class=\"person-card-name\">Raymond Christen<\/h2>\n\t\t\t<p class=\"person-card-detail\">Responsable bureau Romandie \/ Responsable r\u00e9gional des centres collecteurs Suisse Romande<\/p><\/div>\n\t<\/div>\n\t<div class=\"person-card-contact\">\n\t\t\t\t\t<p class=\"person-card-phone\">\n\t\t\t\t<a href=\"tel:+41584336401\" itemprop=\"telephone\" title=\"Call us\">+41 58 433 64 01<\/a>\t\t\t<\/p>\n\t\t\t\t\t\t\t\t\t<p class=\"person-card-mail\">\n\t\t\t\t<a href=\"mailto:&#114;&#97;&#121;mond&#46;&#99;%68ri%73&#116;e%6e%40&#102;&#101;na%63o%2ec&#111;%6d\" title=\"Email us\" itemprop=\"email\">r&#97;y&#109;&#111;n&#100;.&#99;&#104;riste&#110;&#64;fen&#97;co&#46;com<\/a>\t\t\t<\/p>\n\t\t\n\t<\/div>\n\t<\/div>\n<\/div>\n\n\n\n<div class=\"wp-block-column\">\n<h4 class=\"wp-block-heading\">Plateau central<\/h4>\n\n\n\n<div class=\"wp-block-cloudweb-person-card is-style-without-languages wp-block-cloudweb-person-card-dynamic\">\n\t<div class=\"person-card-info\">\n\t\t<div class=\"person-card-image\">\n\t\t\t<img decoding=\"async\" src=\"https:\/\/www.fenaco-gof.ch\/wp-content\/uploads\/2025\/09\/00091619_thb.jpg\" alt=\"\" width=\"1200\" height=\"1200\" loading=\"lazy\" \/>\t\t<\/div>\n\t\t<div class=\"person-card-details\">\n\t\t\t<h2 class=\"person-card-name\">Sarah Leuenberger<\/h2>\n\t\t\t<p class=\"person-card-detail\">Logistique \/ Disposition<\/p><\/div>\n\t<\/div>\n\t<div class=\"person-card-contact\">\n\t\t\t\t\t<p class=\"person-card-phone\">\n\t\t\t\t<a href=\"tel:+41584336429\" itemprop=\"telephone\" title=\"Call us\">+41 58 433 64 29<\/a>\t\t\t<\/p>\n\t\t\t\t\t\t\t\t\t<p class=\"person-card-mail\">\n\t\t\t\t<a href=\"mailto:&#115;ar&#97;&#104;&#46;&#108;e&#117;&#101;%6e&#98;%65r%67%65%72%40fe%6e%61&#99;%6f&#46;com\" title=\"Email us\" itemprop=\"email\">&#115;&#97;rah&#46;l&#101;&#117;enb&#101;rg&#101;r&#64;&#102;en&#97;co&#46;&#99;&#111;m<\/a>\t\t\t<\/p>\n\t\t\n\t<\/div>\n\t<\/div>\n<\/div>\n\n\n\n<div class=\"wp-block-column\">\n<h4 class=\"wp-block-heading\">Suisse orientale<\/h4>\n\n\n\n<div class=\"wp-block-cloudweb-person-card is-style-without-languages wp-block-cloudweb-person-card-dynamic\">\n\t<div class=\"person-card-info\">\n\t\t<div class=\"person-card-image\">\n\t\t\t<img decoding=\"async\" src=\"https:\/\/www.fenaco-gof.ch\/wp-content\/uploads\/2025\/05\/Jessica-Haus._thb.jpg\" alt=\"\" width=\"1966\" height=\"1966\" loading=\"lazy\" \/>\t\t<\/div>\n\t\t<div class=\"person-card-details\">\n\t\t\t<h2 class=\"person-card-name\">Jessica Langhard<\/h2>\n\t\t\t<p class=\"person-card-detail\">Logistique \/ Disposition<\/p><\/div>\n\t<\/div>\n\t<div class=\"person-card-contact\">\n\t\t\t\t\t<p class=\"person-card-phone\">\n\t\t\t\t<a href=\"tel:+41584336469\" itemprop=\"telephone\" title=\"Call us\">+41 58 433 64 69<\/a>\t\t\t<\/p>\n\t\t\t\t\t\t\t\t\t<p class=\"person-card-mail\">\n\t\t\t\t<a href=\"mailto:%6a%65ssic%61.%6c&#97;%6eg&#104;%61&#114;d&#64;%66%65&#110;a&#99;o.co&#109;\" title=\"Email us\" itemprop=\"email\">&#106;&#101;&#115;s&#105;c&#97;&#46;la&#110;&#103;&#104;ard&#64;fena&#99;o&#46;c&#111;m<\/a>\t\t\t<\/p>\n\t\t\n\t<\/div>\n\t<\/div>\n<\/div>\n<\/div>\n\n\n\n<p><\/p>\n\n\n\n<p><\/p>\n","protected":false},"excerpt":{"rendered":"<p>En collaboration avec les quelques 100 centres collecteurs partenaires du syst\u00e8me MAXI fenaco C\u00e9r\u00e9ales, ol\u00e9agineux, mati\u00e8res premi\u00e8res (GOF) commercialise des c\u00e9r\u00e9ales panifiables indig\u00e8nes. L&rsquo;offre de bl\u00e9 panifiable de toutes les classes de qualit\u00e9 ainsi que les cultures sp\u00e9ciales comme le seigle ou l&rsquo;\u00e9peautre sont ainsi regroup\u00e9es vis-\u00e0-vis des transformateurs. Cela permet d&rsquo;obtenir les meilleures r\u00e9mun\u00e9rations [&hellip;]<\/p>\n","protected":false},"author":12,"featured_media":0,"parent":0,"menu_order":0,"comment_status":"closed","ping_status":"closed","template":"","meta":{"_acf_changed":false,"inline_featured_image":false,"_genesis_hide_title":false,"_genesis_hide_breadcrumbs":false,"_genesis_hide_singular_image":false,"_genesis_hide_footer_widgets":false,"_genesis_custom_body_class":"","_genesis_custom_post_class":"","_genesis_layout":"","footnotes":""},"class_list":{"0":"post-585","1":"page","2":"type-page","3":"status-publish","5":"entry"},"acf":[],"_links":{"self":[{"href":"https:\/\/www.fenaco-gof.ch\/fr\/wp-json\/wp\/v2\/pages\/585","targetHints":{"allow":["GET"]}}],"collection":[{"href":"https:\/\/www.fenaco-gof.ch\/fr\/wp-json\/wp\/v2\/pages"}],"about":[{"href":"https:\/\/www.fenaco-gof.ch\/fr\/wp-json\/wp\/v2\/types\/page"}],"author":[{"embeddable":true,"href":"https:\/\/www.fenaco-gof.ch\/fr\/wp-json\/wp\/v2\/users\/12"}],"replies":[{"embeddable":true,"href":"https:\/\/www.fenaco-gof.ch\/fr\/wp-json\/wp\/v2\/comments?post=585"}],"version-history":[{"count":0,"href":"https:\/\/www.fenaco-gof.ch\/fr\/wp-json\/wp\/v2\/pages\/585\/revisions"}],"wp:attachment":[{"href":"https:\/\/www.fenaco-gof.ch\/fr\/wp-json\/wp\/v2\/media?parent=585"}],"curies":[{"name":"wp","href":"https:\/\/api.w.org\/{rel}","templated":true}]}}