{"id":588,"date":"2023-12-06T13:02:59","date_gmt":"2023-12-06T12:02:59","guid":{"rendered":"https:\/\/fenacogof.wpengine.com\/?page_id=588"},"modified":"2023-12-11T14:45:57","modified_gmt":"2023-12-11T13:45:57","slug":"politique-de-confidentialite","status":"publish","type":"page","link":"https:\/\/www.fenaco-gof.ch\/fr\/politique-de-confidentialite\/","title":{"rendered":"Politique de confidentialit\u00e9"},"content":{"rendered":"\n<p>Nous, fenaco c\u00e9r\u00e9ales, ol\u00e9agineux, mati\u00e8res premi\u00e8res, Erlachstrasse 5, CH-3001 Bern (ci-apr\u00e8s&nbsp;<strong>nous\/notre\/nos<\/strong>), prenons tr\u00e8s au s\u00e9rieux la protection de vos donn\u00e9es personnelles et nous nous engageons \u00e0 nous conformer aux lois et r\u00e9glementations sur la protection des donn\u00e9es en Suisse (loi f\u00e9d\u00e9rale sur la protection des donn\u00e9es, LPD). Le texte suivant vous donne un aper\u00e7u sur la mani\u00e8re dont nous assurons cette protection et sur la nature des donn\u00e9es que nous traitons et \u00e0 quelle fin.<\/p>\n\n\n\n<p><strong>1. Responsable&nbsp;<\/strong><\/p>\n\n\n\n<p>Communication d\u2019entreprise&nbsp;<br>C\u00e9r\u00e9ales, ol\u00e9agineux, mati\u00e8res premi\u00e8res<br>D\u00e9veloppement durable et communication<br>Theaterstrasse 15a<br>CH-8401 Winterthur<br>Tel. +41 (0)58 433&nbsp;64 65<br>Fax +41 (0)58 433 64 66<br><a href=\"javascript:linkTo_UnCryptMailto('kygjrm8gldm,emdYdclyam,amk');\">info.gof@fenaco.com<\/a><\/p>\n\n\n\n<p><strong>2. Donn\u00e9es d\u2019utilisation<\/strong><\/p>\n\n\n\n<p>Tout acc\u00e8s par un utilisateur&nbsp;du site internet et&nbsp;toute&nbsp;consultation de fichier collecte&nbsp;syst\u00e9matiquement&nbsp;des donn\u00e9es&nbsp;d&rsquo;acc\u00e8s concernant ce processus dans&nbsp;le fichier de&nbsp;protocole.&nbsp;Ces donn\u00e9es serviront uniquement&nbsp;\u00e0&nbsp;des&nbsp;fins&nbsp;d&rsquo;analyses internes et de statistiques. Il n\u2019y a pas de transmission des donn\u00e9es \u00e0 des tiers ou toute autre \u00e9valuation, sauf en cas d\u2019obligation l\u00e9gale.<\/p>\n\n\n\n<p>Chaque consultation&nbsp;donne lieu&nbsp;plus&nbsp;pr\u00e9cis\u00e9ment \u00e0 l&rsquo;enregistrement&nbsp;des donn\u00e9es&nbsp;suivantes&nbsp;:&nbsp;<\/p>\n\n\n\n<ul class=\"wp-block-list\">\n<li>Le nom de votre fournisseur d\u2019acc\u00e8s internet,<\/li>\n\n\n\n<li>Votre adresse IP resp. l\u2019adresse IP de votre serveur proxy,<\/li>\n\n\n\n<li>La version du logiciel de votre navigateur,<\/li>\n\n\n\n<li>Le syst\u00e8me d\u2019exploitation de votre ordinateur,<\/li>\n\n\n\n<li>Le site Web \u00e0 partir duquel vous nous visitez,<\/li>\n\n\n\n<li>Les pages Web que vous visitez chez nous,<\/li>\n\n\n\n<li>Les termes de recherche que vous utilisez ou que vous avez utilis\u00e9 pour trouver notre site internet.<\/li>\n<\/ul>\n\n\n\n<p><strong>3.&nbsp;Donn\u00e9es personnelles<\/strong><\/p>\n\n\n\n<p>Les donn\u00e9es \u00e0 caract\u00e8re personnel ne sont trait\u00e9es que dans la limite autoris\u00e9e par la loi ou si vous nous avez accord\u00e9 votre permission.<\/p>\n\n\n\n<p>En d\u00e9tail:<\/p>\n\n\n\n<ul class=\"wp-block-list\">\n<li><strong>a. Contact:&nbsp;<\/strong><\/li>\n<\/ul>\n\n\n\n<p>Si vous rentrez en contact avec nous, nous stockons vos donn\u00e9es \u00e0 fin de traitement de votre demande ainsi que pour le cas d\u2019une correspondance ult\u00e9rieure.<\/p>\n\n\n\n<ul class=\"wp-block-list\">\n<li>&nbsp;<strong>b. Inscription:<\/strong><\/li>\n<\/ul>\n\n\n\n<p>Vous avez la possibilit\u00e9 de cr\u00e9er un profil personnel. Pour cela, nous avons besoin de diff\u00e9rentes informations, comme par exemple votre nom et pr\u00e9nom, votre adresse ainsi que votre adresse e-mail. Par ailleurs, vous \u00eates invit\u00e9 \u00e0 choisir un nom d\u2019utilisateur et un mot de passe pour la protection de votre compte.<\/p>\n\n\n\n<p>Pour v\u00e9rification, nous vous enverrons, \u00e0 l\u2019adresse que vous nous avez fourni, un e-mail avec un lien de confirmation.<\/p>\n\n\n\n<p>Vos donn\u00e9es seront utilis\u00e9es uniquement dans le but de la gestion de votre profil, et le cas \u00e9ch\u00e9ant pour pouvoir vous contacter en cas de question en relation avec votre inscription.<\/p>\n\n\n\n<p>De plus, vous avez, \u00e0 tout moment, la possibilit\u00e9 de compl\u00e9ter ou d\u2019analyser vos donn\u00e9es via votre profil.<\/p>\n\n\n\n<p><strong>4. Newsletter<\/strong><\/p>\n\n\n\n<p>Nous n\u2019envoyons des newsletters, des courriels et d\u2019autres notifications \u00e9lectroniques contenant des informations sp\u00e9cialis\u00e9es \u00e0 des clients ou des partenaires s\u00e9lectionn\u00e9s (ci-apr\u00e8s \u00ab&nbsp;mailing&nbsp;\u00bb) qu\u2019avec le consentement de la personne concern\u00e9e. Pour l\u2019envoi de nos mailings, nous utilisons les services de marketing par courriel de mailXpert GmbH (Schulstrasse 37, 8050 Zurich, Suisse). Les donn\u00e9es de mailing sont conserv\u00e9es aussi bien sur le serveur d\u2019h\u00e9bergement du site Internet que sur les serveurs crypt\u00e9s de mailXpert en Suisse.<br>Nos mailings peuvent contenir une balise Web (pixel espion) ou des moyens techniques similaires. La balise Web est un graphique invisible de 1&#215;1 pixel, qui est associ\u00e9 \u00e0 l\u2019ID d\u2019utilisateur de l\u2019abonn\u00e9 correspondant.<\/p>\n\n\n\n<p>Pour chaque mailing envoy\u00e9, il y a des informations sur le fichier d\u2019adresses utilis\u00e9, le sujet et le nombre de mailings envoy\u00e9s. En outre, il est possible de d\u00e9terminer quelles adresses n\u2019ont pas encore re\u00e7u le mailing, \u00e0 quelle adresse le mailing a \u00e9t\u00e9 envoy\u00e9 et \u00e0 quelles adresses l\u2019envoi a \u00e9chou\u00e9. Il est \u00e9galement possible de d\u00e9terminer le taux d\u2019ouverture, y compris les informations sur les adresses qui ont ouvert le mailing et celles qui se sont d\u00e9sabonn\u00e9es des destinataires de la newsletter. Des donn\u00e9es sur les clics effectu\u00e9s dans un mailing de newsletter envoy\u00e9 automatiquement peuvent \u00eatre collect\u00e9es. Des informations techniques sont en outre collect\u00e9es (p. ex. moment de la consultation, adresse IP, type de navigateur et syst\u00e8me d\u2019exploitation). Ces informations ne sont toutefois recueillies que sous forme pseudonymis\u00e9e et ne peuvent pas \u00eatre attribu\u00e9es \u00e0 un destinataire sp\u00e9cifique de la newsletter.<\/p>\n\n\n\n<p>Nous utilisons ces donn\u00e9es \u00e0 des fins statistiques et pour optimiser le contenu et la structure des futurs mailings. Cela nous permet de mieux adapter les informations et les offres contenues dans nos mailings \u00e0 vos int\u00e9r\u00eats individuels. Le pixel espion est supprim\u00e9 lorsque vous supprimez la newsletter. Ces traitements de donn\u00e9es sont fond\u00e9s sur l\u2019art.&nbsp;6, par.&nbsp;1, let.&nbsp;f RGPD, qui permet le traitement des donn\u00e9es \u00e0 caract\u00e8re personnel en raison de notre int\u00e9r\u00eat l\u00e9gitime. L\u2019int\u00e9r\u00eat l\u00e9gitime r\u00e9side dans le marketing direct et l\u2019analyse de l\u2019utilisation des mailings. Vous avez le droit de vous opposer \u00e0 tout moment \u00e0 ce traitement des donn\u00e9es pour des raisons tenant \u00e0 votre situation et faisant obstacle au traitement des donn\u00e9es.<\/p>\n\n\n\n<p>Vous trouverez de plus amples informations sur la collecte et l\u2019utilisation de vos donn\u00e9es par mailXpert dans sa d\u00e9claration de confidentialit\u00e9&nbsp;:&nbsp;https:\/\/www.mailxpert.ch\/datenschutz<br>Pour emp\u00eacher l\u2019utilisation de la balise Web dans nos mailings, il est n\u00e9cessaire de configurer votre programme de messagerie de mani\u00e8re \u00e0 ce qu\u2019aucun HTML ne s\u2019affiche dans les messages (si ce n\u2019est pas votre configuration par d\u00e9faut).<\/p>\n\n\n\n<p>Si vous ne souhaitez plus recevoir de newsletter, vous pouvez vous en d\u00e9sabonner \u00e0 tout moment au moyen du lien mis \u00e0 disposition \u00e0 cet effet dans chaque newsletter. Vous pouvez \u00e9galement vous d\u00e9sabonner de la newsletter \u00e0 tout moment.<\/p>\n\n\n\n<p><strong>5. Cookies<\/strong><\/p>\n\n\n\n<p>Nous utilisons des cookies dans quelques domaines de notre site internet. Votre ordinateur, en tant qu\u2019entit\u00e9 technique, peut \u00eatre identifi\u00e9 lors de votre visite sur notre site Web, ceci dans le but de vous faciliter l\u2019utilisation de notre offre, y compris lors de visites r\u00e9p\u00e9t\u00e9es. En r\u00e8gle g\u00e9n\u00e9rale, vous avez la possibilit\u00e9, de r\u00e9gler votre navigateur internet de telle sorte qu\u2019il vous informe lors d\u2019apparition de cookies afin que vous puissiez les autoriser ou les exclure, respectivement effacer des cookies d\u00e9j\u00e0 existants.<\/p>\n\n\n\n<p>Veuillez utiliser la fonction aide de votre navigateur internet afin d\u2019obtenir les informations pour la modification de ces param\u00e8tres. Certaines fonctions de notre site internet pourraient ne pas fonctionner si vous avez d\u00e9sactiv\u00e9 le service d\u2019utilisation des cookies.<\/p>\n\n\n\n<p>Les cookies n\u2019autorisent pas \u00e0 un serveur de lire des donn\u00e9es personnelles de votre ordinateur ou des donn\u00e9es stock\u00e9es. Ils ne causent pas de d\u00e9g\u00e2ts \u00e0 votre ordinateur et ne contiennent pas de virus.<\/p>\n\n\n\n<p>Le traitement des cookies sert \u00e0 am\u00e9liorer le fonctionnement de notre site internet. Il est par cons\u00e9quent n\u00e9cessaire pour pr\u00e9server nos int\u00e9r\u00eats l\u00e9gitimes.<\/p>\n\n\n\n<p><strong>6. Google Analytics<\/strong><\/p>\n\n\n\n<p><strong>Nous utilisons Google Analytics, un outil d\u2019analyse d\u2019audience internet con\u00e7u par Google Inc., 1600 Amphitheatre Parkway, Mountain View, CA 94043, USA.<\/strong><\/p>\n\n\n\n<p>Google Analytics utilise des cookies, qui sont des fichiers texte plac\u00e9s sur votre ordinateur pour aider le site internet \u00e0 analyser l\u2019utilisation du site par ses utilisateurs. Les donn\u00e9es g\u00e9n\u00e9r\u00e9es par les cookies concernant votre utilisation du site sont transmises \u00e0 un serveur de Google Inc. aux Etats-Unis et y sont stock\u00e9es. Si&nbsp;l&rsquo;anonymisation&nbsp;de&nbsp;l&rsquo;adresse IP a&nbsp;\u00e9t\u00e9 activ\u00e9e&nbsp;sur&nbsp;ce&nbsp;site web,&nbsp;Google&nbsp;abr\u00e8ge toutefois au pr\u00e9alable votre adresse IP&nbsp;si vous r\u00e9sidez dans un \u00e9tat membre de l&rsquo;Union Europ\u00e9enne ou dans un autre \u00e9tat signataire d\u2019autre trait\u00e9 sur l&rsquo;Espace \u00c9conomique Europ\u00e9en. Ce&nbsp;n&rsquo;est&nbsp;que&nbsp;dans&nbsp;des cas&nbsp;exceptionnels&nbsp;que&nbsp;l&rsquo;adresse IP&nbsp;compl\u00e8te est transmise \u00e0&nbsp;un serveur de Google aux USA et y est abr\u00e9g\u00e9e \u00e0 cet emplacement.<\/p>\n\n\n\n<p>Google utilisera ces informations pour notre compte \u00e0 des fins statistiques relatives \u00e0 votre utilisation du site web, pour mettre \u00e0 disposition du propri\u00e9taire du site des rapports d\u2019audience et d\u2019activit\u00e9 du site et pour lui fournir d\u2019autres prestations de service en rapport avec l\u2019utilisation de son site et d\u2019Internet. L\u2019adresse IP transmise par votre navigateur, dans le cadre de Google Analytics, n\u2019est pas combin\u00e9e avec d\u2019autres donn\u00e9es de Google. Vous pouvez bloquer l\u2019enregistrement des cookies en param\u00e9trant votre navigateur&nbsp;; nous attirons n\u00e9anmoins votre attention sur le fait que dans un tel cas, vous ne pourrez \u00e9ventuellement plus utiliser toutes les fonctions de ce site web. Si&nbsp;vous&nbsp;ne&nbsp;souhaitez pas transmettre d&rsquo;informations \u00e0 Google Analytics, vous avez la possibilit\u00e9 de bloquer&nbsp;la&nbsp;transmission et le traitement&nbsp;des informations r\u00e9colt\u00e9es par le cookie (y compris l&rsquo;adresse IP) en t\u00e9l\u00e9chargeant et en installant le module suivant dans votre navigateur (https:\/\/tools.google.com\/dlpage\/gaoptout?hl=fr).<\/p>\n\n\n\n<p>Nous attirons votre attention sur le fait que nous avons ajout\u00e9 le code \u00abgat. anonymizelp();\u00bb \u00e0 Google Analytics pour assurer un relev\u00e9 anonyme de vos adresses IP (IP-Masking) et pour exclure toute identification directe.&nbsp;<\/p>\n\n\n\n<p>Vous pouvez en outre emp\u00eacher l\u2019enregistrement par Google Analytics en cliquant sur le lien suivant. Un cookie de d\u00e9sactivation sera d\u00e9fini ce qui emp\u00eachera la collecte de donn\u00e9es lors de votre visite sur ce site internet. Cette proc\u00e9dure est particuli\u00e8rement recommand\u00e9e lors d\u2019un acc\u00e8s \u00e0 notre site par des appareils mobiles.<\/p>\n\n\n\n<p>Vous trouverez de plus amples informations quant aux conditions d\u2019utilisation et des protections des donn\u00e9es sous&nbsp;<a href=\"https:\/\/www.google.com\/analytics\/terms\/fr.html&amp;nbsp;resp\" target=\"_blank\" rel=\"noreferrer noopener\">www.google.com\/analytics\/terms\/fr.html&nbsp;resp<\/a>. r&nbsp;<a href=\"http:\/\/www.google.com\/intl\/de\/analytics\/privacyoverview.html\" target=\"_blank\" rel=\"noreferrer noopener\">www.google.com\/intl\/de\/analytics\/privacyoverview.html<\/a>.<\/p>\n\n\n\n<p><strong>7. Dur\u00e9e de conservation des donn\u00e9es&nbsp;<\/strong><\/p>\n\n\n\n<p>Vos donn\u00e9es personnelles ne seront stock\u00e9es que pour la dur\u00e9e du d\u00e9lai l\u00e9gal de conservation. Elles seront ensuite syst\u00e9matiquement supprim\u00e9es, \u00e0 moins que vos donn\u00e9es personnelles soient encore n\u00e9cessaires pour atteindre le but du stockage (p.ex. pour l\u2019ex\u00e9cution d\u2019un contrat ou de la conclusion d\u2019un contrat).<\/p>\n\n\n\n<p>Au plus tard apr\u00e8s trois ans, nous v\u00e9rifions si vos donn\u00e9es sont encore n\u00e9cessaires, et si des obligations l\u00e9gales de conservation sont en contradiction avec une suppression de celles-ci.<\/p>\n\n\n\n<p><strong>8. Droit des personnes concern\u00e9es<\/strong><\/p>\n\n\n\n<p>En fonction de la base juridique, les droits des personnes concern\u00e9es suivants sont \u00e0 votre disposition&nbsp;:<\/p>\n\n\n\n<p><strong>a.&nbsp;Le droit d\u2019acc\u00e8s<\/strong><strong>:<\/strong><\/p>\n\n\n\n<p>Vous avez le droit de nous demander une confirmation si des donn\u00e9es \u00e0 caract\u00e8re personnel font objet d\u2019un traitement et de quelles donn\u00e9es il s\u2019agit.<\/p>\n\n\n\n<p>Envoyez simplement un e-mail \u00e0&nbsp;<a href=\"javascript:linkTo_UnCryptMailto('kygjrm8gldm,emdYdclyam,amk');\">info.gof@fenaco.com<\/a><\/p>\n\n\n\n<p><strong>b. Rectification\/Radiation du traitement:<\/strong><br>&nbsp;<\/p>\n\n\n\n<p>Vous avez en outre le droit de nous demander de<\/p>\n\n\n\n<ul class=\"wp-block-list\">\n<li>rectifier des donn\u00e9es vous concernant qui sont inexactes (droit de rectification)<\/li>\n\n\n\n<li>faire effacer imm\u00e9diatement des donn\u00e9es vous concernant (droit \u00e0 la radiation)<\/li>\n<\/ul>\n\n\n\n<p><strong>&nbsp;<\/strong><br>Envoyez simplement un e-mail \u00e0&nbsp;<a href=\"javascript:linkTo_UnCryptMailto('kygjrm8gldm,emdYdclyam,amk');\">info.gof@fenaco.com<\/a><\/p>\n\n\n\n<p><strong>c.&nbsp;Droit de r\u00e9vocation:<\/strong><\/p>\n\n\n\n<p>Vous avez le droit de r\u00e9voquer \u00e0 tout moment votre consentement. La r\u00e9vocation du consentement n&rsquo;affecte pas la l\u00e9galit\u00e9 du traitement effectu\u00e9 sur la base du consentement, jusqu&rsquo;\u00e0 la r\u00e9vocation.<\/p>\n\n\n\n<p>Envoyez simplement un e-mail \u00e0&nbsp;<a href=\"javascript:linkTo_UnCryptMailto('kygjrm8gldm,emdYdclyam,amk');\">info.gof@fenaco.com<\/a>&nbsp;<\/p>\n\n\n\n<p><strong>8. Notre conseiller \u00e0 la protection des donn\u00e9es<\/strong><\/p>\n\n\n\n<p>fenaco coop\u00e9rative<br>Datenschutzverantwortlicher<br>Allee 1a<br>CH-6210 Sursee<br><a href=\"javascript:linkTo_UnCryptMailto('kygjrm8byrclqafsrxYdclyam,amk');\">datenschutz@fenaco.com<\/a><\/p>\n\n\n\n<p><strong>9. S\u00e9curit\u00e9 des donn\u00e9es&nbsp;&nbsp;<\/strong><\/p>\n\n\n\n<p>Pour prot\u00e9ger la s\u00e9curit\u00e9 de vos donn\u00e9es, nous utilisons des technologies internet modernes. Un cryptage SSL s\u00e9curise vos donn\u00e9es pendant le processus de demande online. Pour un enregistrement s\u00fbr de vos donn\u00e9es, nos syst\u00e8mes sont prot\u00e9g\u00e9s par des Firewalls qui emp\u00eachent tout acc\u00e8s non autoris\u00e9. Nous disposons en outre de mesures de s\u00e9curit\u00e9 techniques et organisationnelles en vue de garantir la s\u00e9curit\u00e9 de vos informations personnelles et de les prot\u00e9ger contre toute manipulation volontaire ou involontaire, destruction, perte ou tout acc\u00e8s par des personnes non autoris\u00e9es. Nos partenaires contractuelles ayant acc\u00e8s \u00e0 vos donn\u00e9es, \u00e0 des fins de prestation de service pour notre compte, sont dans l\u2019obligation contractuelle de garder ces informations confidentielles et ne peuvent les utiliser \u00e0 toute autre fin.<\/p>\n\n\n\n<p><strong>10.&nbsp;R\u00e9serve de modification<\/strong><\/p>\n\n\n\n<p>Nous nous r\u00e9servons le droit de modifier, p\u00e9riodiquement, la pr\u00e9sente d\u00e9claration sur la protection des donn\u00e9es personnelles afin qu\u2019elle corresponde, \u00e0 tout moment, aux exigences l\u00e9gales en vigueur, ou afin de concr\u00e9tiser des changements de nos prestations dans la d\u00e9claration de confidentialit\u00e9, par exemple lors de l\u2019introduction de nouveaux services. Une nouvelle d\u00e9claration de confidentialit\u00e9 s\u2019appliquera pour une nouvelle visite.<\/p>\n\n\n\n<p><strong>11. Liens vers d\u2019autres sites<\/strong><\/p>\n\n\n\n<p>Notre offre en ligne contient des liens vers d\u2019autres sites internet. Nous ne pouvons pas contr\u00f4ler si leurs exploitants respectent les directives de protection des donn\u00e9es.<\/p>\n\n\n\n<p><\/p>\n","protected":false},"excerpt":{"rendered":"<p>Nous, fenaco c\u00e9r\u00e9ales, ol\u00e9agineux, mati\u00e8res premi\u00e8res, Erlachstrasse 5, CH-3001 Bern (ci-apr\u00e8s&nbsp;nous\/notre\/nos), prenons tr\u00e8s au s\u00e9rieux la protection de vos donn\u00e9es personnelles et nous nous engageons \u00e0 nous conformer aux lois et r\u00e9glementations sur la protection des donn\u00e9es en Suisse (loi f\u00e9d\u00e9rale sur la protection des donn\u00e9es, LPD). Le texte suivant vous donne un aper\u00e7u sur [&hellip;]<\/p>\n","protected":false},"author":4,"featured_media":0,"parent":0,"menu_order":0,"comment_status":"closed","ping_status":"closed","template":"","meta":{"_acf_changed":false,"inline_featured_image":false,"_genesis_hide_title":false,"_genesis_hide_breadcrumbs":false,"_genesis_hide_singular_image":false,"_genesis_hide_footer_widgets":false,"_genesis_custom_body_class":"","_genesis_custom_post_class":"","_genesis_layout":"","footnotes":""},"class_list":{"0":"post-588","1":"page","2":"type-page","3":"status-publish","5":"entry"},"acf":[],"_links":{"self":[{"href":"https:\/\/www.fenaco-gof.ch\/fr\/wp-json\/wp\/v2\/pages\/588","targetHints":{"allow":["GET"]}}],"collection":[{"href":"https:\/\/www.fenaco-gof.ch\/fr\/wp-json\/wp\/v2\/pages"}],"about":[{"href":"https:\/\/www.fenaco-gof.ch\/fr\/wp-json\/wp\/v2\/types\/page"}],"author":[{"embeddable":true,"href":"https:\/\/www.fenaco-gof.ch\/fr\/wp-json\/wp\/v2\/users\/4"}],"replies":[{"embeddable":true,"href":"https:\/\/www.fenaco-gof.ch\/fr\/wp-json\/wp\/v2\/comments?post=588"}],"version-history":[{"count":0,"href":"https:\/\/www.fenaco-gof.ch\/fr\/wp-json\/wp\/v2\/pages\/588\/revisions"}],"wp:attachment":[{"href":"https:\/\/www.fenaco-gof.ch\/fr\/wp-json\/wp\/v2\/media?parent=588"}],"curies":[{"name":"wp","href":"https:\/\/api.w.org\/{rel}","templated":true}]}}