{"id":630,"date":"2023-11-22T11:48:34","date_gmt":"2023-11-22T10:48:34","guid":{"rendered":"https:\/\/fenacogof.wpengine.com\/?page_id=630"},"modified":"2025-11-26T11:52:26","modified_gmt":"2025-11-26T10:52:26","slug":"oleagineux","status":"publish","type":"page","link":"https:\/\/www.fenaco-gof.ch\/fr\/oleagineux\/","title":{"rendered":"Ol\u00e9agineux"},"content":{"rendered":"\n<div class=\"wp-block-columns\">\n<div class=\"wp-block-column\" style=\"flex-basis:66.66%\">\n<p>fenaco C\u00e9r\u00e9ales, ol\u00e9agineux, mati\u00e8res premi\u00e8res (GOF) commercialise des ol\u00e9agineux indig\u00e8nes tels que le colza (vari\u00e9t\u00e9s classiques et HOLL), le tournesol (vari\u00e9t\u00e9s classiques et HO) et les graines de soja. Cela se fait en partenariat avec les quelques 100 centres collecteurs du <a href=\"https:\/\/www.fenaco-gof.ch\/fr\/systeme-maxi\/\" data-type=\"page\" data-id=\"647\">syst\u00e8me MAXI<\/a>. En compl\u00e9ment de l&rsquo;offre suisse, nous n\u00e9gocions des ol\u00e9agineux d&rsquo;origine \u00e9trang\u00e8re.<\/p>\n\n\n\n<p>Les ol\u00e9agineux indig\u00e8nes commercialis\u00e9s par fenaco GOF dans le domaine conventionnel sont munis de la marque de garantie \u00ab\u00a0Suisse Garantie\u00a0\u00bb. Pour en savoir plus, consultez : <a href=\"https:\/\/www.suissegarantie.ch\/\" target=\"_blank\" rel=\"noopener\">www.suissegarantie.ch<\/a>. <\/p>\n\n\n\n<hr class=\"wp-block-separator has-alpha-channel-opacity is-style-dots\"\/>\n\n\n\n<h3 class=\"wp-block-heading\">Vos contacts pour le commerce Ol\u00e9agineux<\/h3>\n\n\n\n<div class=\"wp-block-columns\">\n<div class=\"wp-block-column\">\n<p>C\u00e9r\u00e9ales panifiables, ol\u00e9agineux et sous-produits de la meunerie en Allemagne<\/p>\n<\/div>\n\n\n\n<div class=\"wp-block-column\"><\/div>\n<\/div>\n\n\n\n<div class=\"wp-block-columns\">\n<div class=\"wp-block-column\">\n<div class=\"wp-block-cloudweb-person-card is-style-without-languages wp-block-cloudweb-person-card-dynamic\">\n\t<div class=\"person-card-info\">\n\t\t<div class=\"person-card-image\">\n\t\t\t<img decoding=\"async\" src=\"https:\/\/www.fenaco-gof.ch\/wp-content\/uploads\/2024\/10\/Sutter_Jan_thb.jpg\" alt=\"\" width=\"1200\" height=\"1200\" loading=\"lazy\" \/>\t\t<\/div>\n\t\t<div class=\"person-card-details\">\n\t\t\t<h2 class=\"person-card-name\">Jan Sutter<\/h2>\n\t\t\t<p class=\"person-card-detail\">Responsable d&#039;equipe commerce produits alimentaires bruts<\/p><\/div>\n\t<\/div>\n\t<div class=\"person-card-contact\">\n\t\t\t\t\t<p class=\"person-card-phone\">\n\t\t\t\t<a href=\"tel:+41584337452\" itemprop=\"telephone\" title=\"Call us\">+41 58 433 74 52<\/a>\t\t\t<\/p>\n\t\t\t\t\t\t\t\t\t<p class=\"person-card-mail\">\n\t\t\t\t<a href=\"mailto:&#106;&#97;%6e.&#115;ut&#116;er&#64;%66&#101;&#110;%61c&#111;%2e%63&#111;m\" title=\"Email us\" itemprop=\"email\">ja&#110;&#46;s&#117;tt&#101;&#114;&#64;fe&#110;a&#99;o&#46;&#99;o&#109;<\/a>\t\t\t<\/p>\n\t\t\n\t<\/div>\n\t<\/div>\n<\/div>\n\n\n\n<div class=\"wp-block-column\"><\/div>\n<\/div>\n<\/div>\n\n\n\n<div class=\"wp-block-column\" style=\"flex-basis:33.33%\">\n<h3 class=\"wp-block-heading\">Documents<\/h3>\n\n\n\n<div class=\"wp-block-cloudweb-accordion alignfull alignwide\"><div class=\"accordion\">\n<div class=\"wp-block-cloudweb-accordion-item\"><div class=\"accordion-item\"><div class=\"accordion-item-header\"><h3 class=\"accordion-title\">Documents pour des exploitations agricoles<\/h3><\/div><div class=\"accordion-content\">\n<p class=\"is-style-accordion-link\"><a href=\"https:\/\/www.fenaco-gof.ch\/wp-content\/uploads\/2025\/06\/250601_Medien_F_UFARevue_Anbauempfehlung-2026.pdf\" target=\"_blank\" rel=\"noreferrer noopener\">Recommandations pour la r\u00e9colte 2026<\/a><\/p>\n\n\n\n<p class=\"is-style-accordion-link\"><a href=\"https:\/\/www.fenaco-gof.ch\/wp-content\/uploads\/2025\/06\/2025-06-13_Ernterichtpreise_Brotgetreide.pdf\" data-type=\"attachment\" data-id=\"2074\" target=\"_blank\" rel=\"noreferrer noopener\">Les prix indicatifs pour c\u00e9r\u00e9ales panifiables 202<\/a>5<\/p>\n\n\n\n<p class=\"is-style-accordion-link\"><a href=\"https:\/\/www.fenaco-gof.ch\/wp-content\/uploads\/2024\/06\/2024-06-10_Richtpreise_Futtergetreide_Eiweisspflanzen.pdf\" data-type=\"attachment\" data-id=\"2077\" target=\"_blank\" rel=\"noreferrer noopener\">Les prix indicatifs pour c\u00e9r\u00e9ales fourrag\u00e8res et des prot\u00e9agineux 2025<\/a><\/p>\n\n\n\n<p class=\"is-style-accordion-link\"><a href=\"https:\/\/www.fenaco-gof.ch\/wp-content\/uploads\/2025\/06\/250401_Medien_F_UFARevue_Schlussabrechnung.pdf\" data-type=\"attachment\" data-id=\"1242\" target=\"_blank\" rel=\"noreferrer noopener\">Les prix finaux r\u00e9colte 2024<\/a><\/p>\n\n\n\n<p class=\"is-style-accordion-link\"><a href=\"https:\/\/www.fenaco-gof.ch\/wp-content\/uploads\/2024\/07\/Getreide-Anbauempfehlungen_2024_FR-1.pdf\" target=\"_blank\" rel=\"noreferrer noopener\">Recommandations Semences UFA c\u00e9r\u00e9ales d&rsquo;automne 2024<\/a><\/p>\n<\/div><\/div><\/div>\n<\/div><\/div>\n<\/div>\n<\/div>\n\n\n\n<h3 class=\"wp-block-heading\">Responsables r\u00e9gionaux syst\u00e8me MAXI<\/h3>\n\n\n\n<div class=\"wp-block-columns\">\n<div class=\"wp-block-column\">\n<h4 class=\"wp-block-heading\">Suisse romande<\/h4>\n\n\n\n<div class=\"wp-block-cloudweb-person-card is-style-without-languages wp-block-cloudweb-person-card-dynamic\">\n\t<div class=\"person-card-info\">\n\t\t<div class=\"person-card-image\">\n\t\t\t<img decoding=\"async\" src=\"https:\/\/www.fenaco-gof.ch\/wp-content\/uploads\/2023\/12\/Christen_Raymond_GOF_2018.jpg\" alt=\"\" width=\"800\" height=\"800\" loading=\"lazy\" \/>\t\t<\/div>\n\t\t<div class=\"person-card-details\">\n\t\t\t<h2 class=\"person-card-name\">Raymond Christen<\/h2>\n\t\t\t<p class=\"person-card-detail\">Responsable bureau Romandie \/ Responsable r\u00e9gional des centres collecteurs Suisse Romande<\/p><\/div>\n\t<\/div>\n\t<div class=\"person-card-contact\">\n\t\t\t\t\t<p class=\"person-card-phone\">\n\t\t\t\t<a href=\"tel:+41584336401\" itemprop=\"telephone\" title=\"Call us\">+41 58 433 64 01<\/a>\t\t\t<\/p>\n\t\t\t\t\t\t\t\t\t<p class=\"person-card-mail\">\n\t\t\t\t<a href=\"mailto:%72a%79%6do&#110;&#100;.chr&#105;s&#116;&#101;&#110;&#64;&#102;e&#110;&#97;&#99;%6f&#46;%63%6f%6d\" title=\"Email us\" itemprop=\"email\">&#114;&#97;&#121;&#109;&#111;nd&#46;&#99;&#104;r&#105;&#115;&#116;&#101;&#110;&#64;&#102;en&#97;c&#111;&#46;c&#111;m<\/a>\t\t\t<\/p>\n\t\t\n\t<\/div>\n\t<\/div>\n<\/div>\n\n\n\n<div class=\"wp-block-column\">\n<h4 class=\"wp-block-heading\">Plateau central<\/h4>\n\n\n\n<div class=\"wp-block-cloudweb-person-card is-style-without-languages wp-block-cloudweb-person-card-dynamic\">\n\t<div class=\"person-card-info\">\n\t\t<div class=\"person-card-image\">\n\t\t\t<img decoding=\"async\" src=\"https:\/\/www.fenaco-gof.ch\/wp-content\/uploads\/2025\/09\/00091619_thb.jpg\" alt=\"\" width=\"1200\" height=\"1200\" loading=\"lazy\" \/>\t\t<\/div>\n\t\t<div class=\"person-card-details\">\n\t\t\t<h2 class=\"person-card-name\">Sarah Leuenberger<\/h2>\n\t\t\t<p class=\"person-card-detail\">Logistique \/ Disposition<\/p><\/div>\n\t<\/div>\n\t<div class=\"person-card-contact\">\n\t\t\t\t\t<p class=\"person-card-phone\">\n\t\t\t\t<a href=\"tel:+41584336429\" itemprop=\"telephone\" title=\"Call us\">+41 58 433 64 29<\/a>\t\t\t<\/p>\n\t\t\t\t\t\t\t\t\t<p class=\"person-card-mail\">\n\t\t\t\t<a href=\"mailto:sa&#114;ah.&#108;&#101;&#117;&#101;&#110;b&#101;r&#103;e&#114;%40%66%65&#110;&#97;&#99;&#111;&#46;&#99;%6f&#109;\" title=\"Email us\" itemprop=\"email\">s&#97;ra&#104;.&#108;&#101;ue&#110;&#98;e&#114;ge&#114;&#64;&#102;en&#97;&#99;&#111;.co&#109;<\/a>\t\t\t<\/p>\n\t\t\n\t<\/div>\n\t<\/div>\n<\/div>\n\n\n\n<div class=\"wp-block-column\">\n<h4 class=\"wp-block-heading\">Suisse orientale<\/h4>\n\n\n\n<div class=\"wp-block-cloudweb-person-card is-style-without-languages wp-block-cloudweb-person-card-dynamic\">\n\t<div class=\"person-card-info\">\n\t\t<div class=\"person-card-image\">\n\t\t\t<img decoding=\"async\" src=\"https:\/\/www.fenaco-gof.ch\/wp-content\/uploads\/2025\/05\/Jessica-Haus._thb.jpg\" alt=\"\" width=\"1966\" height=\"1966\" loading=\"lazy\" \/>\t\t<\/div>\n\t\t<div class=\"person-card-details\">\n\t\t\t<h2 class=\"person-card-name\">Jessica Langhard<\/h2>\n\t\t\t<p class=\"person-card-detail\">Logistique \/ Disposition<\/p><\/div>\n\t<\/div>\n\t<div class=\"person-card-contact\">\n\t\t\t\t\t<p class=\"person-card-phone\">\n\t\t\t\t<a href=\"tel:+41584336469\" itemprop=\"telephone\" title=\"Call us\">+41 58 433 64 69<\/a>\t\t\t<\/p>\n\t\t\t\t\t\t\t\t\t<p class=\"person-card-mail\">\n\t\t\t\t<a href=\"mailto:&#106;e&#115;&#115;%69c&#97;%2e&#108;a&#110;%67ha%72&#100;&#64;f&#101;n&#97;&#99;%6f.%63&#111;m\" title=\"Email us\" itemprop=\"email\">je&#115;sica.lang&#104;ard&#64;&#102;&#101;n&#97;c&#111;&#46;&#99;o&#109;<\/a>\t\t\t<\/p>\n\t\t\n\t<\/div>\n\t<\/div>\n<\/div>\n<\/div>\n\n\n\n<p><\/p>\n\n\n\n<p><\/p>\n","protected":false},"excerpt":{"rendered":"<p>fenaco C\u00e9r\u00e9ales, ol\u00e9agineux, mati\u00e8res premi\u00e8res (GOF) commercialise des ol\u00e9agineux indig\u00e8nes tels que le colza (vari\u00e9t\u00e9s classiques et HOLL), le tournesol (vari\u00e9t\u00e9s classiques et HO) et les graines de soja. Cela se fait en partenariat avec les quelques 100 centres collecteurs du syst\u00e8me MAXI. En compl\u00e9ment de l&rsquo;offre suisse, nous n\u00e9gocions des ol\u00e9agineux d&rsquo;origine \u00e9trang\u00e8re. Les [&hellip;]<\/p>\n","protected":false},"author":4,"featured_media":0,"parent":0,"menu_order":0,"comment_status":"closed","ping_status":"closed","template":"","meta":{"_acf_changed":false,"inline_featured_image":false,"_genesis_hide_title":false,"_genesis_hide_breadcrumbs":false,"_genesis_hide_singular_image":false,"_genesis_hide_footer_widgets":false,"_genesis_custom_body_class":"","_genesis_custom_post_class":"","_genesis_layout":"","footnotes":""},"class_list":{"0":"post-630","1":"page","2":"type-page","3":"status-publish","5":"entry"},"acf":[],"_links":{"self":[{"href":"https:\/\/www.fenaco-gof.ch\/fr\/wp-json\/wp\/v2\/pages\/630","targetHints":{"allow":["GET"]}}],"collection":[{"href":"https:\/\/www.fenaco-gof.ch\/fr\/wp-json\/wp\/v2\/pages"}],"about":[{"href":"https:\/\/www.fenaco-gof.ch\/fr\/wp-json\/wp\/v2\/types\/page"}],"author":[{"embeddable":true,"href":"https:\/\/www.fenaco-gof.ch\/fr\/wp-json\/wp\/v2\/users\/4"}],"replies":[{"embeddable":true,"href":"https:\/\/www.fenaco-gof.ch\/fr\/wp-json\/wp\/v2\/comments?post=630"}],"version-history":[{"count":0,"href":"https:\/\/www.fenaco-gof.ch\/fr\/wp-json\/wp\/v2\/pages\/630\/revisions"}],"wp:attachment":[{"href":"https:\/\/www.fenaco-gof.ch\/fr\/wp-json\/wp\/v2\/media?parent=630"}],"curies":[{"name":"wp","href":"https:\/\/api.w.org\/{rel}","templated":true}]}}