{"id":631,"date":"2023-11-22T11:49:17","date_gmt":"2023-11-22T10:49:17","guid":{"rendered":"https:\/\/fenacogof.wpengine.com\/?page_id=631"},"modified":"2026-04-16T14:55:08","modified_gmt":"2026-04-16T13:55:08","slug":"proteines-fourrageres","status":"publish","type":"page","link":"https:\/\/www.fenaco-gof.ch\/fr\/proteines-fourrageres\/","title":{"rendered":"Prot\u00e9ines fourrag\u00e8res"},"content":{"rendered":"\n<p>fenaco C\u00e9r\u00e9ales, ol\u00e9agineux, mati\u00e8res premi\u00e8res (GOF) s\u2019approvisionne en prot\u00e9ines fourrag\u00e8res de haute qualit\u00e9 et ce directement aupr\u00e8s du fabricant. Cela nous permet d&rsquo;exercer une influence sur l&rsquo;origine et la qualit\u00e9 des produits en fonction des clients. L&rsquo;exp\u00e9rience et la comp\u00e9tence sont nos fondamentaux pour un approvisionnement \u00e9conomique et orient\u00e9 solutions.<\/p>\n\n\n\n<p>fenaco GOF pose des exigences qualitatives \u00e9lev\u00e9es aux produits commerciaux. Nous exigeons notamment de nos fournisseurs des informations sur les prot\u00e9ines, les mati\u00e8res grasses, les celluloses brutes, l&rsquo;humidit\u00e9 et des analyses de r\u00e9sidus. De plus, la tra\u00e7abilit\u00e9 doit \u00eatre garantie. Nous accordons une grande importance \u00e0 la transparence : La marchandise livr\u00e9e doit disposer d&rsquo;une sp\u00e9cification de produit et d&rsquo;un certificat d&rsquo;origine des mati\u00e8res premi\u00e8res transform\u00e9es et \u00eatre analys\u00e9e quant \u00e0 la pr\u00e9sence d&rsquo;OGM.<\/p>\n\n\n\n<p>Nos principaux produits commercialis\u00e9s sont le tourteau d&rsquo;extraction de soja, le concentr\u00e9 de prot\u00e9ines de soja, le tourteau d&rsquo;extraction de colza, le tourteau d&rsquo;extraction de tournesol, le tourteau de colza (farine et pellets), le tourteau de tournesol (farine et pellets), le gluten de ma\u00efs, les prot\u00e9ines de ma\u00efs, les dr\u00eaches de c\u00e9r\u00e9ales (DDG&rsquo;s), les prot\u00e9ines de pommes de terre, le gluten de bl\u00e9 et le tourteau de lin (farine et pellets).<\/p>\n\n\n\n<hr class=\"wp-block-separator has-alpha-channel-opacity is-style-dots\"\/>\n\n\n\n<h3 class=\"wp-block-heading\">Vos contacts pour le commerce Prot\u00e9ines fourrag\u00e8res<\/h3>\n\n\n\n<div class=\"wp-block-columns\">\n<div class=\"wp-block-column\">\n<div class=\"wp-block-cloudweb-person-card is-style-without-languages wp-block-cloudweb-person-card-dynamic\">\n\t<div class=\"person-card-info\">\n\t\t<div class=\"person-card-image\">\n\t\t\t<img decoding=\"async\" src=\"https:\/\/www.fenaco-gof.ch\/wp-content\/uploads\/2023\/12\/Stalder_Markus_GOF_2016.jpg\" alt=\"\" width=\"800\" height=\"800\" loading=\"lazy\" \/>\t\t<\/div>\n\t\t<div class=\"person-card-details\">\n\t\t\t<h2 class=\"person-card-name\">Markus Stalder<\/h2>\n\t\t\t<p class=\"person-card-detail\">Responsable du secteur commercial prot\u00e9ines fourrag\u00e8res \/ membre de la direction \u00e9largie<\/p><\/div>\n\t<\/div>\n\t<div class=\"person-card-contact\">\n\t\t\t\t\t<p class=\"person-card-phone\">\n\t\t\t\t<a href=\"tel:+41584336471\" itemprop=\"telephone\" title=\"Call us\">+41 58 433 64 71<\/a>\t\t\t<\/p>\n\t\t\t\t\t\t\t\t\t<p class=\"person-card-mail\">\n\t\t\t\t<a href=\"mailto:%6da%72%6b%75%73&#46;sta&#108;de&#114;%40%66&#101;&#110;&#97;&#99;&#111;.%63o&#109;\" title=\"Email us\" itemprop=\"email\">&#109;&#97;rk&#117;s.&#115;&#116;a&#108;d&#101;r&#64;&#102;e&#110;&#97;&#99;&#111;.&#99;o&#109;<\/a>\t\t\t<\/p>\n\t\t\n\t<\/div>\n\t<\/div>\n<\/div>\n\n\n\n<div class=\"wp-block-column\">\n<div class=\"wp-block-cloudweb-person-card is-style-without-languages wp-block-cloudweb-person-card-dynamic\">\n\t<div class=\"person-card-info\">\n\t\t<div class=\"person-card-image\">\n\t\t\t<img decoding=\"async\" src=\"https:\/\/www.fenaco-gof.ch\/wp-content\/uploads\/2023\/12\/Rubli_Nico_GOF_2016-2.jpg\" alt=\"\" width=\"400\" height=\"400\" loading=\"lazy\" \/>\t\t<\/div>\n\t\t<div class=\"person-card-details\">\n\t\t\t<h2 class=\"person-card-name\">Nico Rubli<\/h2>\n\t\t\t<p class=\"person-card-detail\">Responsable du ressort Disposition prot\u00e9ines fourrag\u00e8res<\/p><\/div>\n\t<\/div>\n\t<div class=\"person-card-contact\">\n\t\t\t\t\t<p class=\"person-card-phone\">\n\t\t\t\t<a href=\"tel:+41584336476\" itemprop=\"telephone\" title=\"Call us\">+41 58 433 64 76<\/a>\t\t\t<\/p>\n\t\t\t\t\t\t\t\t\t<p class=\"person-card-mail\">\n\t\t\t\t<a href=\"mailto:%6eic%6f%2e%72&#117;&#98;l%69&#64;fena%63o%2e&#99;%6fm\" title=\"Email us\" itemprop=\"email\">n&#105;co&#46;ru&#98;li&#64;&#102;&#101;&#110;&#97;co&#46;&#99;om<\/a>\t\t\t<\/p>\n\t\t\n\t<\/div>\n\t<\/div>\n<\/div>\n\n\n\n<div class=\"wp-block-column\">\n<div class=\"wp-block-cloudweb-person-card is-style-without-languages wp-block-cloudweb-person-card-dynamic\">\n\t<div class=\"person-card-info\">\n\t\t<div class=\"person-card-image\">\n\t\t\t<img decoding=\"async\" src=\"https:\/\/www.fenaco-gof.ch\/wp-content\/uploads\/2025\/05\/Franz-Mantler_thb.jpg\" alt=\"\" width=\"1200\" height=\"1200\" loading=\"lazy\" \/>\t\t<\/div>\n\t\t<div class=\"person-card-details\">\n\t\t\t<h2 class=\"person-card-name\">Franz Mantler<\/h2>\n\t\t\t<p class=\"person-card-detail\">Commerce prot\u00e9ines fourrag\u00e8res<\/p><\/div>\n\t<\/div>\n\t<div class=\"person-card-contact\">\n\t\t\t\t\t<p class=\"person-card-phone\">\n\t\t\t\t<a href=\"tel:+41584337462\" itemprop=\"telephone\" title=\"Call us\">+41 58 433 74 62<\/a>\t\t\t<\/p>\n\t\t\t\t\t\t\t\t\t<p class=\"person-card-mail\">\n\t\t\t\t<a href=\"mailto:%66ra%6e%7a%2e%6da&#110;%74%6c%65r%40%66%65n%61c%6f&#46;c%6fm\" title=\"Email us\" itemprop=\"email\">&#102;r&#97;n&#122;.&#109;&#97;&#110;t&#108;er&#64;f&#101;nac&#111;.&#99;&#111;m<\/a>\t\t\t<\/p>\n\t\t\n\t<\/div>\n\t<\/div>\n<\/div>\n<\/div>\n\n\n\n<div class=\"wp-block-columns\">\n<div class=\"wp-block-column\">\n<div class=\"wp-block-cloudweb-person-card is-style-without-languages wp-block-cloudweb-person-card-dynamic\">\n\t<div class=\"person-card-info\">\n\t\t<div class=\"person-card-image\">\n\t\t\t<img decoding=\"async\" src=\"https:\/\/www.fenaco-gof.ch\/wp-content\/uploads\/2023\/12\/Pfister_Debora_GOF_2021-2.jpg\" alt=\"\" width=\"800\" height=\"800\" loading=\"lazy\" \/>\t\t<\/div>\n\t\t<div class=\"person-card-details\">\n\t\t\t<h2 class=\"person-card-name\">Debora Pfister<\/h2>\n\t\t\t<p class=\"person-card-detail\">Logistique \/ ex\u00e9cution des contrats prot\u00e9ines fourrag\u00e8res<\/p><\/div>\n\t<\/div>\n\t<div class=\"person-card-contact\">\n\t\t\t\t\t<p class=\"person-card-phone\">\n\t\t\t\t<a href=\"tel:+41584336477\" itemprop=\"telephone\" title=\"Call us\">+41 58 433 64 77<\/a>\t\t\t<\/p>\n\t\t\t\t\t\t\t\t\t<p class=\"person-card-mail\">\n\t\t\t\t<a href=\"mailto:%64%2e%70f%69&#115;%74&#101;r%40%66&#101;%6e%61c%6f%2ec%6f%6d\" title=\"Email us\" itemprop=\"email\">d.&#112;&#102;is&#116;&#101;r&#64;fen&#97;&#99;o&#46;c&#111;&#109;<\/a>\t\t\t<\/p>\n\t\t\n\t<\/div>\n\t<\/div>\n<\/div>\n\n\n\n<div class=\"wp-block-column\"><\/div>\n\n\n\n<div class=\"wp-block-column\"><\/div>\n<\/div>\n\n\n\n<h3 class=\"wp-block-heading\">Marque \u00ab Proforest \u00bb<\/h3>\n\n\n\n<p>fenaco GOF est consciente de sa responsabilit\u00e9 : la culture de soja, en constante augmentation, doit \u00e9galement r\u00e9pondre \u00e0 des exigences sociales et \u00e9cologiques. L&rsquo;approvisionnement en soja issu d&rsquo;une production responsable est pour nous une priorit\u00e9 absolue.<\/p>\n\n\n\n<div class=\"wp-block-columns\">\n<div class=\"wp-block-column\" style=\"flex-basis:33.33%\">\n<figure class=\"wp-block-image size-medium\"><img loading=\"lazy\" decoding=\"async\" width=\"300\" height=\"228\" src=\"https:\/\/www.fenaco-gof.ch\/wp-content\/uploads\/2025\/07\/ProForest_Logo-300x228.png\" alt=\"\" class=\"wp-image-4102\" srcset=\"https:\/\/www.fenaco-gof.ch\/wp-content\/uploads\/2025\/07\/ProForest_Logo-300x228.png 300w, https:\/\/www.fenaco-gof.ch\/wp-content\/uploads\/2025\/07\/ProForest_Logo-768x585.png 768w, https:\/\/www.fenaco-gof.ch\/wp-content\/uploads\/2025\/07\/ProForest_Logo.png 967w\" sizes=\"auto, (max-width: 300px) 100vw, 300px\" \/><\/figure>\n<\/div>\n\n\n\n<div class=\"wp-block-column\" style=\"flex-basis:66.66%\">\n<p>Notre marque \u00ab Proforest \u00bb r\u00e9pond aux valeurs fondamentales exig\u00e9es par le <a href=\"https:\/\/www.sojanetzwerk.ch\/fr\/\" target=\"_blank\" rel=\"noopener\">r\u00e9seau suisse pour le soja<\/a>. Cela donne \u00e0 nos clients la certitude d&rsquo;avoir achet\u00e9 du soja issu d&rsquo;une culture responsable.<\/p>\n\n\n\n<p>En 2025, 100% de nos importations de compl\u00e9ments de soja r\u00e9pondaient aux exigences du R\u00e9seau suisse pour le soja, dont 100 % provenaient d&rsquo;Europe.<\/p>\n\n\n\n<p>Apprenez-en plus sur <a href=\"https:\/\/www.fenaco-gof.ch\/fr\/developpement-durable\/\" data-type=\"page\" data-id=\"744\">la durabilit\u00e9 \u00e9cologique chez fenaco GOF.<\/a><\/p>\n<\/div>\n<\/div>\n\n\n\n<div style=\"height:50px\" aria-hidden=\"true\" class=\"wp-block-spacer\"><\/div>\n\n\n\n<h3 class=\"wp-block-heading\">Bulletin d&rsquo;information<\/h3>\n\n\n\n<p>Le secteur d&rsquo;activit\u00e9 Prot\u00e9ines fourrag\u00e8res de fenaco GOF envoie chaque semaine des newsletters sp\u00e9cialis\u00e9es et pertinentes pour le march\u00e9. Vous \u00eates int\u00e9ress\u00e9s(es) ? Annoncez-vous aupr\u00e8s de <a href=\"mailto:info.gof@fenaco.com?&amp;subject=Inscription%20\u00e0%20la%20Newsletter%20Protein-Marktreport&amp;body=Bonjour%21%0a%20%0aJe%20souhaite%20m'inscrire%20\u00e0%20la%20newsletter%20Protein-Marktreport%20(uniquement%20en%20allemand)\">info.gof@fenaco.com<\/a>.<\/p>\n","protected":false},"excerpt":{"rendered":"<p>fenaco C\u00e9r\u00e9ales, ol\u00e9agineux, mati\u00e8res premi\u00e8res (GOF) s\u2019approvisionne en prot\u00e9ines fourrag\u00e8res de haute qualit\u00e9 et ce directement aupr\u00e8s du fabricant. Cela nous permet d&rsquo;exercer une influence sur l&rsquo;origine et la qualit\u00e9 des produits en fonction des clients. L&rsquo;exp\u00e9rience et la comp\u00e9tence sont nos fondamentaux pour un approvisionnement \u00e9conomique et orient\u00e9 solutions. fenaco GOF pose des exigences [&hellip;]<\/p>\n","protected":false},"author":4,"featured_media":0,"parent":0,"menu_order":0,"comment_status":"closed","ping_status":"closed","template":"","meta":{"_acf_changed":false,"inline_featured_image":false,"_genesis_hide_title":false,"_genesis_hide_breadcrumbs":false,"_genesis_hide_singular_image":false,"_genesis_hide_footer_widgets":false,"_genesis_custom_body_class":"","_genesis_custom_post_class":"","_genesis_layout":"","footnotes":""},"class_list":{"0":"post-631","1":"page","2":"type-page","3":"status-publish","5":"entry"},"acf":[],"_links":{"self":[{"href":"https:\/\/www.fenaco-gof.ch\/fr\/wp-json\/wp\/v2\/pages\/631","targetHints":{"allow":["GET"]}}],"collection":[{"href":"https:\/\/www.fenaco-gof.ch\/fr\/wp-json\/wp\/v2\/pages"}],"about":[{"href":"https:\/\/www.fenaco-gof.ch\/fr\/wp-json\/wp\/v2\/types\/page"}],"author":[{"embeddable":true,"href":"https:\/\/www.fenaco-gof.ch\/fr\/wp-json\/wp\/v2\/users\/4"}],"replies":[{"embeddable":true,"href":"https:\/\/www.fenaco-gof.ch\/fr\/wp-json\/wp\/v2\/comments?post=631"}],"version-history":[{"count":0,"href":"https:\/\/www.fenaco-gof.ch\/fr\/wp-json\/wp\/v2\/pages\/631\/revisions"}],"wp:attachment":[{"href":"https:\/\/www.fenaco-gof.ch\/fr\/wp-json\/wp\/v2\/media?parent=631"}],"curies":[{"name":"wp","href":"https:\/\/api.w.org\/{rel}","templated":true}]}}