{"id":632,"date":"2023-11-22T11:49:28","date_gmt":"2023-11-22T10:49:28","guid":{"rendered":"https:\/\/fenacogof.wpengine.com\/?page_id=632"},"modified":"2025-10-06T09:36:36","modified_gmt":"2025-10-06T08:36:36","slug":"cereales-fourrageres","status":"publish","type":"page","link":"https:\/\/www.fenaco-gof.ch\/fr\/cereales-fourrageres\/","title":{"rendered":"C\u00e9r\u00e9ales fourrag\u00e8res"},"content":{"rendered":"\n<p>Le secteur d&rsquo;activit\u00e9 C\u00e9r\u00e9ales fourrag\u00e8res de fenaco C\u00e9r\u00e9ales, ol\u00e9agineux, mati\u00e8res premi\u00e8res (GOF) (poursuit deux objectifs principaux : Nous commercialisons, en collaboration avec les quelques 100 centres collecteurs du <a href=\"https:\/\/www.fenaco-gof.ch\/fr\/systeme-maxi\/\" data-type=\"page\" data-id=\"647\">syst\u00e8me MAXI<\/a><strong>,<\/strong> les c\u00e9r\u00e9ales fourrag\u00e8res de production indig\u00e8ne prises en charge par les centres collecteurs.<\/p>\n\n\n\n<p>Nous nous procurons \u00e9galement les composants bruts compl\u00e9mentaires n\u00e9cessaires \u00e0 la fabrication d&rsquo;aliments compos\u00e9s et pour l&rsquo;\u00e9levage. Pour ce faire, nous misons sur des partenariats performants et fiables avec des fournisseurs d&rsquo;Europe et d&rsquo;outre-mer. Nos principaux produits commerciaux sont le bl\u00e9 fourrager, le ma\u00efs grain, l&rsquo;orge et le triticale.<\/p>\n\n\n\n<p>Gr\u00e2ce \u00e0 notre pr\u00e9sence quotidienne sur le march\u00e9, \u00e0 nos tr\u00e8s nombreux contacts avec les clients, les fournisseurs et \u00e0 notre excellente comp\u00e9tence logistique, nous disposons des meilleures conditions pour \u00eatre un interlocuteur attrayant et professionnel pour tous nos partenaires clients et fournisseurs. Nous agissons sur la base des usages de la \u00ab\u00a0Bourse suisse aux c\u00e9r\u00e9ales de Lucerne\u00a0\u00bb. Pour en savoir plus : <a href=\"https:\/\/www.boerseluzern.ch\/de\/\" target=\"_blank\" rel=\"noopener\">www.boerseluzern.ch<\/a>.<\/p>\n\n\n\n<hr class=\"wp-block-separator has-alpha-channel-opacity is-style-dots\"\/>\n\n\n\n<h3 class=\"wp-block-heading\">Vos contacts pour le commerce<\/h3>\n\n\n\n<div class=\"wp-block-columns\">\n<div class=\"wp-block-column\">\n<p>Ma\u00efs et brisures de riz<\/p>\n<\/div>\n\n\n\n<div class=\"wp-block-column\">\n<p>Bl\u00e9 fourrager, seigle fourrager et \u00e9peautre fourrager<\/p>\n<\/div>\n\n\n\n<div class=\"wp-block-column\">\n<p>Orge, triticale, caroubes, tournesol et graines de lin<\/p>\n<\/div>\n<\/div>\n\n\n\n<div class=\"wp-block-columns\">\n<div class=\"wp-block-column\">\n<div class=\"wp-block-cloudweb-person-card is-style-without-languages wp-block-cloudweb-person-card-dynamic\">\n\t<div class=\"person-card-info\">\n\t\t<div class=\"person-card-image\">\n\t\t\t<img decoding=\"async\" src=\"https:\/\/www.fenaco-gof.ch\/wp-content\/uploads\/2025\/09\/00142206_thb.jpg\" alt=\"\" width=\"1200\" height=\"1200\" loading=\"lazy\" \/>\t\t<\/div>\n\t\t<div class=\"person-card-details\">\n\t\t\t<h2 class=\"person-card-name\">Samir Mejri<\/h2>\n\t\t\t<p class=\"person-card-detail\">Responsable du secteur commerce c\u00e9r\u00e9ales, ol\u00e9agineux<\/p><\/div>\n\t<\/div>\n\t<div class=\"person-card-contact\">\n\t\t\t\t\t<p class=\"person-card-phone\">\n\t\t\t\t<a href=\"tel:+41584337464\" itemprop=\"telephone\" title=\"Call us\">+41 58 433 74 64<\/a>\t\t\t<\/p>\n\t\t\t\t\t\t\t\t\t<p class=\"person-card-mail\">\n\t\t\t\t<a href=\"mailto:%73%61%6d%69r.m%65%6a%72%69&#64;%66&#101;%6e&#97;%63%6f%2e&#99;&#111;&#109;\" title=\"Email us\" itemprop=\"email\">s&#97;mi&#114;&#46;&#109;&#101;&#106;&#114;&#105;&#64;&#102;enaco.co&#109;<\/a>\t\t\t<\/p>\n\t\t\n\t<\/div>\n\t<\/div>\n<\/div>\n\n\n\n<div class=\"wp-block-column\">\n<div class=\"wp-block-cloudweb-person-card is-style-without-languages wp-block-cloudweb-person-card-dynamic\">\n\t<div class=\"person-card-info\">\n\t\t<div class=\"person-card-image\">\n\t\t\t<img decoding=\"async\" src=\"https:\/\/www.fenaco-gof.ch\/wp-content\/uploads\/2023\/12\/Bigler_Daniela_GOF_2022.jpg\" alt=\"\" width=\"800\" height=\"800\" loading=\"lazy\" \/>\t\t<\/div>\n\t\t<div class=\"person-card-details\">\n\t\t\t<h2 class=\"person-card-name\">Daniela Bigler<\/h2>\n\t\t\t<p class=\"person-card-detail\">Commerce c\u00e9r\u00e9ales, mati\u00e8res premi\u00e8res<\/p><\/div>\n\t<\/div>\n\t<div class=\"person-card-contact\">\n\t\t\t\t\t<p class=\"person-card-phone\">\n\t\t\t\t<a href=\"tel:+41584337355\" itemprop=\"telephone\" title=\"Call us\">+41 58 433 73 55<\/a>\t\t\t<\/p>\n\t\t\t\t\t\t\t\t\t<p class=\"person-card-mail\">\n\t\t\t\t<a href=\"mailto:d&#46;&#98;ig%6c&#101;r%40f&#101;n%61%63o.&#99;&#111;&#109;\" title=\"Email us\" itemprop=\"email\">&#100;.&#98;i&#103;&#108;&#101;&#114;&#64;fenac&#111;&#46;c&#111;m<\/a>\t\t\t<\/p>\n\t\t\n\t<\/div>\n\t<\/div>\n<\/div>\n\n\n\n<div class=\"wp-block-column\">\n<div class=\"wp-block-cloudweb-person-card is-style-without-languages wp-block-cloudweb-person-card-dynamic\">\n\t<div class=\"person-card-info\">\n\t\t<div class=\"person-card-image\">\n\t\t\t<img decoding=\"async\" src=\"https:\/\/www.fenaco-gof.ch\/wp-content\/uploads\/2024\/04\/Haeller_Emily_GOF_2024.jpg\" alt=\"\" width=\"2362\" height=\"2362\" loading=\"lazy\" \/>\t\t<\/div>\n\t\t<div class=\"person-card-details\">\n\t\t\t<h2 class=\"person-card-name\">Emily H\u00e4ller<\/h2>\n\t\t\t<p class=\"person-card-detail\">Commerce c\u00e9r\u00e9ales, mati\u00e8res premi\u00e8res<\/p><\/div>\n\t<\/div>\n\t<div class=\"person-card-contact\">\n\t\t\t\t\t<p class=\"person-card-phone\">\n\t\t\t\t<a href=\"tel:+41584336424\" itemprop=\"telephone\" title=\"Call us\">+41 58 433 64 24<\/a>\t\t\t<\/p>\n\t\t\t\t\t\t\t\t\t<p class=\"person-card-mail\">\n\t\t\t\t<a href=\"mailto:%65&#46;ha%65lle&#114;&#64;&#102;%65%6e&#97;&#99;%6f&#46;%63om\" title=\"Email us\" itemprop=\"email\">e.h&#97;e&#108;&#108;&#101;&#114;&#64;f&#101;&#110;a&#99;&#111;&#46;&#99;&#111;m<\/a>\t\t\t<\/p>\n\t\t\n\t<\/div>\n\t<\/div>\n<\/div>\n<\/div>\n\n\n\n<div class=\"wp-block-columns\">\n<div class=\"wp-block-column\">\n<p>Avoine fourrag\u00e8re, sous-produits de l&rsquo;avoine, pois fourragers et f\u00e9veroles<\/p>\n<\/div>\n\n\n\n<div class=\"wp-block-column\"><\/div>\n\n\n\n<div class=\"wp-block-column\"><\/div>\n<\/div>\n\n\n\n<div class=\"wp-block-columns\">\n<div class=\"wp-block-column\">\n<div class=\"wp-block-cloudweb-person-card is-style-without-languages wp-block-cloudweb-person-card-dynamic\">\n\t<div class=\"person-card-info\">\n\t\t<div class=\"person-card-image\">\n\t\t\t<img decoding=\"async\" src=\"https:\/\/www.fenaco-gof.ch\/wp-content\/uploads\/2025\/01\/Knuesel_Oliver_GOF2025_thb.jpg\" alt=\"\" width=\"1200\" height=\"1200\" loading=\"lazy\" \/>\t\t<\/div>\n\t\t<div class=\"person-card-details\">\n\t\t\t<h2 class=\"person-card-name\">Oliver Kn\u00fcsel<\/h2>\n\t\t\t<p class=\"person-card-detail\">Commerce c\u00e9r\u00e9ales, mati\u00e8res premi\u00e8res<\/p><\/div>\n\t<\/div>\n\t<div class=\"person-card-contact\">\n\t\t\t\t\t<p class=\"person-card-phone\">\n\t\t\t\t<a href=\"tel:+41584337450\" itemprop=\"telephone\" title=\"Call us\">+41 58 433 74 50<\/a>\t\t\t<\/p>\n\t\t\t\t\t\t\t\t\t<p class=\"person-card-mail\">\n\t\t\t\t<a href=\"mailto:&#111;&#108;%69%76er.%6b&#110;u%65s&#101;%6c%40fe%6ea&#99;o%2e%63%6f%6d\" title=\"Email us\" itemprop=\"email\">&#111;&#108;i&#118;&#101;r&#46;&#107;n&#117;&#101;&#115;&#101;l&#64;f&#101;n&#97;c&#111;&#46;&#99;o&#109;<\/a>\t\t\t<\/p>\n\t\t\n\t<\/div>\n\t<\/div>\n<\/div>\n\n\n\n<div class=\"wp-block-column\"><\/div>\n\n\n\n<div class=\"wp-block-column\"><\/div>\n<\/div>\n\n\n\n<h3 class=\"wp-block-heading\">Responsables r\u00e9gionaux syst\u00e8me MAXI<\/h3>\n\n\n\n<div class=\"wp-block-columns\">\n<div class=\"wp-block-column\">\n<h4 class=\"wp-block-heading\">Suisse romande<\/h4>\n\n\n\n<div class=\"wp-block-cloudweb-person-card is-style-without-languages wp-block-cloudweb-person-card-dynamic\">\n\t<div class=\"person-card-info\">\n\t\t<div class=\"person-card-image\">\n\t\t\t<img decoding=\"async\" src=\"https:\/\/www.fenaco-gof.ch\/wp-content\/uploads\/2023\/12\/Christen_Raymond_GOF_2018.jpg\" alt=\"\" width=\"800\" height=\"800\" loading=\"lazy\" \/>\t\t<\/div>\n\t\t<div class=\"person-card-details\">\n\t\t\t<h2 class=\"person-card-name\">Raymond Christen<\/h2>\n\t\t\t<p class=\"person-card-detail\">Responsable bureau Romandie \/ Responsable r\u00e9gional des centres collecteurs Suisse Romande<\/p><\/div>\n\t<\/div>\n\t<div class=\"person-card-contact\">\n\t\t\t\t\t<p class=\"person-card-phone\">\n\t\t\t\t<a href=\"tel:+41584336401\" itemprop=\"telephone\" title=\"Call us\">+41 58 433 64 01<\/a>\t\t\t<\/p>\n\t\t\t\t\t\t\t\t\t<p class=\"person-card-mail\">\n\t\t\t\t<a href=\"mailto:r&#97;%79%6d&#111;n%64&#46;%63&#104;%72%69%73&#116;e%6e&#64;%66&#101;&#110;a%63&#111;%2eco%6d\" title=\"Email us\" itemprop=\"email\">&#114;&#97;y&#109;on&#100;&#46;&#99;h&#114;is&#116;&#101;n&#64;fe&#110;aco&#46;&#99;o&#109;<\/a>\t\t\t<\/p>\n\t\t\n\t<\/div>\n\t<\/div>\n<\/div>\n\n\n\n<div class=\"wp-block-column\">\n<h4 class=\"wp-block-heading\">Plateau central<\/h4>\n\n\n\n<div class=\"wp-block-cloudweb-person-card is-style-without-languages wp-block-cloudweb-person-card-dynamic\">\n\t<div class=\"person-card-info\">\n\t\t<div class=\"person-card-image\">\n\t\t\t<img decoding=\"async\" src=\"https:\/\/www.fenaco-gof.ch\/wp-content\/uploads\/2025\/09\/00091619_thb.jpg\" alt=\"\" width=\"1200\" height=\"1200\" loading=\"lazy\" \/>\t\t<\/div>\n\t\t<div class=\"person-card-details\">\n\t\t\t<h2 class=\"person-card-name\">Sarah Leuenberger<\/h2>\n\t\t\t<p class=\"person-card-detail\">Logistique \/ Disposition<\/p><\/div>\n\t<\/div>\n\t<div class=\"person-card-contact\">\n\t\t\t\t\t<p class=\"person-card-phone\">\n\t\t\t\t<a href=\"tel:+41584336429\" itemprop=\"telephone\" title=\"Call us\">+41 58 433 64 29<\/a>\t\t\t<\/p>\n\t\t\t\t\t\t\t\t\t<p class=\"person-card-mail\">\n\t\t\t\t<a href=\"mailto:&#115;%61&#114;ah.l%65u&#101;%6e&#98;er&#103;%65&#114;%40f%65%6e%61&#99;%6f.&#99;%6f&#109;\" title=\"Email us\" itemprop=\"email\">sa&#114;&#97;&#104;.l&#101;&#117;e&#110;&#98;&#101;rg&#101;&#114;&#64;fe&#110;ac&#111;&#46;c&#111;m<\/a>\t\t\t<\/p>\n\t\t\n\t<\/div>\n\t<\/div>\n<\/div>\n\n\n\n<div class=\"wp-block-column\">\n<h4 class=\"wp-block-heading\">Suisse orientale<\/h4>\n\n\n\n<div class=\"wp-block-cloudweb-person-card is-style-without-languages wp-block-cloudweb-person-card-dynamic\">\n\t<div class=\"person-card-info\">\n\t\t<div class=\"person-card-image\">\n\t\t\t<img decoding=\"async\" src=\"https:\/\/www.fenaco-gof.ch\/wp-content\/uploads\/2025\/05\/Jessica-Haus._thb.jpg\" alt=\"\" width=\"1966\" height=\"1966\" loading=\"lazy\" \/>\t\t<\/div>\n\t\t<div class=\"person-card-details\">\n\t\t\t<h2 class=\"person-card-name\">Jessica Langhard<\/h2>\n\t\t\t<p class=\"person-card-detail\">Logistique \/ Disposition<\/p><\/div>\n\t<\/div>\n\t<div class=\"person-card-contact\">\n\t\t\t\t\t<p class=\"person-card-phone\">\n\t\t\t\t<a href=\"tel:+41584336469\" itemprop=\"telephone\" title=\"Call us\">+41 58 433 64 69<\/a>\t\t\t<\/p>\n\t\t\t\t\t\t\t\t\t<p class=\"person-card-mail\">\n\t\t\t\t<a href=\"mailto:j%65%73%73ic&#97;.&#108;an&#103;har&#100;%40&#102;%65na%63o.&#99;%6fm\" title=\"Email us\" itemprop=\"email\">jes&#115;&#105;&#99;&#97;&#46;&#108;&#97;&#110;&#103;&#104;a&#114;&#100;&#64;&#102;enac&#111;.&#99;&#111;&#109;<\/a>\t\t\t<\/p>\n\t\t\n\t<\/div>\n\t<\/div>\n<\/div>\n<\/div>\n\n\n\n<p><\/p>\n\n\n\n<p><\/p>\n","protected":false},"excerpt":{"rendered":"<p>Le secteur d&rsquo;activit\u00e9 C\u00e9r\u00e9ales fourrag\u00e8res de fenaco C\u00e9r\u00e9ales, ol\u00e9agineux, mati\u00e8res premi\u00e8res (GOF) (poursuit deux objectifs principaux : Nous commercialisons, en collaboration avec les quelques 100 centres collecteurs du syst\u00e8me MAXI, les c\u00e9r\u00e9ales fourrag\u00e8res de production indig\u00e8ne prises en charge par les centres collecteurs. Nous nous procurons \u00e9galement les composants bruts compl\u00e9mentaires n\u00e9cessaires \u00e0 la fabrication [&hellip;]<\/p>\n","protected":false},"author":4,"featured_media":0,"parent":0,"menu_order":0,"comment_status":"closed","ping_status":"closed","template":"","meta":{"_acf_changed":false,"inline_featured_image":false,"_genesis_hide_title":false,"_genesis_hide_breadcrumbs":false,"_genesis_hide_singular_image":false,"_genesis_hide_footer_widgets":false,"_genesis_custom_body_class":"","_genesis_custom_post_class":"","_genesis_layout":"","footnotes":""},"class_list":{"0":"post-632","1":"page","2":"type-page","3":"status-publish","5":"entry"},"acf":[],"_links":{"self":[{"href":"https:\/\/www.fenaco-gof.ch\/fr\/wp-json\/wp\/v2\/pages\/632","targetHints":{"allow":["GET"]}}],"collection":[{"href":"https:\/\/www.fenaco-gof.ch\/fr\/wp-json\/wp\/v2\/pages"}],"about":[{"href":"https:\/\/www.fenaco-gof.ch\/fr\/wp-json\/wp\/v2\/types\/page"}],"author":[{"embeddable":true,"href":"https:\/\/www.fenaco-gof.ch\/fr\/wp-json\/wp\/v2\/users\/4"}],"replies":[{"embeddable":true,"href":"https:\/\/www.fenaco-gof.ch\/fr\/wp-json\/wp\/v2\/comments?post=632"}],"version-history":[{"count":0,"href":"https:\/\/www.fenaco-gof.ch\/fr\/wp-json\/wp\/v2\/pages\/632\/revisions"}],"wp:attachment":[{"href":"https:\/\/www.fenaco-gof.ch\/fr\/wp-json\/wp\/v2\/media?parent=632"}],"curies":[{"name":"wp","href":"https:\/\/api.w.org\/{rel}","templated":true}]}}