{"id":633,"date":"2023-11-22T11:49:41","date_gmt":"2023-11-22T10:49:41","guid":{"rendered":"https:\/\/fenacogof.wpengine.com\/?page_id=633"},"modified":"2025-08-29T08:35:05","modified_gmt":"2025-08-29T07:35:05","slug":"specialites","status":"publish","type":"page","link":"https:\/\/www.fenaco-gof.ch\/fr\/specialites\/","title":{"rendered":"Sp\u00e9cialit\u00e9s"},"content":{"rendered":"\n<p>fenaco C\u00e9r\u00e9ales, ol\u00e9agineux, mati\u00e8res premi\u00e8res compte parmi les principaux fournisseurs de sp\u00e9cialit\u00e9s fourrag\u00e8res en Suisse. Nous disposons d&rsquo;excellents contacts directs avec des producteurs s\u00e9lectionn\u00e9s et fiables dans le monde entier.<\/p>\n\n\n\n<p>Dans le cadre de nos activit\u00e9s, nous accordons une attention particuli\u00e8re \u00e0 soigner des partenariats, \u00e0 un service client\u00e8le optimal ainsi qu&rsquo;\u00e0 la qualit\u00e9 \u00e9lev\u00e9e garantie de nos produits.<\/p>\n\n\n\n<p>Nos principaux produits commerciaux sont les acides amin\u00e9s, les phosphates, les graisses et les huiles (v\u00e9g\u00e9tales et animales), le marc de pommes s\u00e9ch\u00e9, les coques de cacao, la chaux fourrag\u00e8re, la m\u00e9lasse et le dextrose. Notre gamme de produits est compl\u00e9t\u00e9e par la commercialisation de sucre en provenance du pays et de l&rsquo;\u00e9tranger.<\/p>\n\n\n\n<hr class=\"wp-block-separator has-alpha-channel-opacity is-style-dots\"\/>\n\n\n\n<h3 class=\"wp-block-heading\"><strong>Vos contacts pour le commerce<\/strong><\/h3>\n\n\n\n<div class=\"wp-block-columns\">\n<div class=\"wp-block-column\">\n<p>Graisses, acides amin\u00e9s et dextrose<\/p>\n<\/div>\n\n\n\n<div class=\"wp-block-column\">\n<p>Aliments sp\u00e9ciaux (marc, bicarbonate de sodium, oxyde de magn\u00e9sium, etc.), chaux alimentaire et produits \u00e0 base d&rsquo;amidon<\/p>\n<\/div>\n\n\n\n<div class=\"wp-block-column\"><\/div>\n<\/div>\n\n\n\n<div class=\"wp-block-columns\">\n<div class=\"wp-block-column\">\n<div class=\"wp-block-cloudweb-person-card is-style-without-languages wp-block-cloudweb-person-card-dynamic\">\n\t<div class=\"person-card-info\">\n\t\t<div class=\"person-card-image\">\n\t\t\t<img decoding=\"async\" src=\"https:\/\/www.fenaco-gof.ch\/wp-content\/uploads\/2024\/10\/Arnold_Thomas_thb.jpg\" alt=\"\" width=\"1200\" height=\"1200\" loading=\"lazy\" \/>\t\t<\/div>\n\t\t<div class=\"person-card-details\">\n\t\t\t<h2 class=\"person-card-name\">Thomas Arnold<\/h2>\n\t\t\t<p class=\"person-card-detail\">Commerce sp\u00e9cialit\u00e9s fourrag\u00e8res<\/p><\/div>\n\t<\/div>\n\t<div class=\"person-card-contact\">\n\t\t\t\t\t<p class=\"person-card-phone\">\n\t\t\t\t<a href=\"tel:+41584336464\" itemprop=\"telephone\" title=\"Call us\">+41 58 433 64 64<\/a>\t\t\t<\/p>\n\t\t\t\t\t\t\t\t\t<p class=\"person-card-mail\">\n\t\t\t\t<a href=\"mailto:&#116;%68&#111;mas%2e&#97;&#114;%6e&#111;&#108;&#100;&#64;%66&#101;na&#99;o.&#99;%6fm\" title=\"Email us\" itemprop=\"email\">&#116;h&#111;m&#97;&#115;&#46;&#97;&#114;n&#111;&#108;&#100;&#64;f&#101;&#110;a&#99;o.co&#109;<\/a>\t\t\t<\/p>\n\t\t\n\t<\/div>\n\t<\/div>\n<\/div>\n\n\n\n<div class=\"wp-block-column\">\n<div class=\"wp-block-cloudweb-person-card is-style-without-languages wp-block-cloudweb-person-card-dynamic\">\n\t<div class=\"person-card-info\">\n\t\t<div class=\"person-card-image\">\n\t\t\t<img decoding=\"async\" src=\"https:\/\/www.fenaco-gof.ch\/wp-content\/uploads\/2024\/10\/Weckermann_Dennis_thb.jpg\" alt=\"\" width=\"1200\" height=\"1200\" loading=\"lazy\" \/>\t\t<\/div>\n\t\t<div class=\"person-card-details\">\n\t\t\t<h2 class=\"person-card-name\">Dennis Weckermann<\/h2>\n\t\t\t<p class=\"person-card-detail\">Commerce sp\u00e9cialit\u00e9s fourrag\u00e8res<\/p><\/div>\n\t<\/div>\n\t<div class=\"person-card-contact\">\n\t\t\t\t\t<p class=\"person-card-phone\">\n\t\t\t\t<a href=\"tel:+41584337451\" itemprop=\"telephone\" title=\"Call us\">+41 58 433 74 51<\/a>\t\t\t<\/p>\n\t\t\t\t\t\t\t\t\t<p class=\"person-card-mail\">\n\t\t\t\t<a href=\"mailto:&#100;enn&#105;&#115;&#46;&#119;&#101;&#99;ker&#109;a&#110;&#110;&#64;&#102;&#101;nac%6f.co&#109;\" title=\"Email us\" itemprop=\"email\">&#100;&#101;&#110;n&#105;&#115;&#46;&#119;ec&#107;&#101;r&#109;&#97;n&#110;&#64;&#102;e&#110;&#97;&#99;&#111;.c&#111;&#109;<\/a>\t\t\t<\/p>\n\t\t\n\t<\/div>\n\t<\/div>\n<\/div>\n\n\n\n<div class=\"wp-block-column\"><\/div>\n<\/div>\n","protected":false},"excerpt":{"rendered":"<p>fenaco C\u00e9r\u00e9ales, ol\u00e9agineux, mati\u00e8res premi\u00e8res compte parmi les principaux fournisseurs de sp\u00e9cialit\u00e9s fourrag\u00e8res en Suisse. Nous disposons d&rsquo;excellents contacts directs avec des producteurs s\u00e9lectionn\u00e9s et fiables dans le monde entier. Dans le cadre de nos activit\u00e9s, nous accordons une attention particuli\u00e8re \u00e0 soigner des partenariats, \u00e0 un service client\u00e8le optimal ainsi qu&rsquo;\u00e0 la qualit\u00e9 \u00e9lev\u00e9e [&hellip;]<\/p>\n","protected":false},"author":4,"featured_media":0,"parent":0,"menu_order":0,"comment_status":"closed","ping_status":"closed","template":"","meta":{"_acf_changed":false,"inline_featured_image":false,"_genesis_hide_title":false,"_genesis_hide_breadcrumbs":false,"_genesis_hide_singular_image":false,"_genesis_hide_footer_widgets":false,"_genesis_custom_body_class":"","_genesis_custom_post_class":"","_genesis_layout":"","footnotes":""},"class_list":{"0":"post-633","1":"page","2":"type-page","3":"status-publish","5":"entry"},"acf":[],"_links":{"self":[{"href":"https:\/\/www.fenaco-gof.ch\/fr\/wp-json\/wp\/v2\/pages\/633","targetHints":{"allow":["GET"]}}],"collection":[{"href":"https:\/\/www.fenaco-gof.ch\/fr\/wp-json\/wp\/v2\/pages"}],"about":[{"href":"https:\/\/www.fenaco-gof.ch\/fr\/wp-json\/wp\/v2\/types\/page"}],"author":[{"embeddable":true,"href":"https:\/\/www.fenaco-gof.ch\/fr\/wp-json\/wp\/v2\/users\/4"}],"replies":[{"embeddable":true,"href":"https:\/\/www.fenaco-gof.ch\/fr\/wp-json\/wp\/v2\/comments?post=633"}],"version-history":[{"count":0,"href":"https:\/\/www.fenaco-gof.ch\/fr\/wp-json\/wp\/v2\/pages\/633\/revisions"}],"wp:attachment":[{"href":"https:\/\/www.fenaco-gof.ch\/fr\/wp-json\/wp\/v2\/media?parent=633"}],"curies":[{"name":"wp","href":"https:\/\/api.w.org\/{rel}","templated":true}]}}