{"id":635,"date":"2023-11-22T11:48:44","date_gmt":"2023-11-22T10:48:44","guid":{"rendered":"https:\/\/fenacogof.wpengine.com\/?page_id=635"},"modified":"2025-09-01T07:54:49","modified_gmt":"2025-09-01T06:54:49","slug":"issues-de-meunerie","status":"publish","type":"page","link":"https:\/\/www.fenaco-gof.ch\/fr\/issues-de-meunerie\/","title":{"rendered":"Issues de meunerie"},"content":{"rendered":"\n<p>Gr\u00e2ce \u00e0 la propre production d&rsquo;aliments compos\u00e9s de fenaco (UFA et Melior) ainsi qu\u2019\u00e0 large client\u00e8le, fenaco C\u00e9r\u00e9ales, ol\u00e9agineux, mati\u00e8res premi\u00e8res (GOF) est en mesure de prendre en charge et de commercialiser en continu les sous-produits des entreprises de meunerie. La valorisation de ces pr\u00e9cieux sous-produits issus de la production alimentaire permet de boucler au mieux les cycles de cr\u00e9ation de valeur et de nutriments.<\/p>\n\n\n\n<p>Les principaux produits commerciaux sont les pellets de m\u00e9lange de sous-produits de meunerie (MNPG), le son de bl\u00e9 tendre et la farine fourrag\u00e8re de bl\u00e9 tendre.<\/p>\n\n\n\n<hr class=\"wp-block-separator has-alpha-channel-opacity is-style-dots\"\/>\n\n\n\n<h3 class=\"wp-block-heading\"><strong>Vos contacts pour le commerce<\/strong><\/h3>\n\n\n\n<div class=\"wp-block-columns\">\n<div class=\"wp-block-column\">\n<p>Issues de meunerie nationaux, c\u00e9r\u00e9ales \u00e0 moudre et graines ol\u00e9agineuses<\/p>\n<\/div>\n\n\n\n<div class=\"wp-block-column\"><\/div>\n\n\n\n<div class=\"wp-block-column\"><\/div>\n<\/div>\n\n\n\n<div class=\"wp-block-columns\">\n<div class=\"wp-block-column\">\n<div class=\"wp-block-cloudweb-person-card is-style-without-languages wp-block-cloudweb-person-card-dynamic\">\n\t<div class=\"person-card-info\">\n\t\t<div class=\"person-card-image\">\n\t\t\t<img decoding=\"async\" src=\"https:\/\/www.fenaco-gof.ch\/wp-content\/uploads\/2024\/10\/Sutter_Jan_thb.jpg\" alt=\"\" width=\"1200\" height=\"1200\" loading=\"lazy\" \/>\t\t<\/div>\n\t\t<div class=\"person-card-details\">\n\t\t\t<h2 class=\"person-card-name\">Jan Sutter<\/h2>\n\t\t\t<p class=\"person-card-detail\">Responsable d&#039;equipe commerce produits alimentaires bruts<\/p><\/div>\n\t<\/div>\n\t<div class=\"person-card-contact\">\n\t\t\t\t\t<p class=\"person-card-phone\">\n\t\t\t\t<a href=\"tel:+41584337452\" itemprop=\"telephone\" title=\"Call us\">+41 58 433 74 52<\/a>\t\t\t<\/p>\n\t\t\t\t\t\t\t\t\t<p class=\"person-card-mail\">\n\t\t\t\t<a href=\"mailto:j&#97;%6e%2es%75&#116;&#116;%65%72&#64;f&#101;%6ea%63&#111;%2e&#99;&#111;&#109;\" title=\"Email us\" itemprop=\"email\">jan&#46;s&#117;t&#116;&#101;&#114;&#64;f&#101;n&#97;c&#111;.&#99;&#111;m<\/a>\t\t\t<\/p>\n\t\t\n\t<\/div>\n\t<\/div>\n<\/div>\n\n\n\n<div class=\"wp-block-column\"><\/div>\n\n\n\n<div class=\"wp-block-column\"><\/div>\n<\/div>\n","protected":false},"excerpt":{"rendered":"<p>Gr\u00e2ce \u00e0 la propre production d&rsquo;aliments compos\u00e9s de fenaco (UFA et Melior) ainsi qu\u2019\u00e0 large client\u00e8le, fenaco C\u00e9r\u00e9ales, ol\u00e9agineux, mati\u00e8res premi\u00e8res (GOF) est en mesure de prendre en charge et de commercialiser en continu les sous-produits des entreprises de meunerie. La valorisation de ces pr\u00e9cieux sous-produits issus de la production alimentaire permet de boucler au [&hellip;]<\/p>\n","protected":false},"author":4,"featured_media":0,"parent":0,"menu_order":0,"comment_status":"closed","ping_status":"closed","template":"","meta":{"_acf_changed":false,"inline_featured_image":false,"_genesis_hide_title":false,"_genesis_hide_breadcrumbs":false,"_genesis_hide_singular_image":false,"_genesis_hide_footer_widgets":false,"_genesis_custom_body_class":"","_genesis_custom_post_class":"","_genesis_layout":"","footnotes":""},"class_list":{"0":"post-635","1":"page","2":"type-page","3":"status-publish","5":"entry"},"acf":[],"_links":{"self":[{"href":"https:\/\/www.fenaco-gof.ch\/fr\/wp-json\/wp\/v2\/pages\/635","targetHints":{"allow":["GET"]}}],"collection":[{"href":"https:\/\/www.fenaco-gof.ch\/fr\/wp-json\/wp\/v2\/pages"}],"about":[{"href":"https:\/\/www.fenaco-gof.ch\/fr\/wp-json\/wp\/v2\/types\/page"}],"author":[{"embeddable":true,"href":"https:\/\/www.fenaco-gof.ch\/fr\/wp-json\/wp\/v2\/users\/4"}],"replies":[{"embeddable":true,"href":"https:\/\/www.fenaco-gof.ch\/fr\/wp-json\/wp\/v2\/comments?post=635"}],"version-history":[{"count":0,"href":"https:\/\/www.fenaco-gof.ch\/fr\/wp-json\/wp\/v2\/pages\/635\/revisions"}],"wp:attachment":[{"href":"https:\/\/www.fenaco-gof.ch\/fr\/wp-json\/wp\/v2\/media?parent=635"}],"curies":[{"name":"wp","href":"https:\/\/api.w.org\/{rel}","templated":true}]}}