{"id":636,"date":"2023-12-07T11:25:04","date_gmt":"2023-12-07T10:25:04","guid":{"rendered":"https:\/\/fenacogof.wpengine.com\/?page_id=636"},"modified":"2025-12-18T06:42:05","modified_gmt":"2025-12-18T05:42:05","slug":"logistique","status":"publish","type":"page","link":"https:\/\/www.fenaco-gof.ch\/fr\/logistique\/","title":{"rendered":"Logistique"},"content":{"rendered":"\n<p>Afin d&rsquo;offrir \u00e0 nos clientes et clients des prestations logistiques efficaces, fenaco C\u00e9r\u00e9ales, ol\u00e9agineux, mati\u00e8res premi\u00e8res (GOF) travaille en collaboration avec des prestataires logistiques de premier plan dans toute la Suisse et l&rsquo;Europe.<\/p>\n\n\n\n<h3 class=\"wp-block-heading\"><strong>Logistique nationale<\/strong><\/h3>\n\n\n\n<p>En tant qu&rsquo;un des plus gros clients de CFF Cargo, nous entretenons une collaboration intensive et assurons des solutions orient\u00e9es vers le client gr\u00e2ce \u00e0 des transports par wagons isol\u00e9s et \u00e0 des concepts sur mesure. Les transports routiers en Suisse sont effectu\u00e9s \u00e0 100% par TRAVECO, soci\u00e9t\u00e9-fille de fenaco. Gr\u00e2ce \u00e0 la flexibilit\u00e9 de cette entreprise, nous pouvons r\u00e9pondre aux souhaits individuels des clients et optimiser les co\u00fbts.<\/p>\n\n\n\n<h3 class=\"wp-block-heading\"><strong>Logistique d&rsquo;importation<\/strong><\/h3>\n\n\n\n<p>Plusieurs fois par mois, des trains en provenance de l&rsquo;UE passent la fronti\u00e8re pour entrer en Suisse. La logistique ax\u00e9e sur les clients permet des livraisons par train complet, demi-train ou groupe de wagons. En compl\u00e9ment des transports ferroviaires, nous travaillons avec de nombreuses entreprises de transport par camion fiables de tout l&rsquo;espace europ\u00e9en.<\/p>\n\n\n\n<p>Un transport compl\u00e9mentaire et efficace est la voie fluviale. La majorit\u00e9 de nos marchandises commerciales import\u00e9es par bateau sont transbord\u00e9es dans les ports ARAG (Anvers, Rotterdam, Amsterdam, Gand). Par voie fluviale, la marchandise arrive sur nos sites de transbordement, comme par exemple le port d&rsquo;<a href=\"https:\/\/www.fenaco-gof.ch\/fr\/auhafen\/\" data-type=\"page\" data-id=\"641\">Auhafen<\/a>.<\/p>\n\n\n\n<hr class=\"wp-block-separator has-alpha-channel-opacity is-style-dots\"\/>\n\n\n\n<h3 class=\"wp-block-heading\"><strong>Votre contact pour la logistique nationale<\/strong><\/h3>\n\n\n\n<div class=\"wp-block-columns\">\n<div class=\"wp-block-column\">\n<div class=\"wp-block-cloudweb-person-card is-style-without-languages wp-block-cloudweb-person-card-dynamic\">\n\t<div class=\"person-card-info\">\n\t\t<div class=\"person-card-image\">\n\t\t\t<img decoding=\"async\" src=\"https:\/\/www.fenaco-gof.ch\/wp-content\/uploads\/2023\/12\/Rust_Sarah_GOF_2017-2.jpg\" alt=\"\" width=\"400\" height=\"400\" loading=\"lazy\" \/>\t\t<\/div>\n\t\t<div class=\"person-card-details\">\n\t\t\t<h2 class=\"person-card-name\">Sarah Rust<\/h2>\n\t\t\t<p class=\"person-card-detail\">Responsable du management de qualit\u00e9, MAXI, sites \/ Membre de la direction<\/p><\/div>\n\t<\/div>\n\t<div class=\"person-card-contact\">\n\t\t\t\t\t<p class=\"person-card-phone\">\n\t\t\t\t<a href=\"tel:+41584336489\" itemprop=\"telephone\" title=\"Call us\">+41 58 433 64 89<\/a>\t\t\t<\/p>\n\t\t\t\t\t\t\t\t\t<p class=\"person-card-mail\">\n\t\t\t\t<a href=\"mailto:&#115;&#97;%72&#97;h.%72&#117;s%74%40%66e&#110;aco%2ec&#111;&#109;\" title=\"Email us\" itemprop=\"email\">s&#97;&#114;ah&#46;&#114;u&#115;t&#64;&#102;&#101;n&#97;c&#111;.&#99;&#111;&#109;<\/a>\t\t\t<\/p>\n\t\t\n\t<\/div>\n\t<\/div>\n<\/div>\n\n\n\n<div class=\"wp-block-column\"><\/div>\n\n\n\n<div class=\"wp-block-column\"><\/div>\n<\/div>\n\n\n\n<h3 class=\"wp-block-heading\"><strong>Votre contact pour la logistique d&rsquo;importation<\/strong><\/h3>\n\n\n\n<p>granaagro GmbH agit au niveau international pour fenaco C\u00e9r\u00e9ales, ol\u00e9agineux, mati\u00e8res premi\u00e8res. Pour en savoir plus sur notre logistique internationale : <a href=\"http:\/\/www.granagroup.eu\" target=\"_blank\" rel=\"noopener\">www.granagroup.eu.<\/a><\/p>\n\n\n\n<div style=\"height:100px\" aria-hidden=\"true\" class=\"wp-block-spacer\"><\/div>\n\n\n\n<div class=\"wp-block-cover is-light\"><img loading=\"lazy\" decoding=\"async\" width=\"1024\" height=\"683\" class=\"wp-block-cover__image-background wp-image-1145 size-large\" alt=\"\" src=\"https:\/\/www.fenaco-gof.ch\/wp-content\/uploads\/2023\/12\/IMG_7942-1024x683.jpg\" data-object-fit=\"cover\" srcset=\"https:\/\/www.fenaco-gof.ch\/wp-content\/uploads\/2023\/12\/IMG_7942-1024x683.jpg 1024w, https:\/\/www.fenaco-gof.ch\/wp-content\/uploads\/2023\/12\/IMG_7942-300x200.jpg 300w, https:\/\/www.fenaco-gof.ch\/wp-content\/uploads\/2023\/12\/IMG_7942-768x512.jpg 768w, https:\/\/www.fenaco-gof.ch\/wp-content\/uploads\/2023\/12\/IMG_7942-1536x1024.jpg 1536w, https:\/\/www.fenaco-gof.ch\/wp-content\/uploads\/2023\/12\/IMG_7942-2048x1365.jpg 2048w\" sizes=\"auto, (max-width: 1024px) 100vw, 1024px\" \/><span aria-hidden=\"true\" class=\"wp-block-cover__background has-background-dim\" style=\"background-color:#b4bdb3\"><\/span><div class=\"wp-block-cover__inner-container\">\n<section class=\"wp-block-query wp-block-query-fenaco-gof\"><ul style=\"color:#050505;\" class=\"has-link-color columns-3 wp-elements-f997d5f1813045ca7d39e2bee7e1dadf wp-block-post-template has-text-color\"><li class=\"wp-block-post post-4355 post type-post status-publish format-standard category-logistique entry\">\n\n<div class=\"wp-block-group has-background wp-elements-f997d5f1813045ca7d39e2bee7e1dadf\" style=\"background-color:#fdfdfd;padding-top:30px;padding-right:30px;padding-bottom:30px;padding-left:30px\"><h2 class=\"wp-block-post-title\"><a href=\"https:\/\/www.fenaco-gof.ch\/fr\/fenaco-gof-consolide-la-logistique-ferroviaire-en-collaboration-avec-chemoil\/\" target=\"_self\">fenaco\u00a0GOF consolide la logistique ferroviaire en collaboration avec\u00a0Chemoil\u00a0<\/a><\/h2>\n\n<div class=\"wp-block-post-excerpt\"><p class=\"wp-block-post-excerpt__excerpt\">fenaco\u00a0GOF et\u00a0Chemoil\u00a0ont sign\u00e9 un nouveau contrat de 3\u202fans dans le trafic de wagons isol\u00e9s (TWI). Un signal clair de\u00a0fenaco\u00a0GOF en faveur d\u2019une consolidation du transport ferroviaire de marchandises et du d\u00e9veloppement d\u2019une strat\u00e9gie logistique durable.\u00a0 <\/p><\/div>\n\n<div class=\"wp-block-post-date\"><time datetime=\"2025-12-18T06:25:00+01:00\">18 d\u00e9cembre 2025<\/time><\/div><\/div>\n\n<\/li><\/ul><\/section>\n<\/div><\/div>\n","protected":false},"excerpt":{"rendered":"<p>Afin d&rsquo;offrir \u00e0 nos clientes et clients des prestations logistiques efficaces, fenaco C\u00e9r\u00e9ales, ol\u00e9agineux, mati\u00e8res premi\u00e8res (GOF) travaille en collaboration avec des prestataires logistiques de premier plan dans toute la Suisse et l&rsquo;Europe. Logistique nationale En tant qu&rsquo;un des plus gros clients de CFF Cargo, nous entretenons une collaboration intensive et assurons des solutions orient\u00e9es [&hellip;]<\/p>\n","protected":false},"author":4,"featured_media":0,"parent":0,"menu_order":0,"comment_status":"closed","ping_status":"closed","template":"","meta":{"_acf_changed":false,"inline_featured_image":false,"_genesis_hide_title":false,"_genesis_hide_breadcrumbs":false,"_genesis_hide_singular_image":false,"_genesis_hide_footer_widgets":false,"_genesis_custom_body_class":"","_genesis_custom_post_class":"","_genesis_layout":"","footnotes":""},"class_list":{"0":"post-636","1":"page","2":"type-page","3":"status-publish","5":"entry"},"acf":[],"_links":{"self":[{"href":"https:\/\/www.fenaco-gof.ch\/fr\/wp-json\/wp\/v2\/pages\/636","targetHints":{"allow":["GET"]}}],"collection":[{"href":"https:\/\/www.fenaco-gof.ch\/fr\/wp-json\/wp\/v2\/pages"}],"about":[{"href":"https:\/\/www.fenaco-gof.ch\/fr\/wp-json\/wp\/v2\/types\/page"}],"author":[{"embeddable":true,"href":"https:\/\/www.fenaco-gof.ch\/fr\/wp-json\/wp\/v2\/users\/4"}],"replies":[{"embeddable":true,"href":"https:\/\/www.fenaco-gof.ch\/fr\/wp-json\/wp\/v2\/comments?post=636"}],"version-history":[{"count":0,"href":"https:\/\/www.fenaco-gof.ch\/fr\/wp-json\/wp\/v2\/pages\/636\/revisions"}],"wp:attachment":[{"href":"https:\/\/www.fenaco-gof.ch\/fr\/wp-json\/wp\/v2\/media?parent=636"}],"curies":[{"name":"wp","href":"https:\/\/api.w.org\/{rel}","templated":true}]}}