{"id":641,"date":"2023-12-07T11:36:26","date_gmt":"2023-12-07T10:36:26","guid":{"rendered":"https:\/\/fenacogof.wpengine.com\/?page_id=641"},"modified":"2025-09-01T08:01:42","modified_gmt":"2025-09-01T07:01:42","slug":"auhafen","status":"publish","type":"page","link":"https:\/\/www.fenaco-gof.ch\/fr\/auhafen\/","title":{"rendered":"Auhafen"},"content":{"rendered":"\n<p>Depuis juillet 2018, fenaco C\u00e9r\u00e9ales, ol\u00e9agineux, mati\u00e8res premi\u00e8res (GOF) g\u00e8re 50\u2019000 m\u00e8tres cubes d&rsquo;espace de stockage dans le port Auhafen \u00e0 Birsfelden. Le silo, g\u00e9r\u00e9 de mani\u00e8re autonome, permet un transbordement efficace des produits agricoles.<\/p>\n\n\n\n<h3 class=\"wp-block-heading\">Importance strat\u00e9gique<\/h3>\n\n\n\n<p>Chaque jour, les importations compl\u00e9mentaires n\u00e9cessaires (prot\u00e9ines et c\u00e9r\u00e9ales) pour nos clients sont transbord\u00e9es efficacement \u00e0 Auhafen par tous les moyens de transport. Auhafen est en outre le centre collecteur de c\u00e9r\u00e9ales de LANDI Reba pour les r\u00e9coltes indig\u00e8nes de la r\u00e9gion de B\u00e2le.<\/p>\n\n\n\n<p>Avec l&rsquo;exploitation du silo d&rsquo;Auhafen, fenaco GOF contribue \u00e0 l&rsquo;approvisionnement \u00e9conomique du pays. Sur mandat de <a href=\"https:\/\/www.reservesuisse.ch\/reserves-obligatoires\/?lang=fr\" target=\"_blank\" rel=\"noopener\">r\u00e9servesuisse<\/a>, des quantit\u00e9s de <a href=\"https:\/\/www.fenaco-gof.ch\/fr\/stockage\/\" data-type=\"page\" data-id=\"1877\">r\u00e9serves obligatoires<\/a>  sont conserv\u00e9es dans les silos pour d&rsquo;\u00e9ventuelles phases de r\u00e9approvisionnement d&rsquo;urgence.<\/p>\n\n\n\n<p>Suivant le principe de fenaco &#8211; \u00ab\u00a0Nous concevons notre activit\u00e9 commerciale de mani\u00e8re durable sur le plan \u00e9conomique, social et \u00e9cologique\u00a0\u00bb. &#8211; l&rsquo;installation est fortement orient\u00e9e vers le transbordement du bateau au train. L&rsquo;infrastructure ferroviaire efficace et un acc\u00e8s direct \u00e0 l&rsquo;autoroute pour les camions permettent de d\u00e9sengorger le trafic routier urbain de B\u00e2le.<\/p>\n\n\n\n<p>L&rsquo;accord sur l&rsquo;am\u00e9lioration de l&rsquo;efficacit\u00e9 \u00e9nerg\u00e9tique conclu avec l&rsquo;Agence de l&rsquo;\u00e9nergie pour l&rsquo;\u00e9conomie souligne l&rsquo;exigence de durabilit\u00e9 de l&rsquo;installation.<\/p>\n\n\n\n<h3 class=\"wp-block-heading\">Etapes importantes<\/h3>\n\n\n\n<div class=\"wp-block-cloudweb-timeline\"><div class=\"timeline-items\" data-autoplay-speed=\"{}\">\n\n<div class=\"wp-block-cloudweb-timeline-item\"><div class=\"timeline-item\"><div class=\"timeline-item-year\"><span>06.2018<\/span><\/div><div class=\"timeline-item-details\"><p>1<sup>\u00e8re<\/sup> r\u00e9ception de c\u00e9r\u00e9ales de la r\u00e9gion<\/p><\/div><\/div><\/div>\n\n\n<div class=\"wp-block-cloudweb-timeline-item\"><div class=\"timeline-item\"><div class=\"timeline-item-year\"><span>05.2018<\/span><\/div><div class=\"timeline-item-details\"><p>D\u00e9chargement du premier bateau de 2000 t de prot\u00e9ines<\/p><\/div><\/div><\/div>\n\n\n<div class=\"wp-block-cloudweb-timeline-item\"><div class=\"timeline-item\"><div class=\"timeline-item-year\"><span>05.2018<\/span><\/div><div class=\"timeline-item-details\"><p>Mise en service<\/p><\/div><\/div><\/div>\n\n\n<div class=\"wp-block-cloudweb-timeline-item\"><div class=\"timeline-item\"><div class=\"timeline-item-year\"><span>05.2018<\/span><\/div><div class=\"timeline-item-details\"><p>Contr\u00f4le de r\u00e9ception du ma\u00eetre d\u2019ouvrage<\/p><\/div><\/div><\/div>\n\n\n<div class=\"wp-block-cloudweb-timeline-item\"><div class=\"timeline-item\"><div class=\"timeline-item-year\"><span>02.2018<\/span><\/div><div class=\"timeline-item-details\"><p>Fin des travaux de construction<\/p><\/div><\/div><\/div>\n\n\n<div class=\"wp-block-cloudweb-timeline-item\"><div class=\"timeline-item\"><div class=\"timeline-item-year\"><span>06.2016<\/span><\/div><div class=\"timeline-item-details\"><p>D\u00e9but de la construction<\/p><\/div><\/div><\/div>\n\n\n<div class=\"wp-block-cloudweb-timeline-item\"><div class=\"timeline-item\"><div class=\"timeline-item-year\"><span>05.2016<\/span><\/div><div class=\"timeline-item-details\"><p>Permis de construire<\/p><\/div><\/div><\/div>\n\n\n<div class=\"wp-block-cloudweb-timeline-item\"><div class=\"timeline-item\"><div class=\"timeline-item-year\"><span>03.2016<\/span><\/div><div class=\"timeline-item-details\"><p>Autorisation et d\u00e9but de la d\u00e9molition<\/p><\/div><\/div><\/div>\n\n\n<div class=\"wp-block-cloudweb-timeline-item\"><div class=\"timeline-item\"><div class=\"timeline-item-year\"><span>02.2016<\/span><\/div><div class=\"timeline-item-details\"><p>D\u00e9signation des entreprises de construction<\/p><\/div><\/div><\/div>\n\n\n<div class=\"wp-block-cloudweb-timeline-item\"><div class=\"timeline-item\"><div class=\"timeline-item-year\"><span>10.2015<\/span><\/div><div class=\"timeline-item-details\"><p>Demande de permis de construire<\/p><\/div><\/div><\/div>\n\n\n<div class=\"wp-block-cloudweb-timeline-item\"><div class=\"timeline-item\"><div class=\"timeline-item-year\"><span>2015<\/span><\/div><div class=\"timeline-item-details\"><p>R\u00e8glement des questions juridiques telles que les accords de servitude, la planification d\u00e9taill\u00e9e, l&rsquo;ing\u00e9nierie<\/p><\/div><\/div><\/div>\n\n\n<div class=\"wp-block-cloudweb-timeline-item\"><div class=\"timeline-item\"><div class=\"timeline-item-year\"><span>2014<\/span><\/div><div class=\"timeline-item-details\"><p>N\u00e9gociations d\u2019agrandissement, n\u00e9gociations de droit de superficie, Mise en place de la phase initiale du projet<\/p><\/div><\/div><\/div>\n\n\n<div class=\"wp-block-cloudweb-timeline-item\"><div class=\"timeline-item\"><div class=\"timeline-item-year\"><span>2013<\/span><\/div><div class=\"timeline-item-details\"><p>Reprise du droit de superficie de Sibelco (entreprise de transformation du sable)<\/p><\/div><\/div><\/div>\n\n<\/div><\/div>\n\n\n\n<h3 class=\"wp-block-heading\">Le silo en bref<\/h3>\n\n\n\n<p><strong>Bateau<\/strong><\/p>\n\n\n\n<p>Amarrage de bateaux avec grue de d\u00e9chargement 250 to\/h<\/p>\n\n\n\n<p><strong>Chemin de fer<\/strong><\/p>\n\n\n\n<p>Capacit\u00e9 de d\u00e9chargement et de chargement : 250to\/h<\/p>\n\n\n\n<p>Transbordement possible directement du bateau au train<\/p>\n\n\n\n<p><strong>Camion<\/strong><\/p>\n\n\n\n<p>Capacit\u00e9 de r\u00e9ception des camions : 150to\/h<\/p>\n\n\n\n<p>Chargement de camions pour les auto-utilisateurs de quatre cellules de chargement de 60m<sup>3<\/sup> chacune<\/p>\n\n\n\n<p><strong>Silo<\/strong><\/p>\n\n\n\n<p>16 silos ronds de 650 m3 et 6 cellules \u00e0 gousset de 60 m<sup>3<\/sup><\/p>\n\n\n\n<p>23 cellules en nid d&rsquo;abeille de 1600 m<sup>3<\/sup> chacune<\/p>\n\n\n\n<p>Installations techniques pour le s\u00e9chage, le nettoyage, le refroidissement, le contr\u00f4le de la temp\u00e9rature et la lutte contre les parasites de divers produits agricoles battus. Propre locomotive de man\u0153uvre. L&rsquo;ensemble de l&rsquo;installation est surveill\u00e9 par un syst\u00e8me vid\u00e9o.<\/p>\n\n\n\n<hr class=\"wp-block-separator has-alpha-channel-opacity is-style-dots\"\/>\n\n\n\n<h3 class=\"wp-block-heading\">Vos contacts pour le silo Auhafen<\/h3>\n\n\n\n<div class=\"wp-block-columns\">\n<div class=\"wp-block-column\">\n<div class=\"wp-block-cloudweb-person-card is-style-without-languages wp-block-cloudweb-person-card-dynamic\">\n\t<div class=\"person-card-info\">\n\t\t<div class=\"person-card-image\">\n\t\t\t<img decoding=\"async\" src=\"https:\/\/www.fenaco-gof.ch\/wp-content\/uploads\/2023\/12\/Freiermuth_Konrad_GOF_2019.jpg\" alt=\"\" width=\"800\" height=\"800\" loading=\"lazy\" \/>\t\t<\/div>\n\t\t<div class=\"person-card-details\">\n\t\t\t<h2 class=\"person-card-name\">Konrad Freiermuth<\/h2>\n\t\t\t<p class=\"person-card-detail\">Responsable Silo Auhafen<\/p><\/div>\n\t<\/div>\n\t<div class=\"person-card-contact\">\n\t\t\t\t\t<p class=\"person-card-phone\">\n\t\t\t\t<a href=\"tel:+41584336657\" itemprop=\"telephone\" title=\"Call us\">+41 58 433 66 57<\/a>\t\t\t<\/p>\n\t\t\t\t\t\t\t\t\t<p class=\"person-card-mail\">\n\t\t\t\t<a href=\"mailto:&#107;&#111;n&#114;%61%64.%66%72&#101;i&#101;&#114;mu%74%68&#64;&#102;%65&#110;%61co.&#99;%6f%6d\" title=\"Email us\" itemprop=\"email\">&#107;on&#114;&#97;d.&#102;&#114;&#101;i&#101;rm&#117;&#116;&#104;&#64;fe&#110;&#97;&#99;o.c&#111;m<\/a>\t\t\t<\/p>\n\t\t\n\t<\/div>\n\t<\/div>\n<\/div>\n\n\n\n<div class=\"wp-block-column\">\n<div class=\"wp-block-cloudweb-person-card is-style-without-languages wp-block-cloudweb-person-card-dynamic\">\n\t<div class=\"person-card-info\">\n\t\t<div class=\"person-card-image\">\n\t\t\t<img decoding=\"async\" src=\"https:\/\/www.fenaco-gof.ch\/wp-content\/uploads\/2023\/12\/Rey_Joachim_GOF_2019.jpg\" alt=\"\" width=\"800\" height=\"800\" loading=\"lazy\" \/>\t\t<\/div>\n\t\t<div class=\"person-card-details\">\n\t\t\t<h2 class=\"person-card-name\">Joachim Rey<\/h2>\n\t\t\t<p class=\"person-card-detail\">Responsable Silo Auhafen<\/p><\/div>\n\t<\/div>\n\t<div class=\"person-card-contact\">\n\t\t\t\t\t<p class=\"person-card-phone\">\n\t\t\t\t<a href=\"tel:+41584337351\" itemprop=\"telephone\" title=\"Call us\">+41 58 433 73 51<\/a>\t\t\t<\/p>\n\t\t\t\t\t\t\t\t\t<p class=\"person-card-mail\">\n\t\t\t\t<a href=\"mailto:%6a%2e&#114;%65y&#64;&#102;%65na%63&#111;%2e%63&#111;%6d\" title=\"Email us\" itemprop=\"email\">j&#46;&#114;&#101;&#121;&#64;f&#101;&#110;&#97;co&#46;co&#109;<\/a>\t\t\t<\/p>\n\t\t\n\t<\/div>\n\t<\/div>\n<\/div>\n\n\n\n<div class=\"wp-block-column\">\n<div class=\"wp-block-cloudweb-person-card is-style-without-languages wp-block-cloudweb-person-card-dynamic\">\n\t<div class=\"person-card-info\">\n\t\t<div class=\"person-card-image\">\n\t\t\t<img decoding=\"async\" src=\"https:\/\/www.fenaco-gof.ch\/wp-content\/uploads\/2023\/12\/Hohler_Michael_GOF_2018.jpg\" alt=\"\" width=\"400\" height=\"400\" loading=\"lazy\" \/>\t\t<\/div>\n\t\t<div class=\"person-card-details\">\n\t\t\t<h2 class=\"person-card-name\">Michael Hohler<\/h2>\n\t\t\t<p class=\"person-card-detail\">Silo Auhafen<\/p><\/div>\n\t<\/div>\n\t<div class=\"person-card-contact\">\n\t\t\t\t\t<p class=\"person-card-phone\">\n\t\t\t\t<a href=\"tel:+41584337352\" itemprop=\"telephone\" title=\"Call us\">+41 58 433 73 52<\/a>\t\t\t<\/p>\n\t\t\t\t\t\t\t\t\t<p class=\"person-card-mail\">\n\t\t\t\t<a href=\"mailto:&#109;i&#99;%68&#97;e&#108;&#46;%68%6f%68l&#101;&#114;&#64;%66&#101;&#110;%61&#99;o&#46;%63&#111;%6d\" title=\"Email us\" itemprop=\"email\">&#109;ichae&#108;.&#104;&#111;hl&#101;&#114;&#64;f&#101;na&#99;o&#46;c&#111;m<\/a>\t\t\t<\/p>\n\t\t\n\t<\/div>\n\t<\/div>\n<\/div>\n<\/div>\n\n\n\n<div class=\"wp-block-columns\">\n<div class=\"wp-block-column\">\n<div class=\"wp-block-cloudweb-person-card is-style-without-languages wp-block-cloudweb-person-card-dynamic\">\n\t<div class=\"person-card-info\">\n\t\t<div class=\"person-card-image\">\n\t\t\t<img decoding=\"async\" src=\"https:\/\/www.fenaco-gof.ch\/wp-content\/uploads\/2023\/12\/Loosli_Simon_GOF_2021.jpg\" alt=\"\" width=\"564\" height=\"564\" loading=\"lazy\" \/>\t\t<\/div>\n\t\t<div class=\"person-card-details\">\n\t\t\t<h2 class=\"person-card-name\">Simon Loosli<\/h2>\n\t\t\t<p class=\"person-card-detail\">Silo Auhafen<\/p><\/div>\n\t<\/div>\n\t<div class=\"person-card-contact\">\n\t\t\t\t\t<p class=\"person-card-phone\">\n\t\t\t\t<a href=\"tel:+41584337366\" itemprop=\"telephone\" title=\"Call us\">+41 58 433 73 66<\/a>\t\t\t<\/p>\n\t\t\t\t\t\t\t\t\t<p class=\"person-card-mail\">\n\t\t\t\t<a href=\"mailto:&#115;%69%6d%6f&#110;%2e&#108;oo%73&#108;&#105;&#64;%66%65&#110;ac&#111;&#46;&#99;&#111;&#109;\" title=\"Email us\" itemprop=\"email\">sim&#111;n&#46;&#108;&#111;osli&#64;f&#101;&#110;a&#99;&#111;&#46;&#99;o&#109;<\/a>\t\t\t<\/p>\n\t\t\n\t<\/div>\n\t<\/div>\n<\/div>\n\n\n\n<div class=\"wp-block-column\">\n<div class=\"wp-block-cloudweb-person-card is-style-without-languages wp-block-cloudweb-person-card-dynamic\">\n\t<div class=\"person-card-info\">\n\t\t<div class=\"person-card-image\">\n\t\t\t\t\t<\/div>\n\t\t<div class=\"person-card-details\">\n\t\t\t<h2 class=\"person-card-name\"><\/h2>\n\t\t\t<p class=\"person-card-detail\"><\/p><\/div>\n\t<\/div>\n\t<div class=\"person-card-contact\">\n\t\t\t\t\t\t\n\t<\/div>\n\t<\/div>\n<\/div>\n\n\n\n<div class=\"wp-block-column\"><\/div>\n<\/div>\n","protected":false},"excerpt":{"rendered":"<p>Depuis juillet 2018, fenaco C\u00e9r\u00e9ales, ol\u00e9agineux, mati\u00e8res premi\u00e8res (GOF) g\u00e8re 50\u2019000 m\u00e8tres cubes d&rsquo;espace de stockage dans le port Auhafen \u00e0 Birsfelden. Le silo, g\u00e9r\u00e9 de mani\u00e8re autonome, permet un transbordement efficace des produits agricoles. Importance strat\u00e9gique Chaque jour, les importations compl\u00e9mentaires n\u00e9cessaires (prot\u00e9ines et c\u00e9r\u00e9ales) pour nos clients sont transbord\u00e9es efficacement \u00e0 Auhafen par [&hellip;]<\/p>\n","protected":false},"author":4,"featured_media":0,"parent":0,"menu_order":0,"comment_status":"closed","ping_status":"closed","template":"","meta":{"_acf_changed":false,"inline_featured_image":false,"_genesis_hide_title":false,"_genesis_hide_breadcrumbs":false,"_genesis_hide_singular_image":false,"_genesis_hide_footer_widgets":false,"_genesis_custom_body_class":"","_genesis_custom_post_class":"","_genesis_layout":"","footnotes":""},"class_list":{"0":"post-641","1":"page","2":"type-page","3":"status-publish","5":"entry"},"acf":[],"_links":{"self":[{"href":"https:\/\/www.fenaco-gof.ch\/fr\/wp-json\/wp\/v2\/pages\/641","targetHints":{"allow":["GET"]}}],"collection":[{"href":"https:\/\/www.fenaco-gof.ch\/fr\/wp-json\/wp\/v2\/pages"}],"about":[{"href":"https:\/\/www.fenaco-gof.ch\/fr\/wp-json\/wp\/v2\/types\/page"}],"author":[{"embeddable":true,"href":"https:\/\/www.fenaco-gof.ch\/fr\/wp-json\/wp\/v2\/users\/4"}],"replies":[{"embeddable":true,"href":"https:\/\/www.fenaco-gof.ch\/fr\/wp-json\/wp\/v2\/comments?post=641"}],"version-history":[{"count":0,"href":"https:\/\/www.fenaco-gof.ch\/fr\/wp-json\/wp\/v2\/pages\/641\/revisions"}],"wp:attachment":[{"href":"https:\/\/www.fenaco-gof.ch\/fr\/wp-json\/wp\/v2\/media?parent=641"}],"curies":[{"name":"wp","href":"https:\/\/api.w.org\/{rel}","templated":true}]}}