{"id":643,"date":"2023-12-07T11:57:53","date_gmt":"2023-12-07T10:57:53","guid":{"rendered":"https:\/\/fenacogof.wpengine.com\/?page_id=643"},"modified":"2024-04-16T10:47:38","modified_gmt":"2024-04-16T09:47:38","slug":"silo-olten","status":"publish","type":"page","link":"https:\/\/www.fenaco-gof.ch\/fr\/silo-olten\/","title":{"rendered":"Silo Olten"},"content":{"rendered":"\n<p>Depuis 1972, le silo d&rsquo;Olten stocke des c\u00e9r\u00e9ales et des mati\u00e8res premi\u00e8res pour des entreprises commerciales et des moulins de tous labels. Avec le rachat de Swiss Grana Group SA en 2018, le silo a rejoint fenaco en 2018 et est g\u00e9r\u00e9 sous son nom depuis 2024.<\/p>\n\n\n\n<hr class=\"wp-block-separator has-alpha-channel-opacity is-style-default\"\/>\n\n\n\n<div class=\"wp-block-columns\">\n<div class=\"wp-block-column\" style=\"flex-basis:33.33%\">\n<div data-wp-interactive=\"core\/file\" class=\"wp-block-file alignleft\"><object data-wp-bind--hidden=\"!state.hasPdfPreview\" hidden class=\"wp-block-file__embed\" data=\"https:\/\/www.fenaco-gof.ch\/wp-content\/uploads\/2023\/12\/Broschuere_50_Jahre_Silo_Olten.pdf\" type=\"application\/pdf\" style=\"width:100%;height:350px\" aria-label=\"Contenu embarqu\u00e9 Broschuere_50_Jahre_Silo_Olten.\"><\/object><a id=\"wp-block-file--media-6767a1b5-4b83-4f0a-b9cd-22d9c3f47460\" href=\"https:\/\/www.fenaco-gof.ch\/wp-content\/uploads\/2023\/12\/Broschuere_50_Jahre_Silo_Olten.pdf\" target=\"_blank\" rel=\"noreferrer noopener\">Broschuere_50_Jahre_Silo_Olten<\/a><a href=\"https:\/\/www.fenaco-gof.ch\/wp-content\/uploads\/2023\/12\/Broschuere_50_Jahre_Silo_Olten.pdf\" class=\"wp-block-file__button wp-element-button\" download aria-describedby=\"wp-block-file--media-6767a1b5-4b83-4f0a-b9cd-22d9c3f47460\">Herunterladen<\/a><\/div>\n<\/div>\n\n\n\n<div class=\"wp-block-column\" style=\"flex-basis:66.66%\">\n<h3 class=\"wp-block-heading\"><strong>50 ans du silo d&rsquo;Olten<\/strong><\/h3>\n\n\n\n<p class=\"has-text-align-left\">Le silo d&rsquo;Olten a f\u00eat\u00e9 ses 50 ans d&rsquo;existence en 2022. D\u00e9couvrez l&rsquo;histoire du stockage en Suisse et du silo d&rsquo;Olten dans notre brochure \u00ab\u00a050 ans du silo d&rsquo;Olten\u00a0\u00bb.<\/p>\n<\/div>\n<\/div>\n\n\n\n<hr class=\"wp-block-separator has-alpha-channel-opacity is-style-default\"\/>\n\n\n\n<h3 class=\"wp-block-heading\">Chiffres cl\u00e9s techniques<\/h3>\n\n\n\n<p>Capacit\u00e9 : 54&rsquo;000 tonnes \/ 74&rsquo;000 m<sup>3<\/sup><\/p>\n\n\n\n<p>195 cellules de 160 \u00e0 600 tonnes<\/p>\n\n\n\n<h3 class=\"wp-block-heading\">Services<\/h3>\n\n\n\n<p>Le silo d&rsquo;Olten dispose d&rsquo;une installation de la soci\u00e9t\u00e9 Eco2 Project B.V.. Cette entreprise, EcO2, a d\u00e9velopp\u00e9 une atmosph\u00e8re contr\u00f4l\u00e9e sp\u00e9cialement pour les produits cultiv\u00e9s de mani\u00e8re \u00e9cologique afin de tuer les insectes \u00e0 tous les stades de d\u00e9veloppement dans les denr\u00e9es alimentaires. Cette technologie est 100% non toxique, n&rsquo;a aucune influence sur la qualit\u00e9 ou la quantit\u00e9 des produits et ne laisse aucun r\u00e9sidu.<\/p>\n\n\n\n<h3 class=\"wp-block-heading\">Infrastructure<\/h3>\n\n\n\n<p>Le silo se trouve au n\u0153ud ferroviaire des CFF \u00e0 Olten, avec une voie de raccordement ferroviaire pour les entr\u00e9es et sorties de stock. Un v\u00e9hicule de man\u0153uvre propre garantit la livraison et l&rsquo;enl\u00e8vement quotidiens des wagons-silos. La capacit\u00e9 de chargement et de d\u00e9chargement est de 100 tonnes par heure pour les entr\u00e9es et les sorties de wagons-silos.<\/p>\n\n\n\n<p>Deux postes de d\u00e9chargement et de chargement ind\u00e9pendants des chemins de fer garantissent un traitement rapide des camions. Un syst\u00e8me de chargement automatique permet \u00e9galement de charger les camions en dehors des heures de service.<\/p>\n\n\n\n<h3 class=\"wp-block-heading\">Assurance qualit\u00e9<\/h3>\n\n\n\n<p>Depuis 2019, le silo d&rsquo;Olten dispose des certificats ISO 9001 et ISO 22000 ainsi que du certificat bio.<\/p>\n\n\n\n<p>L&rsquo;ensemble du site est surveill\u00e9 par un syst\u00e8me vid\u00e9o.<\/p>\n\n\n\n<hr class=\"wp-block-separator has-alpha-channel-opacity is-style-dots\"\/>\n\n\n\n<h3 class=\"wp-block-heading\">Vos contacts pour le silo d&rsquo;Olten<\/h3>\n\n\n\n<div class=\"wp-block-columns\">\n<div class=\"wp-block-column\">\n<div class=\"wp-block-cloudweb-person-card is-style-without-languages wp-block-cloudweb-person-card-dynamic\">\n\t<div class=\"person-card-info\">\n\t\t<div class=\"person-card-image\">\n\t\t\t<img decoding=\"async\" src=\"https:\/\/www.fenaco-gof.ch\/wp-content\/uploads\/2023\/12\/Friedl_Andreas_GOF_2019.jpg\" alt=\"\" width=\"800\" height=\"800\" loading=\"lazy\" \/>\t\t<\/div>\n\t\t<div class=\"person-card-details\">\n\t\t\t<h2 class=\"person-card-name\">Andreas Friedl<\/h2>\n\t\t\t<p class=\"person-card-detail\">Op\u00e9rations de stockage Silo Olten<\/p><\/div>\n\t<\/div>\n\t<div class=\"person-card-contact\">\n\t\t\t\t\t<p class=\"person-card-phone\">\n\t\t\t\t<a href=\"tel:+41622962142\" itemprop=\"telephone\" title=\"Call us\">+41 62 296 21 42<\/a>\t\t\t<\/p>\n\t\t\t\t\t\t\t\t\t<p class=\"person-card-mail\">\n\t\t\t\t<a href=\"mailto:%69&#110;f%6f%40s%69&#108;o%6flt&#101;%6e.c%68\" title=\"Email us\" itemprop=\"email\">&#105;nf&#111;&#64;si&#108;&#111;&#111;&#108;t&#101;n&#46;&#99;&#104;<\/a>\t\t\t<\/p>\n\t\t\n\t<\/div>\n\t<\/div>\n<\/div>\n\n\n\n<div class=\"wp-block-column\">\n<div class=\"wp-block-cloudweb-person-card is-style-without-languages wp-block-cloudweb-person-card-dynamic\">\n\t<div class=\"person-card-info\">\n\t\t<div class=\"person-card-image\">\n\t\t\t<img decoding=\"async\" src=\"https:\/\/www.fenaco-gof.ch\/wp-content\/uploads\/2023\/12\/Leuenberger_Rolf_GOF_2019.jpg\" alt=\"\" width=\"800\" height=\"800\" loading=\"lazy\" \/>\t\t<\/div>\n\t\t<div class=\"person-card-details\">\n\t\t\t<h2 class=\"person-card-name\">Rolf Leuenberger<\/h2>\n\t\t\t<p class=\"person-card-detail\">Silo Olten<\/p><\/div>\n\t<\/div>\n\t<div class=\"person-card-contact\">\n\t\t\t\t\t<p class=\"person-card-phone\">\n\t\t\t\t<a href=\"tel:+41622962142\" itemprop=\"telephone\" title=\"Call us\">+41 62 296 21 42<\/a>\t\t\t<\/p>\n\t\t\t\t\t\t\t\t\t<p class=\"person-card-mail\">\n\t\t\t\t<a href=\"mailto:%69%6e&#102;o%40&#115;%69&#108;&#111;o&#108;%74e%6e&#46;&#99;h\" title=\"Email us\" itemprop=\"email\">in&#102;o&#64;&#115;&#105;lo&#111;&#108;&#116;en.&#99;&#104;<\/a>\t\t\t<\/p>\n\t\t\n\t<\/div>\n\t<\/div>\n<\/div>\n\n\n\n<div class=\"wp-block-column\">\n<div class=\"wp-block-cloudweb-person-card is-style-without-languages wp-block-cloudweb-person-card-dynamic\">\n\t<div class=\"person-card-info\">\n\t\t<div class=\"person-card-image\">\n\t\t\t<img decoding=\"async\" src=\"https:\/\/www.fenaco-gof.ch\/wp-content\/uploads\/2024\/04\/Hofmann_Patrick_GOF_2024.jpg\" alt=\"\" width=\"2362\" height=\"2362\" loading=\"lazy\" \/>\t\t<\/div>\n\t\t<div class=\"person-card-details\">\n\t\t\t<h2 class=\"person-card-name\">Patrick Hofmann<\/h2>\n\t\t\t<p class=\"person-card-detail\">Silo Olten<\/p><\/div>\n\t<\/div>\n\t<div class=\"person-card-contact\">\n\t\t\t\t\t<p class=\"person-card-phone\">\n\t\t\t\t<a href=\"tel:+41622962142\" itemprop=\"telephone\" title=\"Call us\">+41 62 296 21 42<\/a>\t\t\t<\/p>\n\t\t\t\t\t\t\t\t\t<p class=\"person-card-mail\">\n\t\t\t\t<a href=\"mailto:i%6ef%6f&#64;si%6co%6flt%65&#110;%2e%63&#104;\" title=\"Email us\" itemprop=\"email\">&#105;n&#102;o&#64;&#115;&#105;l&#111;o&#108;t&#101;&#110;&#46;&#99;h<\/a>\t\t\t<\/p>\n\t\t\n\t<\/div>\n\t<\/div>\n<\/div>\n<\/div>\n\n\n\n<div class=\"wp-block-columns\">\n<div class=\"wp-block-column\">\n<div class=\"wp-block-cloudweb-person-card is-style-without-languages wp-block-cloudweb-person-card-dynamic\">\n\t<div class=\"person-card-info\">\n\t\t<div class=\"person-card-image\">\n\t\t\t<img decoding=\"async\" src=\"https:\/\/www.fenaco-gof.ch\/wp-content\/uploads\/2023\/12\/Mueller_Peter_GOF_2019.jpg\" alt=\"\" width=\"800\" height=\"800\" loading=\"lazy\" \/>\t\t<\/div>\n\t\t<div class=\"person-card-details\">\n\t\t\t<h2 class=\"person-card-name\">Peter M\u00fcller<\/h2>\n\t\t\t<p class=\"person-card-detail\">Silo Olten<\/p><\/div>\n\t<\/div>\n\t<div class=\"person-card-contact\">\n\t\t\t\t\t<p class=\"person-card-phone\">\n\t\t\t\t<a href=\"tel:+41622962142\" itemprop=\"telephone\" title=\"Call us\">+41 62 296 21 42<\/a>\t\t\t<\/p>\n\t\t\t\t\t\t\t\t\t<p class=\"person-card-mail\">\n\t\t\t\t<a href=\"mailto:i&#110;&#102;%6f%40&#115;&#105;%6c&#111;&#111;%6c&#116;e&#110;%2e&#99;h\" title=\"Email us\" itemprop=\"email\">&#105;&#110;&#102;&#111;&#64;&#115;&#105;&#108;&#111;olte&#110;&#46;&#99;&#104;<\/a>\t\t\t<\/p>\n\t\t\n\t<\/div>\n\t<\/div>\n<\/div>\n\n\n\n<div class=\"wp-block-column\"><\/div>\n\n\n\n<div class=\"wp-block-column\"><\/div>\n<\/div>\n","protected":false},"excerpt":{"rendered":"<p>Depuis 1972, le silo d&rsquo;Olten stocke des c\u00e9r\u00e9ales et des mati\u00e8res premi\u00e8res pour des entreprises commerciales et des moulins de tous labels. Avec le rachat de Swiss Grana Group SA en 2018, le silo a rejoint fenaco en 2018 et est g\u00e9r\u00e9 sous son nom depuis 2024. 50 ans du silo d&rsquo;Olten Le silo d&rsquo;Olten [&hellip;]<\/p>\n","protected":false},"author":4,"featured_media":0,"parent":0,"menu_order":0,"comment_status":"closed","ping_status":"closed","template":"","meta":{"_acf_changed":false,"inline_featured_image":false,"_genesis_hide_title":false,"_genesis_hide_breadcrumbs":false,"_genesis_hide_singular_image":false,"_genesis_hide_footer_widgets":false,"_genesis_custom_body_class":"","_genesis_custom_post_class":"","_genesis_layout":"","footnotes":""},"class_list":{"0":"post-643","1":"page","2":"type-page","3":"status-publish","5":"entry"},"acf":[],"_links":{"self":[{"href":"https:\/\/www.fenaco-gof.ch\/fr\/wp-json\/wp\/v2\/pages\/643","targetHints":{"allow":["GET"]}}],"collection":[{"href":"https:\/\/www.fenaco-gof.ch\/fr\/wp-json\/wp\/v2\/pages"}],"about":[{"href":"https:\/\/www.fenaco-gof.ch\/fr\/wp-json\/wp\/v2\/types\/page"}],"author":[{"embeddable":true,"href":"https:\/\/www.fenaco-gof.ch\/fr\/wp-json\/wp\/v2\/users\/4"}],"replies":[{"embeddable":true,"href":"https:\/\/www.fenaco-gof.ch\/fr\/wp-json\/wp\/v2\/comments?post=643"}],"version-history":[{"count":0,"href":"https:\/\/www.fenaco-gof.ch\/fr\/wp-json\/wp\/v2\/pages\/643\/revisions"}],"wp:attachment":[{"href":"https:\/\/www.fenaco-gof.ch\/fr\/wp-json\/wp\/v2\/media?parent=643"}],"curies":[{"name":"wp","href":"https:\/\/api.w.org\/{rel}","templated":true}]}}