{"id":644,"date":"2023-12-11T16:35:05","date_gmt":"2023-12-11T15:35:05","guid":{"rendered":"https:\/\/fenacogof.wpengine.com\/?page_id=644"},"modified":"2024-01-29T21:17:01","modified_gmt":"2024-01-29T20:17:01","slug":"extranet","status":"publish","type":"page","link":"https:\/\/www.fenaco-gof.ch\/fr\/extranet\/","title":{"rendered":"Extranet"},"content":{"rendered":"\n<p>Les collaborateurs des centres collecteurs du syst\u00e8me MAXI trouvent tout ce qu&rsquo;il faut savoir sur la prise en charge, la qualit\u00e9 et d&rsquo;autres th\u00e8mes sur la plateforme d&rsquo;information : <a href=\"https:\/\/fenaco.sharepoint.com\/sites\/xnt_fenacogof\/\" data-type=\"link\" data-id=\"https:\/\/fenaco.sharepoint.com\/sites\/xnt_fenacogof\/\" target=\"_blank\" rel=\"noreferrer noopener\">Extranet<\/a>. <\/p>\n\n\n\n<p>Vous faites partie du syst\u00e8me MAXI, mais vous n&rsquo;avez pas encore acc\u00e8s \u00e0 l&rsquo;extranet ? Alors contactez-nous via le <a href=\"https:\/\/www.fenaco-gof.ch\/fr\/contact\/\" data-type=\"page\" data-id=\"604\">formulaire de contact<\/a>.<\/p>\n","protected":false},"excerpt":{"rendered":"<p>Les collaborateurs des centres collecteurs du syst\u00e8me MAXI trouvent tout ce qu&rsquo;il faut savoir sur la prise en charge, la qualit\u00e9 et d&rsquo;autres th\u00e8mes sur la plateforme d&rsquo;information : Extranet. Vous faites partie du syst\u00e8me MAXI, mais vous n&rsquo;avez pas encore acc\u00e8s \u00e0 l&rsquo;extranet ? Alors contactez-nous via le formulaire de contact.<\/p>\n","protected":false},"author":4,"featured_media":0,"parent":0,"menu_order":0,"comment_status":"closed","ping_status":"closed","template":"","meta":{"_acf_changed":false,"inline_featured_image":false,"_genesis_hide_title":false,"_genesis_hide_breadcrumbs":false,"_genesis_hide_singular_image":false,"_genesis_hide_footer_widgets":false,"_genesis_custom_body_class":"","_genesis_custom_post_class":"","_genesis_layout":"","footnotes":""},"class_list":{"0":"post-644","1":"page","2":"type-page","3":"status-publish","5":"entry"},"acf":[],"_links":{"self":[{"href":"https:\/\/www.fenaco-gof.ch\/fr\/wp-json\/wp\/v2\/pages\/644","targetHints":{"allow":["GET"]}}],"collection":[{"href":"https:\/\/www.fenaco-gof.ch\/fr\/wp-json\/wp\/v2\/pages"}],"about":[{"href":"https:\/\/www.fenaco-gof.ch\/fr\/wp-json\/wp\/v2\/types\/page"}],"author":[{"embeddable":true,"href":"https:\/\/www.fenaco-gof.ch\/fr\/wp-json\/wp\/v2\/users\/4"}],"replies":[{"embeddable":true,"href":"https:\/\/www.fenaco-gof.ch\/fr\/wp-json\/wp\/v2\/comments?post=644"}],"version-history":[{"count":0,"href":"https:\/\/www.fenaco-gof.ch\/fr\/wp-json\/wp\/v2\/pages\/644\/revisions"}],"wp:attachment":[{"href":"https:\/\/www.fenaco-gof.ch\/fr\/wp-json\/wp\/v2\/media?parent=644"}],"curies":[{"name":"wp","href":"https:\/\/api.w.org\/{rel}","templated":true}]}}