{"id":648,"date":"2023-11-22T11:51:57","date_gmt":"2023-11-22T10:51:57","guid":{"rendered":"https:\/\/fenacogof.wpengine.com\/?page_id=648"},"modified":"2024-07-12T22:31:32","modified_gmt":"2024-07-12T21:31:32","slug":"emplacements","status":"publish","type":"page","link":"https:\/\/www.fenaco-gof.ch\/fr\/emplacements\/","title":{"rendered":"Emplacements"},"content":{"rendered":"<div class=\"wp-block-cloudweb-standorte\">\n\t<div class=\"standorte\">\n\t\t<div class=\"standorte-title\">\n\t\t\t<h2><\/h2>\n\t\t<\/div>\n\t\t<div class=\"standorte-content\">\n\t\t\t<div class=\"standorte-map-wrapper\">\n\t\t\t\t<div class=\"standorte-map\">\n\t\t\t\t\t<img decoding=\"async\" class=\"standorte-map-img\" src=\"https:\/\/www.fenaco-gof.ch\/wp-content\/uploads\/2023\/11\/the-map.svg\"\n\t\t\t\t\t\t alt=\"\">\n\t\t\t\t<\/div>\n\t\t\t\t<div class=\"standorte-map-pins\">\n\t\t\t\t\t<div class=\"standorte-map-pin\" data-x=\"32.5610519724\" data-y=\"28.6787726988\" data-id=\"0\"><i class=\"icon icon-pin\"><\/i><\/div><div class=\"standorte-map-pin\" data-x=\"61.9678557428\" data-y=\"11.6660133281\" data-id=\"1\"><i class=\"icon icon-pin\"><\/i><\/div><div class=\"standorte-map-pin\" data-x=\"49.5491963936\" data-y=\"21.8267346139\" data-id=\"2\"><i class=\"icon icon-pin\"><\/i><\/div><div class=\"standorte-map-pin\" data-x=\"17.6581089543\" data-y=\"42.8303068253\" data-id=\"3\"><i class=\"icon icon-pin\"><\/i><\/div><div class=\"standorte-map-pin\" data-x=\"37.5068600549\" data-y=\"9.28263426107\" data-id=\"4\"><i class=\"icon icon-pin\"><\/i><\/div><div class=\"standorte-map-pin\" data-x=\"43.7789102313\" data-y=\"15.5546844375\" data-id=\"5\"><i class=\"icon icon-pin\"><\/i><\/div>\t\t\t\t<\/div>\n\t\t\t<\/div>\n\t\t\t<div class=\"standorte-sidebar\">\n\t\t\t\t<div class=\"standorte-sidebar-item close\" data-id=\"0\"><div class=\"standorte-sidebar-item-title\"><h3>Bern<\/h3><\/div><div class=\"standorte-sidebar-item-content\"><p>fenaco Genossenschaft<br>Getreide, \u00d6lsaaten, Futtermittel<br>Erlachstrasse 5<br>CH &#8211; 3001 Bern<\/p><div class=\"standorte-sidebar-item-content-footer\"><p><span>Tel.<\/span> <a href=\"tel:+41584340000\" itemprop=\"telephone\" title=\"Call us\">+41 58 434 00 00<\/a><\/p><\/div><\/div><\/div><div class=\"standorte-sidebar-item close\" data-id=\"1\"><div class=\"standorte-sidebar-item-title\"><h3>Winterthur<\/h3><\/div><div class=\"standorte-sidebar-item-content\"><p>fenaco Genossenschaft<br>Getreide, \u00d6lsaaten, Futtermittel<br>Theaterstrasse 15a<br>CH &#8211; 8401 Winterthur<\/p><div class=\"standorte-sidebar-item-content-footer\"><p><span>Tel.<\/span> <a href=\"tel:+41584336465\" itemprop=\"telephone\" title=\"Call us\">+41 58 433 64 65<\/a><\/p><\/div><\/div><\/div><div class=\"standorte-sidebar-item close\" data-id=\"2\"><div class=\"standorte-sidebar-item-title\"><h3>Sursee<\/h3><\/div><div class=\"standorte-sidebar-item-content\"><p>fenaco Genossenschaft<br>Getreide, \u00d6lsaaten, Futtermittel<br>Obstfeldstrasse 1<br>CH &#8211; 6210 Sursee<\/p><div class=\"standorte-sidebar-item-content-footer\"><p><span>Tel.<\/span> <a href=\"tel:+41584336448\" itemprop=\"telephone\" title=\"Call us\">+41 58 433 64 48<\/a><\/p><\/div><\/div><\/div><div class=\"standorte-sidebar-item close\" data-id=\"3\"><div class=\"standorte-sidebar-item-title\"><h3>Puidoux<\/h3><\/div><div class=\"standorte-sidebar-item-content\"><p>fenaco soci\u00e9t\u00e9 coop\u00e9rative<br>C\u00e9r\u00e9ales, ol\u00e9agineux, mati\u00e8res premi\u00e8res<br>Route de Chardonne 2<br>CH &#8211; 1070 Puidoux<\/p><div class=\"standorte-sidebar-item-content-footer\"><p><span>Tel.<\/span> <a href=\"tel:+41584337000\" itemprop=\"telephone\" title=\"Call us\">+41 58 433 70 00<\/a><\/p><\/div><\/div><\/div><div class=\"standorte-sidebar-item close\" data-id=\"4\"><div class=\"standorte-sidebar-item-title\"><h3>Auhafen<\/h3><\/div><div class=\"standorte-sidebar-item-content\"><p>fenaco Genossenschaft<br>Silo Auhafen<br>Auhafenstrasse 131a<br>CH &#8211; 4127 Birsfelden<\/p><div class=\"standorte-sidebar-item-content-footer\"><p><span>Tel.<\/span> <a href=\"tel:+41584337366\" itemprop=\"telephone\" title=\"Call us\">+41 58 433 73 66<\/a><\/p><\/div><\/div><\/div><div class=\"standorte-sidebar-item close\" data-id=\"5\"><div class=\"standorte-sidebar-item-title\"><h3>Silo Olten<\/h3><\/div><div class=\"standorte-sidebar-item-content\"><p>fenaco Genossenschaft<br>Silo Olten<br>Industriestrasse 138<br>CH &#8211; 4600 Olten<\/p><div class=\"standorte-sidebar-item-content-footer\"><p><span>Tel.<\/span> <a href=\"tel:+41\u00a0622962142\" itemprop=\"telephone\" title=\"Call us\">+41\u00a062 296 21 42<\/a><\/p><\/div><\/div><\/div>\t\t\t<\/div>\n\t\t<\/div>\n\t<\/div>\n<\/div>\n","protected":false},"excerpt":{"rendered":"","protected":false},"author":4,"featured_media":0,"parent":0,"menu_order":4,"comment_status":"closed","ping_status":"closed","template":"","meta":{"_acf_changed":false,"inline_featured_image":false,"_genesis_hide_title":false,"_genesis_hide_breadcrumbs":false,"_genesis_hide_singular_image":false,"_genesis_hide_footer_widgets":false,"_genesis_custom_body_class":"","_genesis_custom_post_class":"","_genesis_layout":"","footnotes":""},"class_list":{"0":"post-648","1":"page","2":"type-page","3":"status-publish","5":"entry"},"acf":[],"_links":{"self":[{"href":"https:\/\/www.fenaco-gof.ch\/fr\/wp-json\/wp\/v2\/pages\/648","targetHints":{"allow":["GET"]}}],"collection":[{"href":"https:\/\/www.fenaco-gof.ch\/fr\/wp-json\/wp\/v2\/pages"}],"about":[{"href":"https:\/\/www.fenaco-gof.ch\/fr\/wp-json\/wp\/v2\/types\/page"}],"author":[{"embeddable":true,"href":"https:\/\/www.fenaco-gof.ch\/fr\/wp-json\/wp\/v2\/users\/4"}],"replies":[{"embeddable":true,"href":"https:\/\/www.fenaco-gof.ch\/fr\/wp-json\/wp\/v2\/comments?post=648"}],"version-history":[{"count":0,"href":"https:\/\/www.fenaco-gof.ch\/fr\/wp-json\/wp\/v2\/pages\/648\/revisions"}],"wp:attachment":[{"href":"https:\/\/www.fenaco-gof.ch\/fr\/wp-json\/wp\/v2\/media?parent=648"}],"curies":[{"name":"wp","href":"https:\/\/api.w.org\/{rel}","templated":true}]}}