{"id":674,"date":"2023-11-22T11:47:37","date_gmt":"2023-11-22T10:47:37","guid":{"rendered":"https:\/\/fenacogof.wpengine.com\/?page_id=674"},"modified":"2024-03-21T11:58:12","modified_gmt":"2024-03-21T10:58:12","slug":"carriere","status":"publish","type":"page","link":"https:\/\/www.fenaco-gof.ch\/fr\/carriere\/","title":{"rendered":"Carri\u00e8re"},"content":{"rendered":"\n<p>Que vous soyez au d\u00e9but de votre carri\u00e8re ou que vous ayez de l&rsquo;exp\u00e9rience, vous trouverez chez nous des d\u00e9fis int\u00e9ressants et des possibilit\u00e9s de formation continue dans un environnement international. Chez nous, vous assumerez des responsabilit\u00e9s d\u00e8s le premier jour et pourrez planifier et d\u00e9velopper activement votre carri\u00e8re professionnelle \u00e0 chaque \u00e9tape de votre vie.<\/p>\n\n\n\n<p>Nous offrons une multitude de possibilit\u00e9s d\u2019\u00e9volution, d\u2019excellentes options de formation continue et, bien entendu, des conditions de travail attrayantes. Nous mettons l&rsquo;accent sur la promotion et le d\u00e9veloppement cibl\u00e9s des collaboratrices et collaborateurs en encourageant les comp\u00e9tences par des formations continues et des cours de perfectionnement. Nous nous engageons activement dans la promotion des talents et la planification de la succession \u00e0 long terme.<\/p>\n\n\n\n<p>D\u00e9couvrez nos offres d&#8217;emploi actuelles et rejoignez une \u00e9quipe comp\u00e9tente qui c\u00e9l\u00e8bre ensemble ses succ\u00e8s. Nous nous r\u00e9jouissons de faire votre connaissance et de construire l&rsquo;avenir avec vous !<\/p>\n\n\n\n<div style=\"height:20px\" aria-hidden=\"true\" class=\"wp-block-spacer\"><\/div>\n\n\n\n<iframe src=\"https:\/\/ohws.prospective.ch\/public\/v1\/careercenter\/1001859\/?language=de&#038;lang=fr&#038;filter_30=1158637\" style=\"height:1000px;width:90%;\"><\/iframe>\n\n\n\n<hr class=\"wp-block-separator has-alpha-channel-opacity is-style-dots\"\/>\n\n\n\n<h3 class=\"wp-block-heading\">Votre contact <\/h3>\n\n\n\n<div class=\"wp-block-columns\">\n<div class=\"wp-block-column\">\n<div class=\"wp-block-cloudweb-person-card is-style-without-languages wp-block-cloudweb-person-card-dynamic\">\n\t<div class=\"person-card-info\">\n\t\t<div class=\"person-card-image\">\n\t\t\t<img decoding=\"async\" src=\"https:\/\/www.fenaco-gof.ch\/wp-content\/uploads\/2023\/12\/Preisig_Martin_GOF_2023.jpg\" alt=\"\" width=\"800\" height=\"800\" loading=\"lazy\" \/>\t\t<\/div>\n\t\t<div class=\"person-card-details\">\n\t\t\t<h2 class=\"person-card-name\">Martin Preisig<\/h2>\n\t\t\t<p class=\"person-card-detail\">Responsable RH fenaco GOF \/ Membre de la direction \u00e9largie<\/p><\/div>\n\t<\/div>\n\t<div class=\"person-card-contact\">\n\t\t\t\t\t<p class=\"person-card-phone\">\n\t\t\t\t<a href=\"tel:+41584340029\" itemprop=\"telephone\" title=\"Call us\">+41 58 434 00 29<\/a>\t\t\t<\/p>\n\t\t\t\t\t\t\t\t\t<p class=\"person-card-mail\">\n\t\t\t\t<a href=\"mailto:&#109;&#97;r%74&#105;n%2e%70r%65%69s%69%67&#64;&#102;en&#97;c&#111;&#46;%63&#111;m\" title=\"Email us\" itemprop=\"email\">mart&#105;n.p&#114;eis&#105;g&#64;&#102;&#101;&#110;&#97;c&#111;&#46;com<\/a>\t\t\t<\/p>\n\t\t\n\t<\/div>\n\t<\/div>\n<\/div>\n\n\n\n<div class=\"wp-block-column\"><\/div>\n\n\n\n<div class=\"wp-block-column\"><\/div>\n<\/div>\n","protected":false},"excerpt":{"rendered":"<p>Que vous soyez au d\u00e9but de votre carri\u00e8re ou que vous ayez de l&rsquo;exp\u00e9rience, vous trouverez chez nous des d\u00e9fis int\u00e9ressants et des possibilit\u00e9s de formation continue dans un environnement international. Chez nous, vous assumerez des responsabilit\u00e9s d\u00e8s le premier jour et pourrez planifier et d\u00e9velopper activement votre carri\u00e8re professionnelle \u00e0 chaque \u00e9tape de votre [&hellip;]<\/p>\n","protected":false},"author":3,"featured_media":0,"parent":0,"menu_order":0,"comment_status":"closed","ping_status":"closed","template":"","meta":{"_acf_changed":false,"inline_featured_image":false,"_genesis_hide_title":false,"_genesis_hide_breadcrumbs":false,"_genesis_hide_singular_image":false,"_genesis_hide_footer_widgets":false,"_genesis_custom_body_class":"","_genesis_custom_post_class":"","_genesis_layout":"","footnotes":""},"class_list":{"0":"post-674","1":"page","2":"type-page","3":"status-publish","5":"entry"},"acf":[],"_links":{"self":[{"href":"https:\/\/www.fenaco-gof.ch\/fr\/wp-json\/wp\/v2\/pages\/674","targetHints":{"allow":["GET"]}}],"collection":[{"href":"https:\/\/www.fenaco-gof.ch\/fr\/wp-json\/wp\/v2\/pages"}],"about":[{"href":"https:\/\/www.fenaco-gof.ch\/fr\/wp-json\/wp\/v2\/types\/page"}],"author":[{"embeddable":true,"href":"https:\/\/www.fenaco-gof.ch\/fr\/wp-json\/wp\/v2\/users\/3"}],"replies":[{"embeddable":true,"href":"https:\/\/www.fenaco-gof.ch\/fr\/wp-json\/wp\/v2\/comments?post=674"}],"version-history":[{"count":0,"href":"https:\/\/www.fenaco-gof.ch\/fr\/wp-json\/wp\/v2\/pages\/674\/revisions"}],"wp:attachment":[{"href":"https:\/\/www.fenaco-gof.ch\/fr\/wp-json\/wp\/v2\/media?parent=674"}],"curies":[{"name":"wp","href":"https:\/\/api.w.org\/{rel}","templated":true}]}}