{"id":684,"date":"2023-11-22T11:51:31","date_gmt":"2023-11-22T10:51:31","guid":{"rendered":"https:\/\/fenacogof.wpengine.com\/?page_id=684"},"modified":"2025-12-02T15:30:12","modified_gmt":"2025-12-02T14:30:12","slug":"notre-profil","status":"publish","type":"page","link":"https:\/\/www.fenaco-gof.ch\/fr\/notre-profil\/","title":{"rendered":"Notre profil"},"content":{"rendered":"\n<p>fenaco C\u00e9r\u00e9ales, ol\u00e9agineux, mati\u00e8res premi\u00e8res commercialise les c\u00e9r\u00e9ales, les ol\u00e9agineux et les l\u00e9gumineuses \u00e0 grains des centres collecteurs suisses aupr\u00e8s de diverses minoteries et huileries. En parall\u00e8le, nous achetons toutes sortes de mati\u00e8res premi\u00e8res, de fourrages grossiers et de sp\u00e9cialit\u00e9s d\u2019origine suisse et \u00e9trang\u00e8re pour approvisionner l\u2019industrie alimentaire, l\u2019industrie des aliments compos\u00e9s et les d\u00e9tentrices et d\u00e9tenteurs d\u2019animaux. Nous disposons d\u2019agences commerciales en Suisse \u00e0 Puidoux (VD), Berne, Sursee (LU) et Winterthour (ZH). Nos propres sites d\u2019exploitation sont les silos du port d\u2019Auhafen \u00e0 Birsfelden (BL) et le silo d\u2019Olten (SO). La pr\u00e9sence internationale est organis\u00e9e sous l\u2019\u00e9gide du <a href=\"https:\/\/granagroup.eu\/index.php\/fr\/\" target=\"_blank\" rel=\"noopener\">granaagro<\/a>, avec les soci\u00e9t\u00e9s granaagro Deutschland GmbH et leurs sites \u00e0 L\u00f6rrach, Kiefersfelden et Berlin, granaagro Czechia s.r.o. \u00e0 Olomouc (CZ) et granaagro Danubia SRL \u00e0 Giroc (RO).<\/p>\n\n\n\n<p>Depuis 1993, nous encourageons l&rsquo;innovation et construisons des partenariats durables.<\/p>\n\n\n\n<div class=\"wp-block-cloudweb-timeline\"><div class=\"timeline-items\" data-autoplay-speed=\"{&quot;autoplaySpeed&quot;:2000}\">\n<div class=\"wp-block-cloudweb-timeline-item\"><div class=\"timeline-item\"><div class=\"timeline-item-year\"><span>2021<\/span><\/div><div class=\"timeline-item-details\"><p>Ouverture du site de commerce bio de granaagro Deutschland GmbH \u00e0 Berlin<\/p><\/div><\/div><\/div>\n\n\n\n<div class=\"wp-block-cloudweb-timeline-item\"><div class=\"timeline-item\"><div class=\"timeline-item-year\"><span>2020<\/span><\/div><div class=\"timeline-item-details\"><p>Inauguration de notre propre bureau de d\u00e9douanement \u00e0 B\u00e2le<\/p><\/div><\/div><\/div>\n\n\n\n<div class=\"wp-block-cloudweb-timeline-item\"><div class=\"timeline-item\"><div class=\"timeline-item-year\"><span>2018<\/span><\/div><div class=\"timeline-item-details\"><p>Achat d\u2019Interagra GmbH et transfert du site \u00e0 L\u00f6rrach<\/p><\/div><\/div><\/div>\n\n\n\n<div class=\"wp-block-cloudweb-timeline-item\"><div class=\"timeline-item\"><div class=\"timeline-item-year\"><span>2018<\/span><\/div><div class=\"timeline-item-details\"><p>Achat de l\u2019entreprise Swiss Grana Group (sites en R\u00e9publique tch\u00e8que et en Allemagne) et de Silo Olten<\/p><\/div><\/div><\/div>\n\n\n\n<div class=\"wp-block-cloudweb-timeline-item\"><div class=\"timeline-item\"><div class=\"timeline-item-year\"><span>2018<\/span><\/div><div class=\"timeline-item-details\"><p>Inauguration du silo et du site de transbordement d\u2019Auhafen \u00e0 Birsfelden<\/p><\/div><\/div><\/div>\n\n\n\n<div class=\"wp-block-cloudweb-timeline-item\"><div class=\"timeline-item\"><div class=\"timeline-item-year\"><span>2015<\/span><\/div><div class=\"timeline-item-details\"><p>Acquisition en droit de superficie du site d\u2019Auhafen (Muttenz) et d\u00e9but de la planification du site de silos<\/p><\/div><\/div><\/div>\n\n\n\n<div class=\"wp-block-cloudweb-timeline-item\"><div class=\"timeline-item\"><div class=\"timeline-item-year\"><span>2014<\/span><\/div><div class=\"timeline-item-details\"><p>D\u00e9veloppement de la strat\u00e9gie de marques dans le fourrage grossier avec les produits ANI<\/p><\/div><\/div><\/div>\n\n\n\n<div class=\"wp-block-cloudweb-timeline-item\"><div class=\"timeline-item\"><div class=\"timeline-item-year\"><span>2012<\/span><\/div><div class=\"timeline-item-details\"><p>Promotion de la culture de soja europ\u00e9en et adh\u00e9sion \u00e0 l\u2019association Donau Soja<\/p><\/div><\/div><\/div>\n\n\n\n<div class=\"wp-block-cloudweb-timeline-item\"><div class=\"timeline-item\"><div class=\"timeline-item-year\"><span>2011<\/span><\/div><div class=\"timeline-item-details\"><p>Cr\u00e9ation du r\u00e9seau suisse pour le soja en tant que membre fondateur<\/p><\/div><\/div><\/div>\n\n\n\n<div class=\"wp-block-cloudweb-timeline-item\"><div class=\"timeline-item\"><div class=\"timeline-item-year\"><span>2009<\/span><\/div><div class=\"timeline-item-details\"><p>D\u00e9veloppement de l\u2019approvisionnement par importation et de la production contractuelle indig\u00e8ne de produits bio par le ressort Bio<\/p><\/div><\/div><\/div>\n\n\n\n<div class=\"wp-block-cloudweb-timeline-item\"><div class=\"timeline-item\"><div class=\"timeline-item-year\"><span>2008<\/span><\/div><div class=\"timeline-item-details\"><p>Lancement de la commercialisation de c\u00e9r\u00e9ales panifiables et d\u2019ol\u00e9agineux de la marque Suisse Garantie d\u00e8s la r\u00e9colte 2009<\/p><\/div><\/div><\/div>\n\n\n\n<div class=\"wp-block-cloudweb-timeline-item\"><div class=\"timeline-item\"><div class=\"timeline-item-year\"><span>2006<\/span><\/div><div class=\"timeline-item-details\"><p>Certification ISO 22000 (une des trois premi\u00e8res entreprises en Suisse)<\/p><\/div><\/div><\/div>\n\n\n\n<div class=\"wp-block-cloudweb-timeline-item\"><div class=\"timeline-item\"><div class=\"timeline-item-year\"><span>2006<\/span><\/div><div class=\"timeline-item-details\"><p>D\u00e9chargement du premier bateau de tourteaux de soja produits dans le respect des Crit\u00e8res de B\u00e2le et de la norme ProTerra au port de B\u00e2le<\/p><\/div><\/div><\/div>\n\n\n\n<div class=\"wp-block-cloudweb-timeline-item\"><div class=\"timeline-item\"><div class=\"timeline-item-year\"><span>2005<\/span><\/div><div class=\"timeline-item-details\"><p>Lancement des marques ANILuz et ANIpelli sur le march\u00e9 des fourrages grossiers ainsi que du standard de qualit\u00e9 Suisse Premium pour les c\u00e9r\u00e9ales panifiables<\/p><\/div><\/div><\/div>\n\n\n\n<div class=\"wp-block-cloudweb-timeline-item\"><div class=\"timeline-item\"><div class=\"timeline-item-year\"><span>2004<\/span><\/div><div class=\"timeline-item-details\"><p>fenaco GOF lance la marque de soja \u00ab Proforest \u00bb, certifiant que le soja import\u00e9 est issu de l\u2019agriculture durable<\/p><\/div><\/div><\/div>\n\n\n\n<div class=\"wp-block-cloudweb-timeline-item\"><div class=\"timeline-item\"><div class=\"timeline-item-year\"><span>2003<\/span><\/div><div class=\"timeline-item-details\"><p>Lancement et premiers semis de colza High Oleic apr\u00e8s deux ann\u00e9es d\u2019exp\u00e9rience avec le colza Mid Oleic, puis expansion continue du march\u00e9 au profit du colza HOLL (part de march\u00e9 d\u2019environ 30 % aujourd\u2019hui)<\/p><\/div><\/div><\/div>\n\n\n\n<div class=\"wp-block-cloudweb-timeline-item\"><div class=\"timeline-item\"><div class=\"timeline-item-year\"><span>1999<\/span><\/div><div class=\"timeline-item-details\"><p>Cr\u00e9ation de l\u2019unit\u00e9 d\u2019activit\u00e9 strat\u00e9gique (UAS) C\u00e9r\u00e9ales, ol\u00e9agineux et mati\u00e8res premi\u00e8res (GOF) et int\u00e9gration contractuelle des LANDI\/centres collecteurs dans le concept de commercialisation MAXI pour les c\u00e9r\u00e9ales panifiables et les ol\u00e9agineux<\/p><\/div><\/div><\/div>\n\n\n\n<div class=\"wp-block-cloudweb-timeline-item\"><div class=\"timeline-item\"><div class=\"timeline-item-year\"><span>1999<\/span><\/div><div class=\"timeline-item-details\"><p>Lib\u00e9ralisation du march\u00e9 des c\u00e9r\u00e9ales panifiables et des ol\u00e9agineux, transfert des IGZ dans le service Commerce d\u2019aliments fourragers et mandat de prospection de march\u00e9 pour les c\u00e9r\u00e9ales panifiables\/ol\u00e9agineux<\/p><\/div><\/div><\/div>\n\n\n\n<div class=\"wp-block-cloudweb-timeline-item\"><div class=\"timeline-item\"><div class=\"timeline-item-year\"><span>1994<\/span><\/div><div class=\"timeline-item-details\"><p>Regroupement des six centrales de c\u00e9r\u00e9ales indig\u00e8nes et d\u2019ol\u00e9agineux (IGZ) de fenaco en une unit\u00e9 nationale<\/p><\/div><\/div><\/div>\n\n\n\n<div class=\"wp-block-cloudweb-timeline-item\"><div class=\"timeline-item\"><div class=\"timeline-item-year\"><span>1993<\/span><\/div><div class=\"timeline-item-details\"><p>R\u00e9organisation des d\u00e9partements Commerce d\u2019aliments fourragers pour cr\u00e9er une unit\u00e9 nationale, d\u00e9veloppement du commerce de fourrage grossier<\/p><\/div><\/div><\/div>\n\n\n\n<div class=\"wp-block-cloudweb-timeline-item\"><div class=\"timeline-item\"><div class=\"timeline-item-year\"><span>1993<\/span><\/div><div class=\"timeline-item-details\"><p>Fusion de six f\u00e9d\u00e9rations de coop\u00e9ratives agricoles plus que centenaires pour former<a href=\"https:\/\/www.fenaco.com\/fr\" target=\"_blank\" rel=\"noopener\"> fenaco soci\u00e9t\u00e9 coop\u00e9rative<\/a><\/p><\/div><\/div><\/div>\n<\/div><\/div>\n\n\n\n<p><\/p>\n\n\n\n<p>D\u00e9couvrez nos activit\u00e9s dans notre vid\u00e9o d&rsquo;entreprise. (En allemand avec sous-titres en fran\u00e7ais)<\/p>\n\n\n\n<figure class=\"wp-block-embed is-type-video is-provider-youtube wp-block-embed-youtube wp-embed-aspect-16-9 wp-has-aspect-ratio\"><div class=\"wp-block-embed__wrapper\">\n<iframe loading=\"lazy\" title=\"Rohstoffe in Bewegung \u2013 Was macht eigentlich fenaco GOF?\" width=\"500\" height=\"281\" src=\"https:\/\/www.youtube.com\/embed\/sNUuttMUrBc?feature=oembed&#038;enablejsapi=1&#038;origin=https:\/\/www.fenaco-gof.ch\" frameborder=\"0\" allow=\"accelerometer; autoplay; clipboard-write; encrypted-media; gyroscope; picture-in-picture; web-share\" referrerpolicy=\"strict-origin-when-cross-origin\" allowfullscreen><\/iframe>\n<\/div><\/figure>\n","protected":false},"excerpt":{"rendered":"<p>fenaco C\u00e9r\u00e9ales, ol\u00e9agineux, mati\u00e8res premi\u00e8res commercialise les c\u00e9r\u00e9ales, les ol\u00e9agineux et les l\u00e9gumineuses \u00e0 grains des centres collecteurs suisses aupr\u00e8s de diverses minoteries et huileries. En parall\u00e8le, nous achetons toutes sortes de mati\u00e8res premi\u00e8res, de fourrages grossiers et de sp\u00e9cialit\u00e9s d\u2019origine suisse et \u00e9trang\u00e8re pour approvisionner l\u2019industrie alimentaire, l\u2019industrie des aliments compos\u00e9s et les d\u00e9tentrices [&hellip;]<\/p>\n","protected":false},"author":4,"featured_media":0,"parent":0,"menu_order":0,"comment_status":"closed","ping_status":"closed","template":"","meta":{"_acf_changed":false,"inline_featured_image":false,"_genesis_hide_title":false,"_genesis_hide_breadcrumbs":false,"_genesis_hide_singular_image":false,"_genesis_hide_footer_widgets":false,"_genesis_custom_body_class":"","_genesis_custom_post_class":"","_genesis_layout":"","footnotes":""},"class_list":{"0":"post-684","1":"page","2":"type-page","3":"status-publish","5":"entry"},"acf":[],"_links":{"self":[{"href":"https:\/\/www.fenaco-gof.ch\/fr\/wp-json\/wp\/v2\/pages\/684","targetHints":{"allow":["GET"]}}],"collection":[{"href":"https:\/\/www.fenaco-gof.ch\/fr\/wp-json\/wp\/v2\/pages"}],"about":[{"href":"https:\/\/www.fenaco-gof.ch\/fr\/wp-json\/wp\/v2\/types\/page"}],"author":[{"embeddable":true,"href":"https:\/\/www.fenaco-gof.ch\/fr\/wp-json\/wp\/v2\/users\/4"}],"replies":[{"embeddable":true,"href":"https:\/\/www.fenaco-gof.ch\/fr\/wp-json\/wp\/v2\/comments?post=684"}],"version-history":[{"count":0,"href":"https:\/\/www.fenaco-gof.ch\/fr\/wp-json\/wp\/v2\/pages\/684\/revisions"}],"wp:attachment":[{"href":"https:\/\/www.fenaco-gof.ch\/fr\/wp-json\/wp\/v2\/media?parent=684"}],"curies":[{"name":"wp","href":"https:\/\/api.w.org\/{rel}","templated":true}]}}