{"id":685,"date":"2023-12-06T13:07:15","date_gmt":"2023-12-06T12:07:15","guid":{"rendered":"https:\/\/fenacogof.wpengine.com\/?page_id=685"},"modified":"2023-12-27T08:20:40","modified_gmt":"2023-12-27T07:20:40","slug":"impressum","status":"publish","type":"page","link":"https:\/\/www.fenaco-gof.ch\/fr\/impressum\/","title":{"rendered":"Impressum"},"content":{"rendered":"\n<p><strong><a href=\"http:\/\/www.fenaco-gof.ch\/\" target=\"_blank\" rel=\"noreferrer noopener\">http:\/\/www.fenaco-gof.ch\/<\/a><\/strong><strong>&nbsp;est un site de fenaco, du secteur commercial des c\u00e9r\u00e9ales, ol\u00e9agineux, mati\u00e8res premi\u00e8res (GOF).<\/strong><\/p>\n\n\n\n<p><strong>Champ d\u2019application<\/strong><\/p>\n\n\n\n<p>Les mentions l\u00e9gales ci-apr\u00e8s s\u2019appliquent au site internet <strong>fenaco-gof.ch\u00a0<\/strong> (ci-apr\u00e8s \u00ab\u00a0fenaco-gof.ch\u00a0\u00bb). En utilisant le site fenaco.com, vous d\u00e9clarez accepter les pr\u00e9sentes conditions. Veuillez consulter r\u00e9guli\u00e8rement les mentions l\u00e9gales pour v\u00e9rifier si elles ont fait l\u2019objet d\u2019\u00e9ventuelles modifications. En continuant \u00e0 utiliser fenaco.com apr\u00e8s la publication de modifications des pr\u00e9sentes dispositions, vous \u00eates suppos\u00e9s accepter lesdites modifications.<\/p>\n\n\n\n<p><strong>Clause de non-responsabilit\u00e9<\/strong><\/p>\n\n\n\n<p>fenaco ne se porte en aucun cas garante de la justesse, de l\u2019exactitude, de l\u2019actualit\u00e9, de la fiabilit\u00e9 ni de l\u2019exhaustivit\u00e9 des informations publi\u00e9es sur fenaco-gof.ch.<\/p>\n\n\n\n<p>fenaco ne peut \u00eatre tenue responsable de dommages mat\u00e9riels ou immat\u00e9riels \u00e9ventuels r\u00e9sultant de l\u2019acc\u00e8s aux informations publi\u00e9es ou de leur (non-)utilisation du fait d\u2019un usage abusif de la connexion ou de probl\u00e8mes techniques.<\/p>\n\n\n\n<p>L\u2019ensemble des offres publi\u00e9es sur fenaco-gof.ch sont sans engagement. fenaco se r\u00e9serve express\u00e9ment le droit de modifier, de compl\u00e9ter et de supprimer sans pr\u00e9avis le site internet, son int\u00e9gralit\u00e9 ou certaines informations, ainsi que de suspendre provisoirement ou d\u00e9finitivement leur publication.<\/p>\n\n\n\n<p><strong>Responsabilit\u00e9 concernant les liens<\/strong><\/p>\n\n\n\n<p>Les renvois et les liens vers des sites internet de tiers ne rel\u00e8vent pas de notre responsabilit\u00e9. Nous d\u00e9clinons d\u00e8s lors toute responsabilit\u00e9 concernant de tels sites internet. L\u2019utilisateur acc\u00e8de \u00e0 ces sites et les utilise \u00e0 ses propres risques.<\/p>\n\n\n\n<p><strong>Droits d\u2019auteur<\/strong><\/p>\n\n\n\n<p>Les droits d\u2019auteur et tous les autres droits sur les contenus, les images, les photos et les autres fichiers publi\u00e9s sur fenaco-gof.ch appartiennent exclusivement \u00e0 fenaco ou aux titulaires sp\u00e9cifiquement nomm\u00e9s. L\u2019assentiment \u00e9crit des titulaires du droit d\u2019auteur doit \u00eatre demand\u00e9 avant toute reproduction d\u2019un de ces \u00e9l\u00e9ments.<\/p>\n\n\n\n<p><strong>Actualisation<\/strong><\/p>\n\n\n\n<p>La derni\u00e8re actualisation des pr\u00e9sentes dispositions l\u00e9gales date d\u2019avril 2018.<\/p>\n\n\n\n<p>Le copyright de toutes les pages internets se trouvant sous&nbsp;<a href=\"http:\/\/www.fenaco-gof.ch\/\" target=\"_blank\" rel=\"noreferrer noopener\">http:\/\/www.fenaco-gof.ch\/<\/a>appartient \u00e0 fenaco.<\/p>\n\n\n\n<p><strong>fenaco soci\u00e9t\u00e9 coop\u00e9rative<br>c\u00e9r\u00e9ales, ol\u00e9agineux, mati\u00e8res premi\u00e8res<\/strong><br>Theaterstasse 15a<br>CH-8401 Winterthur<br>Tel. +41 (0)58 433 64 65<br>Fax +41 (0)58 433 64 66<br><a href=\"javascript:linkTo_UnCryptMailto('kygjrm8gldmYdclyam+emd,af');\">info.gof@fenaco.com<\/a><\/p>\n","protected":false},"excerpt":{"rendered":"<p>http:\/\/www.fenaco-gof.ch\/&nbsp;est un site de fenaco, du secteur commercial des c\u00e9r\u00e9ales, ol\u00e9agineux, mati\u00e8res premi\u00e8res (GOF). Champ d\u2019application Les mentions l\u00e9gales ci-apr\u00e8s s\u2019appliquent au site internet fenaco-gof.ch\u00a0 (ci-apr\u00e8s \u00ab\u00a0fenaco-gof.ch\u00a0\u00bb). En utilisant le site fenaco.com, vous d\u00e9clarez accepter les pr\u00e9sentes conditions. Veuillez consulter r\u00e9guli\u00e8rement les mentions l\u00e9gales pour v\u00e9rifier si elles ont fait l\u2019objet d\u2019\u00e9ventuelles modifications. En continuant [&hellip;]<\/p>\n","protected":false},"author":4,"featured_media":0,"parent":0,"menu_order":0,"comment_status":"closed","ping_status":"closed","template":"","meta":{"_acf_changed":false,"inline_featured_image":false,"_genesis_hide_title":false,"_genesis_hide_breadcrumbs":false,"_genesis_hide_singular_image":false,"_genesis_hide_footer_widgets":false,"_genesis_custom_body_class":"","_genesis_custom_post_class":"","_genesis_layout":"","footnotes":""},"class_list":{"0":"post-685","1":"page","2":"type-page","3":"status-publish","5":"entry"},"acf":[],"_links":{"self":[{"href":"https:\/\/www.fenaco-gof.ch\/fr\/wp-json\/wp\/v2\/pages\/685","targetHints":{"allow":["GET"]}}],"collection":[{"href":"https:\/\/www.fenaco-gof.ch\/fr\/wp-json\/wp\/v2\/pages"}],"about":[{"href":"https:\/\/www.fenaco-gof.ch\/fr\/wp-json\/wp\/v2\/types\/page"}],"author":[{"embeddable":true,"href":"https:\/\/www.fenaco-gof.ch\/fr\/wp-json\/wp\/v2\/users\/4"}],"replies":[{"embeddable":true,"href":"https:\/\/www.fenaco-gof.ch\/fr\/wp-json\/wp\/v2\/comments?post=685"}],"version-history":[{"count":0,"href":"https:\/\/www.fenaco-gof.ch\/fr\/wp-json\/wp\/v2\/pages\/685\/revisions"}],"wp:attachment":[{"href":"https:\/\/www.fenaco-gof.ch\/fr\/wp-json\/wp\/v2\/media?parent=685"}],"curies":[{"name":"wp","href":"https:\/\/api.w.org\/{rel}","templated":true}]}}