{"id":744,"date":"2023-11-22T11:52:15","date_gmt":"2023-11-22T10:52:15","guid":{"rendered":"https:\/\/fenacogof.wpengine.com\/?page_id=744"},"modified":"2025-07-15T07:38:19","modified_gmt":"2025-07-15T06:38:19","slug":"developpement-durable","status":"publish","type":"page","link":"https:\/\/www.fenaco-gof.ch\/fr\/developpement-durable\/","title":{"rendered":"D\u00e9veloppement durable"},"content":{"rendered":"\n<p>Le d\u00e9veloppement durable est solidement ancr\u00e9 au sein de fenaco soci\u00e9t\u00e9 coop\u00e9rative. En lien avec les dimensions \u00e9cologique, sociale et \u00e9conomique, sept th\u00e8mes prioritaires ont \u00e9t\u00e9 d\u00e9finis avec quatorze objectifs mesurables. En tant qu&rsquo;unit\u00e9 d&rsquo;activit\u00e9 strat\u00e9gique de fenaco soci\u00e9t\u00e9 coop\u00e9rative, nous contribuons par notre activit\u00e9 \u00e0 la r\u00e9alisation annuelle des objectifs.<\/p>\n\n\n\n<p><a href=\"https:\/\/www.fenaco.com\/fr\/developpement-durable\/objectifs-de-developpement-durable\" target=\"_blank\" rel=\"noopener\">fenaco strat\u00e9gie et rapport sur le d\u00e9veloppement durable<\/a><\/p>\n\n\n\n<p><strong>Augmenter l&rsquo;efficacit\u00e9 \u00e9nerg\u00e9tique<\/strong><\/p>\n\n\n\n<p>Nous nous engageons par conviction pour la protection durable du climat. En participant volontairement au programme de l&rsquo;Agence de l&rsquo;\u00e9nergie pour l&rsquo;\u00e9conomie (AEnEC), nous nous engageons \u00e0 r\u00e9duire activement les \u00e9missions de CO<sub>2<\/sub> et \u00e0 optimiser l&rsquo;efficacit\u00e9 \u00e9nerg\u00e9tique dans nos entreprises Silo Olten et Auhafen.<\/p>\n\n\n\n<p><strong>Se d\u00e9placer en respectant le climat<\/strong><\/p>\n\n\n\n<p>Nous proposons des solutions logistiques vari\u00e9es et misons sur le rail. C&rsquo;est pourquoi nous participons au programme de transport de l&rsquo;AEnEC et encourageons ainsi le transfert de marchandises de la route vers le rail. En 2024, fenaco GOF a ainsi pu transf\u00e9rer environ 21&rsquo;009&rsquo;535 t-km nettes sur le rail et \u00e9conomiser 740 t de CO<sub>2<\/sub>.<\/p>\n\n\n\n<p><strong>Engagement<\/strong><\/p>\n\n\n\n<p>Nous sommes membres fondateurs du <a href=\"https:\/\/www.sojanetzwerk.ch\/fr\/\" target=\"_blank\" rel=\"noopener\">r\u00e9seau suisse pour le soja<\/a> et nous nous engageons pour un approvisionnement responsable en mati\u00e8res premi\u00e8res destin\u00e9es \u00e0 la production de fourrage et de denr\u00e9es alimentaires en Suisse. En 2024, 100% de nos importations de compl\u00e9ments de soja r\u00e9pondaient aux exigences du R\u00e9seau suisse pour le soja, dont 96 % provenaient d\u2019Europe.<\/p>\n\n\n\n<p><\/p>\n","protected":false},"excerpt":{"rendered":"<p>Le d\u00e9veloppement durable est solidement ancr\u00e9 au sein de fenaco soci\u00e9t\u00e9 coop\u00e9rative. En lien avec les dimensions \u00e9cologique, sociale et \u00e9conomique, sept th\u00e8mes prioritaires ont \u00e9t\u00e9 d\u00e9finis avec quatorze objectifs mesurables. En tant qu&rsquo;unit\u00e9 d&rsquo;activit\u00e9 strat\u00e9gique de fenaco soci\u00e9t\u00e9 coop\u00e9rative, nous contribuons par notre activit\u00e9 \u00e0 la r\u00e9alisation annuelle des objectifs. fenaco strat\u00e9gie et rapport [&hellip;]<\/p>\n","protected":false},"author":4,"featured_media":0,"parent":0,"menu_order":0,"comment_status":"closed","ping_status":"closed","template":"","meta":{"_acf_changed":false,"inline_featured_image":false,"_genesis_hide_title":false,"_genesis_hide_breadcrumbs":false,"_genesis_hide_singular_image":false,"_genesis_hide_footer_widgets":false,"_genesis_custom_body_class":"","_genesis_custom_post_class":"","_genesis_layout":"","footnotes":""},"class_list":{"0":"post-744","1":"page","2":"type-page","3":"status-publish","5":"entry"},"acf":[],"_links":{"self":[{"href":"https:\/\/www.fenaco-gof.ch\/fr\/wp-json\/wp\/v2\/pages\/744","targetHints":{"allow":["GET"]}}],"collection":[{"href":"https:\/\/www.fenaco-gof.ch\/fr\/wp-json\/wp\/v2\/pages"}],"about":[{"href":"https:\/\/www.fenaco-gof.ch\/fr\/wp-json\/wp\/v2\/types\/page"}],"author":[{"embeddable":true,"href":"https:\/\/www.fenaco-gof.ch\/fr\/wp-json\/wp\/v2\/users\/4"}],"replies":[{"embeddable":true,"href":"https:\/\/www.fenaco-gof.ch\/fr\/wp-json\/wp\/v2\/comments?post=744"}],"version-history":[{"count":0,"href":"https:\/\/www.fenaco-gof.ch\/fr\/wp-json\/wp\/v2\/pages\/744\/revisions"}],"wp:attachment":[{"href":"https:\/\/www.fenaco-gof.ch\/fr\/wp-json\/wp\/v2\/media?parent=744"}],"curies":[{"name":"wp","href":"https:\/\/api.w.org\/{rel}","templated":true}]}}